{"id":4962,"date":"2020-10-01T16:01:57","date_gmt":"2020-10-01T14:01:57","guid":{"rendered":"https:\/\/lindemannsilikon.de\/nadrukiem\/"},"modified":"2025-03-02T11:55:10","modified_gmt":"2025-03-02T10:55:10","slug":"nadrukiem","status":"publish","type":"page","link":"https:\/\/lindemannsilikon.de\/pl\/nadrukiem\/","title":{"rendered":"informacje prawne"},"content":{"rendered":"\t\t<div data-elementor-type=\"wp-page\" data-elementor-id=\"4962\" class=\"elementor elementor-4962 elementor-2097\" data-elementor-post-type=\"page\">\n\t\t\t\t\t\t<section class=\"elementor-section elementor-top-section elementor-element elementor-element-0f25922 elementor-section-stretched elementor-section-full_width elementor-section-height-default elementor-section-height-default\" data-id=\"0f25922\" data-element_type=\"section\" data-settings=\"{&quot;stretch_section&quot;:&quot;section-stretched&quot;}\">\n\t\t\t\t\t\t<div class=\"elementor-container elementor-column-gap-no\">\n\t\t\t\t\t<div class=\"elementor-column elementor-col-100 elementor-top-column elementor-element elementor-element-12f784e\" data-id=\"12f784e\" data-element_type=\"column\">\n\t\t\t<div class=\"elementor-widget-wrap elementor-element-populated\">\n\t\t\t\t\t\t<div class=\"elementor-element elementor-element-1fb88e0 elementor--h-position-center elementor--v-position-middle elementor-arrows-position-inside elementor-pagination-position-inside elementor-widget elementor-widget-slides\" data-id=\"1fb88e0\" data-element_type=\"widget\" data-settings=\"{&quot;navigation&quot;:&quot;both&quot;,&quot;autoplay&quot;:&quot;yes&quot;,&quot;pause_on_hover&quot;:&quot;yes&quot;,&quot;pause_on_interaction&quot;:&quot;yes&quot;,&quot;autoplay_speed&quot;:5000,&quot;infinite&quot;:&quot;yes&quot;,&quot;transition&quot;:&quot;slide&quot;,&quot;transition_speed&quot;:500}\" data-widget_type=\"slides.default\">\n\t\t\t\t<div class=\"elementor-widget-container\">\n\t\t\t\t\t\t\t\t\t<div class=\"elementor-swiper\">\n\t\t\t\t\t<div class=\"elementor-slides-wrapper elementor-main-swiper swiper\" role=\"region\" aria-roledescription=\"carousel\" aria-label=\"Slider\" dir=\"ltr\" data-animation=\"fadeInUp\">\n\t\t\t\t<div class=\"swiper-wrapper elementor-slides\">\n\t\t\t\t\t\t\t\t\t\t<div class=\"elementor-repeater-item-34656ae swiper-slide\" role=\"group\" aria-roledescription=\"slide\"><div class=\"swiper-slide-bg\" role=\"img\" aria-label=\"silikonschlaeuche-und-schnuere-lindemann-silikon\"><\/div><div class=\"swiper-slide-inner\" ><div class=\"swiper-slide-contents\"><div class=\"elementor-slide-heading\">Lindemann Silikon GmbH Co.KG<\/div><div class=\"elementor-slide-description\"><p>Tw\u00f3j <b>specjalista<\/b> w silikonie<\/p>\n<\/div><a href=\"https:\/\/lindemannsilikon.de\/pl\/kontakt\/\" class=\"elementor-button elementor-slide-button elementor-size-sm\">Skontaktuj si\u0119 teraz<\/a><\/div><\/div><\/div>\t\t\t\t<\/div>\n\t\t\t\t\t\t\t<\/div>\n\t\t\t\t<\/div>\n\t\t\t\t\t\t\t\t<\/div>\n\t\t\t\t<\/div>\n\t\t\t\t\t<\/div>\n\t\t<\/div>\n\t\t\t\t\t<\/div>\n\t\t<\/section>\n\t\t\t\t<section class=\"elementor-section elementor-top-section elementor-element elementor-element-4fd1dfe elementor-section-stretched elementor-section-full_width elementor-section-height-default elementor-section-height-default\" data-id=\"4fd1dfe\" data-element_type=\"section\" data-settings=\"{&quot;stretch_section&quot;:&quot;section-stretched&quot;}\">\n\t\t\t\t\t\t<div class=\"elementor-container elementor-column-gap-no\">\n\t\t\t\t\t<div class=\"elementor-column elementor-col-100 elementor-top-column elementor-element elementor-element-1317276\" data-id=\"1317276\" data-element_type=\"column\">\n\t\t\t<div class=\"elementor-widget-wrap elementor-element-populated\">\n\t\t\t\t\t\t<div class=\"elementor-element elementor-element-35ed4cd elementor-widget-divider--separator-type-pattern elementor-widget-divider--view-line elementor-widget elementor-widget-divider\" data-id=\"35ed4cd\" data-element_type=\"widget\" data-widget_type=\"divider.default\">\n\t\t\t\t<div class=\"elementor-widget-container\">\n\t\t\t\t\t\t\t<div class=\"elementor-divider\" style=\"--divider-pattern-url: url(&quot;data:image\/svg+xml,%3Csvg xmlns=&#039;http:\/\/www.w3.org\/2000\/svg&#039; preserveAspectRatio=&#039;none&#039; overflow=&#039;visible&#039; height=&#039;100%&#039; viewBox=&#039;0 0 20 16&#039; fill=&#039;none&#039; stroke=&#039;black&#039; stroke-width=&#039;3&#039; stroke-linecap=&#039;square&#039; stroke-miterlimit=&#039;10&#039;%3E%3Cg transform=&#039;translate(-12.000000, 0)&#039;%3E%3Cpath d=&#039;M28,0L10,18&#039;\/%3E%3Cpath d=&#039;M18,0L0,18&#039;\/%3E%3Cpath d=&#039;M48,0L30,18&#039;\/%3E%3Cpath d=&#039;M38,0L20,18&#039;\/%3E%3C\/g%3E%3C\/svg%3E&quot;);\">\n\t\t\t<span class=\"elementor-divider-separator\">\n\t\t\t\t\t\t<\/span>\n\t\t<\/div>\n\t\t\t\t\t\t<\/div>\n\t\t\t\t<\/div>\n\t\t\t\t\t<\/div>\n\t\t<\/div>\n\t\t\t\t\t<\/div>\n\t\t<\/section>\n\t\t\t\t<section class=\"elementor-section elementor-top-section elementor-element elementor-element-08cf3e0 elementor-section-boxed elementor-section-height-default elementor-section-height-default\" data-id=\"08cf3e0\" data-element_type=\"section\">\n\t\t\t\t\t\t<div class=\"elementor-container elementor-column-gap-default\">\n\t\t\t\t\t<div class=\"elementor-column elementor-col-33 elementor-top-column elementor-element elementor-element-56232e1\" data-id=\"56232e1\" data-element_type=\"column\">\n\t\t\t<div class=\"elementor-widget-wrap elementor-element-populated\">\n\t\t\t\t\t\t<div class=\"elementor-element elementor-element-d468b95 elementor-hidden-phone elementor-widget elementor-widget-heading\" data-id=\"d468b95\" data-element_type=\"widget\" data-widget_type=\"heading.default\">\n\t\t\t\t<div class=\"elementor-widget-container\">\n\t\t\t\t\t<h2 class=\"elementor-heading-title elementor-size-default\"><h3 class=\"simple-title borderline-title\"><span style=\"padding-bottom: 5px\">Firmy<\/span><\/h3><\/h2>\t\t\t\t<\/div>\n\t\t\t\t<\/div>\n\t\t\t\t<div class=\"elementor-element elementor-element-d9f6e75 elementor-hidden-phone elementor-widget elementor-widget-text-editor\" data-id=\"d9f6e75\" data-element_type=\"widget\" data-widget_type=\"text-editor.default\">\n\t\t\t\t<div class=\"elementor-widget-container\">\n\t\t\t\t\t\t\t\t\t<p><a href=\"https:\/\/lindemannsilikon.de\/pl\/portret-firmy\/\">Portret firmy <span style=\"color: #f46e6e;\">\u00bb<\/span><\/a><\/p>\n\t\t\t\t\t\t\t\t<\/div>\n\t\t\t\t<\/div>\n\t\t\t\t<div class=\"elementor-element elementor-element-1ce54a8 elementor-hidden-phone elementor-widget elementor-widget-heading\" data-id=\"1ce54a8\" data-element_type=\"widget\" data-widget_type=\"heading.default\">\n\t\t\t\t<div class=\"elementor-widget-container\">\n\t\t\t\t\t<h2 class=\"elementor-heading-title elementor-size-default\"><h3 class=\"simple-title borderline-title\"><span style=\"padding-bottom: 5px\">Produktu<\/span><\/h3><\/h2>\t\t\t\t<\/div>\n\t\t\t\t<\/div>\n\t\t\t\t<div class=\"elementor-element elementor-element-e3a6d84 elementor-hidden-phone elementor-widget elementor-widget-text-editor\" data-id=\"e3a6d84\" data-element_type=\"widget\" data-widget_type=\"text-editor.default\">\n\t\t\t\t<div class=\"elementor-widget-container\">\n\t\t\t\t\t\t\t\t\t<p><a href=\"https:\/\/lindemannsilikon.de\/pl\/weze-silikonowe\/\">W\u0119\u017ce silikonowe <span style=\"color: #f46e6e;\">\u00bb<\/span><\/a><\/p>\n\t\t\t\t\t\t\t\t<\/div>\n\t\t\t\t<\/div>\n\t\t\t\t<div class=\"elementor-element elementor-element-075f725 elementor-hidden-phone elementor-widget elementor-widget-text-editor\" data-id=\"075f725\" data-element_type=\"widget\" data-widget_type=\"text-editor.default\">\n\t\t\t\t<div class=\"elementor-widget-container\">\n\t\t\t\t\t\t\t\t\t<p><a href=\"https:\/\/lindemannsilikon.de\/pl\/weze-z-tkaniny-silikonowej\/\">W\u0119\u017ce z tkaniny silikonowej <span style=\"color: #f46e6e;\">\u00bb<\/span><\/a><\/p>\n\t\t\t\t\t\t\t\t<\/div>\n\t\t\t\t<\/div>\n\t\t\t\t<div class=\"elementor-element elementor-element-43c00f5 elementor-hidden-phone elementor-widget elementor-widget-text-editor\" data-id=\"43c00f5\" data-element_type=\"widget\" data-widget_type=\"text-editor.default\">\n\t\t\t\t<div class=\"elementor-widget-container\">\n\t\t\t\t\t\t\t\t\t<p><a href=\"https:\/\/lindemannsilikon.de\/pl\/profile-silikonowe\/\">Profile silikonowe <span style=\"color: #f46e6e;\">\u00bb<\/span><\/a><\/p>\n\t\t\t\t\t\t\t\t<\/div>\n\t\t\t\t<\/div>\n\t\t\t\t<div class=\"elementor-element elementor-element-b62f923 elementor-hidden-phone elementor-widget elementor-widget-text-editor\" data-id=\"b62f923\" data-element_type=\"widget\" data-widget_type=\"text-editor.default\">\n\t\t\t\t<div class=\"elementor-widget-container\">\n\t\t\t\t\t\t\t\t\t<p><a href=\"https:\/\/lindemannsilikon.de\/pl\/czesci-formowane-silikonem\/\"> Silikonowe cz\u0119\u015bci formowane <span style=\"color: #f46e6e;\">\u00bb<\/span><\/a><\/p>\t\t\t\t\t\t\t\t<\/div>\n\t\t\t\t<\/div>\n\t\t\t\t<div class=\"elementor-element elementor-element-040beac elementor-hidden-phone elementor-widget elementor-widget-text-editor\" data-id=\"040beac\" data-element_type=\"widget\" data-widget_type=\"text-editor.default\">\n\t\t\t\t<div class=\"elementor-widget-container\">\n\t\t\t\t\t\t\t\t\t<p><a href=\"https:\/\/lindemannsilikon.de\/silikon-konfektionierung\/\">konfekcjonowanie<span style=\"color: #f46e6e;\">\u00bb<\/span><\/a><\/p>\n\t\t\t\t\t\t\t\t<\/div>\n\t\t\t\t<\/div>\n\t\t\t\t<div class=\"elementor-element elementor-element-918db29 elementor-hidden-phone elementor-widget elementor-widget-text-editor\" data-id=\"918db29\" data-element_type=\"widget\" data-widget_type=\"text-editor.default\">\n\t\t\t\t<div class=\"elementor-widget-container\">\n\t\t\t\t\t\t\t\t\t<p><a href=\"https:\/\/lindemannsilikon.de\/pl\/silikonowy-waz-do-goracego-powietrza\/\">Silikon-Hei\u00dfluftschl\u00e4uche <span style=\"color: #f46e6e;\">\u00bb<\/span><\/a><\/p>\n\t\t\t\t\t\t\t\t<\/div>\n\t\t\t\t<\/div>\n\t\t\t\t<div class=\"elementor-element elementor-element-c965d26 elementor-widget elementor-widget-spacer\" data-id=\"c965d26\" data-element_type=\"widget\" data-widget_type=\"spacer.default\">\n\t\t\t\t<div class=\"elementor-widget-container\">\n\t\t\t\t\t\t\t<div class=\"elementor-spacer\">\n\t\t\t<div class=\"elementor-spacer-inner\"><\/div>\n\t\t<\/div>\n\t\t\t\t\t\t<\/div>\n\t\t\t\t<\/div>\n\t\t\t\t<div class=\"elementor-element elementor-element-fc563a3 elementor-hidden-phone elementor-widget elementor-widget-heading\" data-id=\"fc563a3\" data-element_type=\"widget\" data-widget_type=\"heading.default\">\n\t\t\t\t<div class=\"elementor-widget-container\">\n\t\t\t\t\t<h2 class=\"elementor-heading-title elementor-size-default\"><h3 class=\"simple-title borderline-title\"><span style=\"padding-bottom: 5px\">Materia\u0142y<\/span><\/h3><\/h2>\t\t\t\t<\/div>\n\t\t\t\t<\/div>\n\t\t\t\t<div class=\"elementor-element elementor-element-a7a76f8 elementor-hidden-phone elementor-widget elementor-widget-text-editor\" data-id=\"a7a76f8\" data-element_type=\"widget\" data-widget_type=\"text-editor.default\">\n\t\t\t\t<div class=\"elementor-widget-container\">\n\t\t\t\t\t\t\t\t\t<p><a href=\"https:\/\/lindemannsilikon.de\/pl\/przeglad-materialow\/\"> Przegl\u0105d materia\u0142\u00f3w <span style=\"color: #f46e6e;\">\u00bb<\/span><\/a><\/p>\n\t\t\t\t\t\t\t\t<\/div>\n\t\t\t\t<\/div>\n\t\t\t\t<div class=\"elementor-element elementor-element-c76b6fd elementor-hidden-phone elementor-widget elementor-widget-text-editor\" data-id=\"c76b6fd\" data-element_type=\"widget\" data-widget_type=\"text-editor.default\">\n\t\t\t\t<div class=\"elementor-widget-container\">\n\t\t\t\t\t\t\t\t\t<p><a href=\"https:\/\/lindemannsilikon.de\/pl\/material\/\"> W\u0142a\u015bciwo\u015bci materia\u0142u <span style=\"color: #f46e6e;\">\u00bb<\/span><\/a><\/p>\n\t\t\t\t\t\t\t\t<\/div>\n\t\t\t\t<\/div>\n\t\t\t\t<div class=\"elementor-element elementor-element-f955332 elementor-hidden-phone elementor-widget elementor-widget-text-editor\" data-id=\"f955332\" data-element_type=\"widget\" data-widget_type=\"text-editor.default\">\n\t\t\t\t<div class=\"elementor-widget-container\">\n\t\t\t\t\t\t\t\t\t<p><a href=\"https:\/\/lindemannsilikon.de\/pl\/jakosci\/\"> Zarz\u0105dzanie jako\u015bci\u0105 <span style=\"color: #f46e6e;\">\u00bb<\/span><\/a><\/p>\n\t\t\t\t\t\t\t\t<\/div>\n\t\t\t\t<\/div>\n\t\t\t\t\t<\/div>\n\t\t<\/div>\n\t\t\t\t<div class=\"elementor-column elementor-col-66 elementor-top-column elementor-element elementor-element-eda8696\" data-id=\"eda8696\" data-element_type=\"column\">\n\t\t\t<div class=\"elementor-widget-wrap elementor-element-populated\">\n\t\t\t\t\t\t<div class=\"elementor-element elementor-element-e10b1e4 elementor-widget elementor-widget-heading\" data-id=\"e10b1e4\" data-element_type=\"widget\" data-widget_type=\"heading.default\">\n\t\t\t\t<div class=\"elementor-widget-container\">\n\t\t\t\t\t<h2 class=\"elementor-heading-title elementor-size-default\">Informacje prawne<\/h2>\t\t\t\t<\/div>\n\t\t\t\t<\/div>\n\t\t\t\t<div class=\"elementor-element elementor-element-e7df216 elementor-widget elementor-widget-text-editor\" data-id=\"e7df216\" data-element_type=\"widget\" data-widget_type=\"text-editor.default\">\n\t\t\t\t<div class=\"elementor-widget-container\">\n\t\t\t\t\t\t\t\t\t<p><strong>Lindemann Silikon GmbH Co.KG<\/strong><\/p>\n<p>Dieselstr. 12<br \/>38350 Helmstedt<\/p>\n<p>Telefon +49 (0) 5351 \/ 544 580<br \/>Faks +49 (0) 5351 \/ 544 580 9<\/p>\n<p>info@lindemannsilikon.de<br \/>https:\/\/lindemannsilikon.de<\/p>\n<p><strong>Dyrektor<\/strong><br \/>Jan Lindemann<br \/>Ben Lindemann<\/p>\n<p><strong>Wpis rejestracji<\/strong><br \/>Rejestracja w rejestrze handlowym<br \/>S\u0105d rejestrowy: S\u0105d Rejonowy Braunschweig<br \/>Numer rejestru: HRA 202481<\/p>\n<p><strong>Identyfikator VAT<\/strong><br \/>Numer identyfikacyjny podatku od warto\u015bci dodanej zgodnie z sekcj\u0105 27 a ustawy o podatku od warto\u015bci dodanej: DE 333444951<\/p>\n<p><strong>Zastrze\u017cenie<\/strong><br \/>Informacje na tych stronach zosta\u0142y zebrane zgodnie z nasz\u0105 najlepsz\u0105 wiedz\u0105, ale odpowiedzialno\u015b\u0107 za jakiekolwiek w\u0142a\u015bciwo\u015bci materia\u0142owe z dostaw nie mo\u017ce wynika\u0107 z zawarto\u015bci tej strony internetowej. Jako us\u0142ugodawca jeste\u015bmy zobowi\u0105zani do przestrzegania \u00a7 7 ust. TMG ponosi odpowiedzialno\u015b\u0107 za w\u0142asne tre\u015bci na tych stronach zgodnie z og\u00f3lnymi przepisami prawa. Jednak zgodnie z sekcjami 8\u201310 TMG my jako us\u0142ugodawca nie jeste\u015bmy zobowi\u0105zani do monitorowania przekazywanych lub przechowywanych informacji os\u00f3b trzecich ani do badania okoliczno\u015bci wskazuj\u0105cych na nielegaln\u0105 dzia\u0142alno\u015b\u0107. Zobowi\u0105zania do usuni\u0119cia lub zablokowania wykorzystania informacji zgodnie z og\u00f3lnymi przepisami pozostaj\u0105 nienaruszone. Jednak\u017ce odpowiedzialno\u015b\u0107 w tym zakresie jest mo\u017cliwa dopiero od momentu poznania konkretnego naruszenia. Je\u015bli dowiemy si\u0119 o takich naruszeniach, natychmiast usuniemy te tre\u015bci.<\/p>\n<p><strong>Prawa autorskie<\/strong><br \/>Tre\u015bci i prace stworzone przez operator\u00f3w witryn na tych stronach podlegaj\u0105 niemieckiemu prawu autorskiemu. Powielanie, edycja, rozpowszechnianie i wszelkiego rodzaju wykorzystywanie poza granicami praw autorskich wymaga pisemnej zgody odpowiedniego autora lub tw\u00f3rcy. Pliki do pobrania i kopie tej strony s\u0105 dozwolone wy\u0142\u0105cznie do u\u017cytku prywatnego, niekomercyjnego. W zakresie, w jakim tre\u015bci na tej stronie nie zosta\u0142y stworzone przez operatora, prawa autorskie os\u00f3b trzecich s\u0105 przestrzegane. W szczeg\u00f3lno\u015bci tre\u015bci os\u00f3b trzecich s\u0105 oznaczone jako takie. Je\u015bli jednak dowiesz si\u0119 o naruszeniu praw autorskich, nale\u017cy o tym pami\u0119ta\u0107. Je\u015bli dowiemy si\u0119 o jakichkolwiek naruszeniach, natychmiast usuniemy takie tre\u015bci.<\/p>\n<p><strong>odpowiedzialny w rozumieniu prawa prasowego<\/strong><br \/>Lindemann Silikon GmbH Co.KG<\/p>\n\t\t\t\t\t\t\t\t<\/div>\n\t\t\t\t<\/div>\n\t\t\t\t\t<\/div>\n\t\t<\/div>\n\t\t\t\t\t<\/div>\n\t\t<\/section>\n\t\t\t\t<\/div>\n\t\t","protected":false},"excerpt":{"rendered":"<p>Lindemann Silikon GmbH Co.KG Tw\u00f3j specjalista w silikonie Skontaktuj si\u0119 teraz Firmy Portret firmy \u00bb Produktu W\u0119\u017ce silikonowe \u00bb W\u0119\u017ce z tkaniny silikonowej \u00bb Profile silikonowe \u00bb Silikonowe cz\u0119\u015bci formowane \u00bb konfekcjonowanie\u00bb Silikon-Hei\u00dfluftschl\u00e4uche \u00bb Materia\u0142y Przegl\u0105d materia\u0142\u00f3w \u00bb W\u0142a\u015bciwo\u015bci materia\u0142u \u00bb Zarz\u0105dzanie jako\u015bci\u0105 \u00bb Informacje prawne Lindemann Silikon GmbH Co.KG Dieselstr. 1238350 Helmstedt Telefon +49&hellip;<\/p>\n","protected":false},"author":8,"featured_media":0,"parent":0,"menu_order":20,"comment_status":"closed","ping_status":"closed","template":"","meta":{"footnotes":""},"class_list":["post-4962","page","type-page","status-publish","hentry"],"yoast_head":"<!-- This site is optimized with the Yoast SEO Premium plugin v26.4 (Yoast SEO v27.3) - https:\/\/yoast.com\/product\/yoast-seo-premium-wordpress\/ -->\n<title>informacje prawne | Lindemann Silikon | Lindemann Silikon GmbH Co.KG<\/title>\n<meta name=\"description\" content=\"informacje prawne | Lindemann Silikon | Lindemann Silikon GmbH Co.KG\" \/>\n<meta name=\"robots\" content=\"noindex, follow\" \/>\n<meta property=\"og:locale\" content=\"pl_PL\" \/>\n<meta property=\"og:type\" content=\"article\" \/>\n<meta property=\"og:title\" content=\"informacje prawne\" \/>\n<meta property=\"og:description\" content=\"informacje prawne | Lindemann Silikon | Lindemann Silikon GmbH Co.KG\" \/>\n<meta property=\"og:url\" content=\"https:\/\/lindemannsilikon.de\/pl\/nadrukiem\/\" \/>\n<meta property=\"og:site_name\" content=\"Lindemann Silikon\" \/>\n<meta property=\"article:modified_time\" content=\"2025-03-02T10:55:10+00:00\" \/>\n<meta name=\"twitter:card\" content=\"summary_large_image\" \/>\n<meta name=\"twitter:label1\" content=\"Szacowany czas czytania\" \/>\n\t<meta name=\"twitter:data1\" content=\"2 minuty\" \/>\n<script type=\"application\/ld+json\" class=\"yoast-schema-graph\">{\"@context\":\"https:\\\/\\\/schema.org\",\"@graph\":[{\"@type\":\"WebPage\",\"@id\":\"https:\\\/\\\/lindemannsilikon.de\\\/pl\\\/nadrukiem\\\/\",\"url\":\"https:\\\/\\\/lindemannsilikon.de\\\/pl\\\/nadrukiem\\\/\",\"name\":\"informacje prawne | Lindemann Silikon | Lindemann Silikon GmbH Co.KG\",\"isPartOf\":{\"@id\":\"https:\\\/\\\/lindemannsilikon.de\\\/#website\"},\"datePublished\":\"2020-10-01T14:01:57+00:00\",\"dateModified\":\"2025-03-02T10:55:10+00:00\",\"description\":\"informacje prawne | Lindemann Silikon | Lindemann Silikon GmbH Co.KG\",\"breadcrumb\":{\"@id\":\"https:\\\/\\\/lindemannsilikon.de\\\/pl\\\/nadrukiem\\\/#breadcrumb\"},\"inLanguage\":\"pl-PL\",\"potentialAction\":[{\"@type\":\"ReadAction\",\"target\":[\"https:\\\/\\\/lindemannsilikon.de\\\/pl\\\/nadrukiem\\\/\"]}]},{\"@type\":\"BreadcrumbList\",\"@id\":\"https:\\\/\\\/lindemannsilikon.de\\\/pl\\\/nadrukiem\\\/#breadcrumb\",\"itemListElement\":[{\"@type\":\"ListItem\",\"position\":1,\"name\":\"Startseite\",\"item\":\"https:\\\/\\\/lindemannsilikon.de\\\/pl\\\/\"},{\"@type\":\"ListItem\",\"position\":2,\"name\":\"informacje prawne\"}]},{\"@type\":\"WebSite\",\"@id\":\"https:\\\/\\\/lindemannsilikon.de\\\/#website\",\"url\":\"https:\\\/\\\/lindemannsilikon.de\\\/\",\"name\":\"Lindemann Silikon\",\"description\":\"Silikonhersteller aus Deutschland\",\"publisher\":{\"@id\":\"https:\\\/\\\/lindemannsilikon.de\\\/#organization\"},\"potentialAction\":[{\"@type\":\"SearchAction\",\"target\":{\"@type\":\"EntryPoint\",\"urlTemplate\":\"https:\\\/\\\/lindemannsilikon.de\\\/?s={search_term_string}\"},\"query-input\":{\"@type\":\"PropertyValueSpecification\",\"valueRequired\":true,\"valueName\":\"search_term_string\"}}],\"inLanguage\":\"pl-PL\"},{\"@type\":\"Organization\",\"@id\":\"https:\\\/\\\/lindemannsilikon.de\\\/#organization\",\"name\":\"Lindemann Silikon\",\"url\":\"https:\\\/\\\/lindemannsilikon.de\\\/\",\"logo\":{\"@type\":\"ImageObject\",\"inLanguage\":\"pl-PL\",\"@id\":\"https:\\\/\\\/lindemannsilikon.de\\\/#\\\/schema\\\/logo\\\/image\\\/\",\"url\":\"https:\\\/\\\/lindemannsilikon.de\\\/wp-content\\\/uploads\\\/2020\\\/04\\\/logo_black.png\",\"contentUrl\":\"https:\\\/\\\/lindemannsilikon.de\\\/wp-content\\\/uploads\\\/2020\\\/04\\\/logo_black.png\",\"width\":101,\"height\":43,\"caption\":\"Lindemann Silikon\"},\"image\":{\"@id\":\"https:\\\/\\\/lindemannsilikon.de\\\/#\\\/schema\\\/logo\\\/image\\\/\"},\"sameAs\":[\"https:\\\/\\\/www.linkedin.com\\\/company\\\/lindemannsilikon\"]}]}<\/script>\n<!-- \/ Yoast SEO Premium plugin. -->","yoast_head_json":{"title":"informacje prawne | Lindemann Silikon | Lindemann Silikon GmbH Co.KG","description":"informacje prawne | Lindemann Silikon | Lindemann Silikon GmbH Co.KG","robots":{"index":"noindex","follow":"follow"},"og_locale":"pl_PL","og_type":"article","og_title":"informacje prawne","og_description":"informacje prawne | Lindemann Silikon | Lindemann Silikon GmbH Co.KG","og_url":"https:\/\/lindemannsilikon.de\/pl\/nadrukiem\/","og_site_name":"Lindemann Silikon","article_modified_time":"2025-03-02T10:55:10+00:00","twitter_card":"summary_large_image","twitter_misc":{"Szacowany czas czytania":"2 minuty"},"schema":{"@context":"https:\/\/schema.org","@graph":[{"@type":"WebPage","@id":"https:\/\/lindemannsilikon.de\/pl\/nadrukiem\/","url":"https:\/\/lindemannsilikon.de\/pl\/nadrukiem\/","name":"informacje prawne | Lindemann Silikon | Lindemann Silikon GmbH Co.KG","isPartOf":{"@id":"https:\/\/lindemannsilikon.de\/#website"},"datePublished":"2020-10-01T14:01:57+00:00","dateModified":"2025-03-02T10:55:10+00:00","description":"informacje prawne | Lindemann Silikon | Lindemann Silikon GmbH Co.KG","breadcrumb":{"@id":"https:\/\/lindemannsilikon.de\/pl\/nadrukiem\/#breadcrumb"},"inLanguage":"pl-PL","potentialAction":[{"@type":"ReadAction","target":["https:\/\/lindemannsilikon.de\/pl\/nadrukiem\/"]}]},{"@type":"BreadcrumbList","@id":"https:\/\/lindemannsilikon.de\/pl\/nadrukiem\/#breadcrumb","itemListElement":[{"@type":"ListItem","position":1,"name":"Startseite","item":"https:\/\/lindemannsilikon.de\/pl\/"},{"@type":"ListItem","position":2,"name":"informacje prawne"}]},{"@type":"WebSite","@id":"https:\/\/lindemannsilikon.de\/#website","url":"https:\/\/lindemannsilikon.de\/","name":"Lindemann Silikon","description":"Silikonhersteller aus Deutschland","publisher":{"@id":"https:\/\/lindemannsilikon.de\/#organization"},"potentialAction":[{"@type":"SearchAction","target":{"@type":"EntryPoint","urlTemplate":"https:\/\/lindemannsilikon.de\/?s={search_term_string}"},"query-input":{"@type":"PropertyValueSpecification","valueRequired":true,"valueName":"search_term_string"}}],"inLanguage":"pl-PL"},{"@type":"Organization","@id":"https:\/\/lindemannsilikon.de\/#organization","name":"Lindemann Silikon","url":"https:\/\/lindemannsilikon.de\/","logo":{"@type":"ImageObject","inLanguage":"pl-PL","@id":"https:\/\/lindemannsilikon.de\/#\/schema\/logo\/image\/","url":"https:\/\/lindemannsilikon.de\/wp-content\/uploads\/2020\/04\/logo_black.png","contentUrl":"https:\/\/lindemannsilikon.de\/wp-content\/uploads\/2020\/04\/logo_black.png","width":101,"height":43,"caption":"Lindemann Silikon"},"image":{"@id":"https:\/\/lindemannsilikon.de\/#\/schema\/logo\/image\/"},"sameAs":["https:\/\/www.linkedin.com\/company\/lindemannsilikon"]}]}},"_links":{"self":[{"href":"https:\/\/lindemannsilikon.de\/pl\/wp-json\/wp\/v2\/pages\/4962","targetHints":{"allow":["GET"]}}],"collection":[{"href":"https:\/\/lindemannsilikon.de\/pl\/wp-json\/wp\/v2\/pages"}],"about":[{"href":"https:\/\/lindemannsilikon.de\/pl\/wp-json\/wp\/v2\/types\/page"}],"author":[{"embeddable":true,"href":"https:\/\/lindemannsilikon.de\/pl\/wp-json\/wp\/v2\/users\/8"}],"replies":[{"embeddable":true,"href":"https:\/\/lindemannsilikon.de\/pl\/wp-json\/wp\/v2\/comments?post=4962"}],"version-history":[{"count":13,"href":"https:\/\/lindemannsilikon.de\/pl\/wp-json\/wp\/v2\/pages\/4962\/revisions"}],"predecessor-version":[{"id":15887,"href":"https:\/\/lindemannsilikon.de\/pl\/wp-json\/wp\/v2\/pages\/4962\/revisions\/15887"}],"wp:attachment":[{"href":"https:\/\/lindemannsilikon.de\/pl\/wp-json\/wp\/v2\/media?parent=4962"}],"curies":[{"name":"wp","href":"https:\/\/api.w.org\/{rel}","templated":true}]}}