{"id":3180,"date":"2020-09-04T12:31:52","date_gmt":"2020-09-04T10:31:52","guid":{"rendered":"https:\/\/lindemannsilikon.de\/impronta\/"},"modified":"2023-10-10T10:54:37","modified_gmt":"2023-10-10T08:54:37","slug":"impronta","status":"publish","type":"page","link":"https:\/\/lindemannsilikon.de\/it\/impronta\/","title":{"rendered":"Impronta"},"content":{"rendered":"\t\t<div data-elementor-type=\"wp-page\" data-elementor-id=\"3180\" class=\"elementor elementor-3180 elementor-2097\" data-elementor-post-type=\"page\">\n\t\t\t\t\t\t<section class=\"elementor-section elementor-top-section elementor-element elementor-element-0f25922 elementor-section-stretched elementor-section-full_width elementor-section-height-default elementor-section-height-default\" data-id=\"0f25922\" data-element_type=\"section\" data-settings=\"{&quot;stretch_section&quot;:&quot;section-stretched&quot;}\">\n\t\t\t\t\t\t<div class=\"elementor-container elementor-column-gap-no\">\n\t\t\t\t\t<div class=\"elementor-column elementor-col-100 elementor-top-column elementor-element elementor-element-12f784e\" data-id=\"12f784e\" data-element_type=\"column\">\n\t\t\t<div class=\"elementor-widget-wrap elementor-element-populated\">\n\t\t\t\t\t\t<div class=\"elementor-element elementor-element-1fb88e0 elementor--h-position-center elementor--v-position-middle elementor-arrows-position-inside elementor-pagination-position-inside elementor-widget elementor-widget-slides\" data-id=\"1fb88e0\" data-element_type=\"widget\" data-settings=\"{&quot;navigation&quot;:&quot;both&quot;,&quot;autoplay&quot;:&quot;yes&quot;,&quot;pause_on_hover&quot;:&quot;yes&quot;,&quot;pause_on_interaction&quot;:&quot;yes&quot;,&quot;autoplay_speed&quot;:5000,&quot;infinite&quot;:&quot;yes&quot;,&quot;transition&quot;:&quot;slide&quot;,&quot;transition_speed&quot;:500}\" data-widget_type=\"slides.default\">\n\t\t\t\t<div class=\"elementor-widget-container\">\n\t\t\t\t\t\t\t\t\t<div class=\"elementor-swiper\">\n\t\t\t\t\t<div class=\"elementor-slides-wrapper elementor-main-swiper swiper\" role=\"region\" aria-roledescription=\"carousel\" aria-label=\"Slides\" dir=\"ltr\" data-animation=\"fadeInUp\">\n\t\t\t\t<div class=\"swiper-wrapper elementor-slides\">\n\t\t\t\t\t\t\t\t\t\t<div class=\"elementor-repeater-item-34656ae swiper-slide\" role=\"group\" aria-roledescription=\"slide\"><div class=\"swiper-slide-bg\" role=\"img\" aria-label=\"silikonschlaeuche-und-schnuere-lindemann-silikon\"><\/div><div class=\"swiper-slide-inner\" ><div class=\"swiper-slide-contents\"><div class=\"elementor-slide-heading\">Lindemann Silikon GmbH Co.KG<\/div><div class=\"elementor-slide-description\"><p>Il <b>tuo SPECIALISTA<\/b> in silicone<\/p>\n<\/div><a href=\"https:\/\/lindemannsilikon.de\/it\/contattare\/\" class=\"elementor-button elementor-slide-button elementor-size-sm\">Contattaci ora<\/a><\/div><\/div><\/div>\t\t\t\t<\/div>\n\t\t\t\t\t\t\t<\/div>\n\t\t\t\t<\/div>\n\t\t\t\t\t\t\t\t<\/div>\n\t\t\t\t<\/div>\n\t\t\t\t\t<\/div>\n\t\t<\/div>\n\t\t\t\t\t<\/div>\n\t\t<\/section>\n\t\t\t\t<section class=\"elementor-section elementor-top-section elementor-element elementor-element-4fd1dfe elementor-section-stretched elementor-section-full_width elementor-section-height-default elementor-section-height-default\" data-id=\"4fd1dfe\" data-element_type=\"section\" data-settings=\"{&quot;stretch_section&quot;:&quot;section-stretched&quot;}\">\n\t\t\t\t\t\t<div class=\"elementor-container elementor-column-gap-no\">\n\t\t\t\t\t<div class=\"elementor-column elementor-col-100 elementor-top-column elementor-element elementor-element-1317276\" data-id=\"1317276\" data-element_type=\"column\">\n\t\t\t<div class=\"elementor-widget-wrap elementor-element-populated\">\n\t\t\t\t\t\t<div class=\"elementor-element elementor-element-35ed4cd elementor-widget-divider--separator-type-pattern elementor-widget-divider--view-line elementor-widget elementor-widget-divider\" data-id=\"35ed4cd\" data-element_type=\"widget\" data-widget_type=\"divider.default\">\n\t\t\t\t<div class=\"elementor-widget-container\">\n\t\t\t\t\t\t\t<div class=\"elementor-divider\" style=\"--divider-pattern-url: url(&quot;data:image\/svg+xml,%3Csvg xmlns=&#039;http:\/\/www.w3.org\/2000\/svg&#039; preserveAspectRatio=&#039;none&#039; overflow=&#039;visible&#039; height=&#039;100%&#039; viewBox=&#039;0 0 20 16&#039; fill=&#039;none&#039; stroke=&#039;black&#039; stroke-width=&#039;3&#039; stroke-linecap=&#039;square&#039; stroke-miterlimit=&#039;10&#039;%3E%3Cg transform=&#039;translate(-12.000000, 0)&#039;%3E%3Cpath d=&#039;M28,0L10,18&#039;\/%3E%3Cpath d=&#039;M18,0L0,18&#039;\/%3E%3Cpath d=&#039;M48,0L30,18&#039;\/%3E%3Cpath d=&#039;M38,0L20,18&#039;\/%3E%3C\/g%3E%3C\/svg%3E&quot;);\">\n\t\t\t<span class=\"elementor-divider-separator\">\n\t\t\t\t\t\t<\/span>\n\t\t<\/div>\n\t\t\t\t\t\t<\/div>\n\t\t\t\t<\/div>\n\t\t\t\t\t<\/div>\n\t\t<\/div>\n\t\t\t\t\t<\/div>\n\t\t<\/section>\n\t\t\t\t<section class=\"elementor-section elementor-top-section elementor-element elementor-element-08cf3e0 elementor-section-boxed elementor-section-height-default elementor-section-height-default\" data-id=\"08cf3e0\" data-element_type=\"section\">\n\t\t\t\t\t\t<div class=\"elementor-container elementor-column-gap-default\">\n\t\t\t\t\t<div class=\"elementor-column elementor-col-33 elementor-top-column elementor-element elementor-element-56232e1\" data-id=\"56232e1\" data-element_type=\"column\">\n\t\t\t<div class=\"elementor-widget-wrap elementor-element-populated\">\n\t\t\t\t\t\t<div class=\"elementor-element elementor-element-d468b95 elementor-hidden-phone elementor-widget elementor-widget-heading\" data-id=\"d468b95\" data-element_type=\"widget\" data-widget_type=\"heading.default\">\n\t\t\t\t<div class=\"elementor-widget-container\">\n\t\t\t\t\t<h2 class=\"elementor-heading-title elementor-size-default\"><h3 class=\"simple-title borderline-title\"><span style=\"padding-bottom: 5px\">AZIENDA<\/span><\/h3><\/h2>\t\t\t\t<\/div>\n\t\t\t\t<\/div>\n\t\t\t\t<div class=\"elementor-element elementor-element-d9f6e75 elementor-hidden-phone elementor-widget elementor-widget-text-editor\" data-id=\"d9f6e75\" data-element_type=\"widget\" data-widget_type=\"text-editor.default\">\n\t\t\t\t<div class=\"elementor-widget-container\">\n\t\t\t\t\t\t\t\t\t<p><a href=\"https:\/\/lindemannsilikon.de\/it\/ritratto-aziendale\/\">Ritratto aziendale <span style=\"color: #f46e6e;\">\u00bb<\/span><\/a><\/p>\n\t\t\t\t\t\t\t\t<\/div>\n\t\t\t\t<\/div>\n\t\t\t\t<div class=\"elementor-element elementor-element-1ce54a8 elementor-hidden-phone elementor-widget elementor-widget-heading\" data-id=\"1ce54a8\" data-element_type=\"widget\" data-widget_type=\"heading.default\">\n\t\t\t\t<div class=\"elementor-widget-container\">\n\t\t\t\t\t<h2 class=\"elementor-heading-title elementor-size-default\"><h3 class=\"simple-title borderline-title\"><span style=\"padding-bottom: 5px\">PANORAMICA DEI PRODOTTI<\/span><\/h3><\/h2>\t\t\t\t<\/div>\n\t\t\t\t<\/div>\n\t\t\t\t<div class=\"elementor-element elementor-element-e3a6d84 elementor-hidden-phone elementor-widget elementor-widget-text-editor\" data-id=\"e3a6d84\" data-element_type=\"widget\" data-widget_type=\"text-editor.default\">\n\t\t\t\t<div class=\"elementor-widget-container\">\n\t\t\t\t\t\t\t\t\t<p><a href=\"https:\/\/lindemannsilikon.de\/it\/tubi-in-silicone\/\">Tubi in silicone <span style=\"color: #f46e6e;\">\u00bb<\/span><\/a><\/p>\n\t\t\t\t\t\t\t\t<\/div>\n\t\t\t\t<\/div>\n\t\t\t\t<div class=\"elementor-element elementor-element-075f725 elementor-hidden-phone elementor-widget elementor-widget-text-editor\" data-id=\"075f725\" data-element_type=\"widget\" data-widget_type=\"text-editor.default\">\n\t\t\t\t<div class=\"elementor-widget-container\">\n\t\t\t\t\t\t\t\t\t<p><a href=\"https:\/\/lindemannsilikon.de\/it\/tubi-in-tessuto-di-silicone\/\">Tubi in tessuto di silicone <span style=\"color: #f46e6e;\">\u00bb<\/span><\/a><\/p>\n\t\t\t\t\t\t\t\t<\/div>\n\t\t\t\t<\/div>\n\t\t\t\t<div class=\"elementor-element elementor-element-43c00f5 elementor-hidden-phone elementor-widget elementor-widget-text-editor\" data-id=\"43c00f5\" data-element_type=\"widget\" data-widget_type=\"text-editor.default\">\n\t\t\t\t<div class=\"elementor-widget-container\">\n\t\t\t\t\t\t\t\t\t<p><a href=\"https:\/\/lindemannsilikon.de\/it\/profili-in-silicone\/\">Profili in silicone <span style=\"color: #f46e6e;\">\u00bb<\/span><\/a><\/p>\n\t\t\t\t\t\t\t\t<\/div>\n\t\t\t\t<\/div>\n\t\t\t\t<div class=\"elementor-element elementor-element-b62f923 elementor-hidden-phone elementor-widget elementor-widget-text-editor\" data-id=\"b62f923\" data-element_type=\"widget\" data-widget_type=\"text-editor.default\">\n\t\t\t\t<div class=\"elementor-widget-container\">\n\t\t\t\t\t\t\t\t\t<p><a href=\"https:\/\/lindemannsilikon.de\/it\/parti-stampate-in-silicone\/\"> Parti stampate in silicone <span style=\"color: #f46e6e;\">\u00bb<\/span><\/a><\/p>\t\t\t\t\t\t\t\t<\/div>\n\t\t\t\t<\/div>\n\t\t\t\t<div class=\"elementor-element elementor-element-040beac elementor-hidden-phone elementor-widget elementor-widget-text-editor\" data-id=\"040beac\" data-element_type=\"widget\" data-widget_type=\"text-editor.default\">\n\t\t\t\t<div class=\"elementor-widget-container\">\n\t\t\t\t\t\t\t\t\t<p><a href=\"https:\/\/lindemannsilikon.de\/it\/confezione-in-silicone\/\">Confezione in silicone <span style=\"color: #f46e6e;\">\u00bb<\/span><\/a><\/p>\t\t\t\t\t\t\t\t<\/div>\n\t\t\t\t<\/div>\n\t\t\t\t<div class=\"elementor-element elementor-element-c965d26 elementor-widget elementor-widget-spacer\" data-id=\"c965d26\" data-element_type=\"widget\" data-widget_type=\"spacer.default\">\n\t\t\t\t<div class=\"elementor-widget-container\">\n\t\t\t\t\t\t\t<div class=\"elementor-spacer\">\n\t\t\t<div class=\"elementor-spacer-inner\"><\/div>\n\t\t<\/div>\n\t\t\t\t\t\t<\/div>\n\t\t\t\t<\/div>\n\t\t\t\t<div class=\"elementor-element elementor-element-fc563a3 elementor-hidden-phone elementor-widget elementor-widget-heading\" data-id=\"fc563a3\" data-element_type=\"widget\" data-widget_type=\"heading.default\">\n\t\t\t\t<div class=\"elementor-widget-container\">\n\t\t\t\t\t<h2 class=\"elementor-heading-title elementor-size-default\"><h3 class=\"simple-title borderline-title\"><span style=\"padding-bottom: 5px\">MATERIALI<\/span><\/h3><\/h2>\t\t\t\t<\/div>\n\t\t\t\t<\/div>\n\t\t\t\t<div class=\"elementor-element elementor-element-a7a76f8 elementor-hidden-phone elementor-widget elementor-widget-text-editor\" data-id=\"a7a76f8\" data-element_type=\"widget\" data-widget_type=\"text-editor.default\">\n\t\t\t\t<div class=\"elementor-widget-container\">\n\t\t\t\t\t\t\t\t\t<p><a href=\"https:\/\/lindemannsilikon.de\/it\/panoramica-dei-materiali\/\"> Panoramica dei materiali <span style=\"color: #f46e6e;\">\u00bb<\/span><\/a><\/p>\n\t\t\t\t\t\t\t\t<\/div>\n\t\t\t\t<\/div>\n\t\t\t\t<div class=\"elementor-element elementor-element-c76b6fd elementor-hidden-phone elementor-widget elementor-widget-text-editor\" data-id=\"c76b6fd\" data-element_type=\"widget\" data-widget_type=\"text-editor.default\">\n\t\t\t\t<div class=\"elementor-widget-container\">\n\t\t\t\t\t\t\t\t\t<p><a href=\"https:\/\/lindemannsilikon.de\/it\/proprieta-del-materiale\/\"> Propriet\u00e0 del materiale <span style=\"color: #f46e6e;\">\u00bb<\/span><\/a><\/p>\n\t\t\t\t\t\t\t\t<\/div>\n\t\t\t\t<\/div>\n\t\t\t\t<div class=\"elementor-element elementor-element-f955332 elementor-hidden-phone elementor-widget elementor-widget-text-editor\" data-id=\"f955332\" data-element_type=\"widget\" data-widget_type=\"text-editor.default\">\n\t\t\t\t<div class=\"elementor-widget-container\">\n\t\t\t\t\t\t\t\t\t<p><a href=\"https:\/\/lindemannsilikon.de\/it\/qualita\/\"> Qualita <span style=\"color: #f46e6e;\">\u00bb<\/span><\/a><\/p>\t\t\t\t\t\t\t\t<\/div>\n\t\t\t\t<\/div>\n\t\t\t\t\t<\/div>\n\t\t<\/div>\n\t\t\t\t<div class=\"elementor-column elementor-col-66 elementor-top-column elementor-element elementor-element-eda8696\" data-id=\"eda8696\" data-element_type=\"column\">\n\t\t\t<div class=\"elementor-widget-wrap elementor-element-populated\">\n\t\t\t\t\t\t<div class=\"elementor-element elementor-element-e10b1e4 elementor-widget elementor-widget-heading\" data-id=\"e10b1e4\" data-element_type=\"widget\" data-widget_type=\"heading.default\">\n\t\t\t\t<div class=\"elementor-widget-container\">\n\t\t\t\t\t<h2 class=\"elementor-heading-title elementor-size-default\">Impronta<\/h2>\t\t\t\t<\/div>\n\t\t\t\t<\/div>\n\t\t\t\t<div class=\"elementor-element elementor-element-e7df216 elementor-widget elementor-widget-text-editor\" data-id=\"e7df216\" data-element_type=\"widget\" data-widget_type=\"text-editor.default\">\n\t\t\t\t<div class=\"elementor-widget-container\">\n\t\t\t\t\t\t\t\t\t<p><strong>Lindemann Silikon GmbH Co.KG<\/strong><\/p>\n<p>Dieselstr. 12<br \/>38350 Helmstedt<\/p>\n<p>Telefono +49 (0) 5351 \/ 544 580<br \/>Fax +49 (0) 5351 \/ 544 580 9<\/p>\n<p>info@lindemannsilikon.de<br \/>https:\/\/lindemannsilikon.de<\/p>\n<p><strong>Direttore generale<\/strong><br \/>J\u00f6rg Lindemann<br \/>Jan Lindemann<br \/>Ben Lindemann<\/p>\n<p><strong>Registrazione<\/strong><br \/>Iscrizione nel registro di commercio<br \/>Registro tribunale: Tribunale locale Braunschweig<br \/>Numero di registrazione: HRA 202481<\/p>\n<p><strong>Imposta sul valore aggiunto ID<\/strong><br \/>Numero di identificazione dell&#8217;imposta sul valore aggiunto ai sensi della Sezione 27 a della legge sull&#8217;imposta sul valore aggiunto: DE 333 444 951<\/p>\n<p><strong>Disclaimer<\/strong><br \/>Le informazioni contenute in queste pagine sono state compilate al meglio delle nostre conoscenze, ma nessuna responsabilit\u00e0 per le propriet\u00e0 dei materiali derivanti dalle consegne pu\u00f2 essere derivata dai contenuti di questo sito web. In qualit\u00e0 di fornitore di servizi siamo secondo \u00a7 7 Abs.1 TMG \u00e8 responsabile dei propri contenuti su queste pagine secondo le leggi generali. Ai sensi dei \u00a7\u00a7 da 8 a 10 TMG non siamo obbligati a monitorare le informazioni trasmesse o memorizzate o a indagare su circostanze che indicano un&#8217;attivit\u00e0 illegale. Gli obblighi di rimuovere o bloccare l&#8217;uso delle informazioni secondo le leggi generali rimangono inalterati. Tuttavia, la responsabilit\u00e0 in questo senso \u00e8 possibile solo a partire dal momento in cui si viene a conoscenza di una violazione concreta. Se veniamo a conoscenza di tali violazioni, rimuoveremo immediatamente questi contenuti.<\/p>\n<p><strong>Copyright<\/strong><br \/>I contenuti e le opere di queste pagine create dai gestori del sito sono soggetti al diritto d&#8217;autore tedesco. La duplicazione, l&#8217;elaborazione, la distribuzione e qualsiasi tipo di utilizzo al di fuori dei limiti della legge sul diritto d&#8217;autore richiedono il consenso scritto del rispettivo autore o creatore. I download e le copie di queste pagine sono consentiti solo per uso privato e non commerciale. Nella misura in cui il contenuto di questo sito non \u00e8 stato creato dal gestore, i diritti d&#8217;autore di terzi sono rispettati. In particolare, i contenuti di terzi sono identificati come tali. Se tuttavia doveste venire a conoscenza di una violazione del diritto d&#8217;autore, vi chiediamo di informarci di conseguenza. Se veniamo a conoscenza di eventuali violazioni, rimuoveremo immediatamente tali contenuti.<\/p>\n<p><strong>responsabile nel senso della legge sulla stampa<\/strong><br \/>Lindemann Silikon GmbH Co.KG<\/p>\n\t\t\t\t\t\t\t\t<\/div>\n\t\t\t\t<\/div>\n\t\t\t\t\t<\/div>\n\t\t<\/div>\n\t\t\t\t\t<\/div>\n\t\t<\/section>\n\t\t\t\t<\/div>\n\t\t","protected":false},"excerpt":{"rendered":"<p>Lindemann Silikon GmbH Co.KG Il tuo SPECIALISTA in silicone Contattaci ora AZIENDA Ritratto aziendale \u00bb PANORAMICA DEI PRODOTTI Tubi in silicone \u00bb Tubi in tessuto di silicone \u00bb Profili in silicone \u00bb Parti stampate in silicone \u00bb Confezione in silicone \u00bb MATERIALI Panoramica dei materiali \u00bb Propriet\u00e0 del materiale \u00bb Qualita \u00bb Impronta Lindemann Silikon&hellip;<\/p>\n","protected":false},"author":8,"featured_media":0,"parent":0,"menu_order":20,"comment_status":"closed","ping_status":"closed","template":"","meta":{"footnotes":""},"class_list":["post-3180","page","type-page","status-publish","hentry"],"yoast_head":"<!-- This site is optimized with the Yoast SEO Premium plugin v26.4 (Yoast SEO v27.3) - https:\/\/yoast.com\/product\/yoast-seo-premium-wordpress\/ -->\n<title>Impronta | Lindemann Silicone | Lindemann Silikon GmbH Co.KG<\/title>\n<meta name=\"description\" content=\"Impronta | Lindemann Silicone | Lindemann Silikon GmbH Co.KG\" \/>\n<meta name=\"robots\" content=\"noindex, follow\" \/>\n<meta property=\"og:locale\" content=\"it_IT\" \/>\n<meta property=\"og:type\" content=\"article\" \/>\n<meta property=\"og:title\" content=\"Impronta\" \/>\n<meta property=\"og:description\" content=\"Impronta | Lindemann Silicone | Lindemann Silikon GmbH Co.KG\" \/>\n<meta property=\"og:url\" content=\"https:\/\/lindemannsilikon.de\/it\/impronta\/\" \/>\n<meta property=\"og:site_name\" content=\"Lindemann Silikon\" \/>\n<meta property=\"article:modified_time\" content=\"2023-10-10T08:54:37+00:00\" \/>\n<meta name=\"twitter:card\" content=\"summary_large_image\" \/>\n<meta name=\"twitter:label1\" content=\"Tempo di lettura stimato\" \/>\n\t<meta name=\"twitter:data1\" content=\"3 minuti\" \/>\n<script type=\"application\/ld+json\" class=\"yoast-schema-graph\">{\"@context\":\"https:\\\/\\\/schema.org\",\"@graph\":[{\"@type\":\"WebPage\",\"@id\":\"https:\\\/\\\/lindemannsilikon.de\\\/it\\\/impronta\\\/\",\"url\":\"https:\\\/\\\/lindemannsilikon.de\\\/it\\\/impronta\\\/\",\"name\":\"Impronta | Lindemann Silicone | Lindemann Silikon GmbH Co.KG\",\"isPartOf\":{\"@id\":\"https:\\\/\\\/lindemannsilikon.de\\\/#website\"},\"datePublished\":\"2020-09-04T10:31:52+00:00\",\"dateModified\":\"2023-10-10T08:54:37+00:00\",\"description\":\"Impronta | Lindemann Silicone | Lindemann Silikon GmbH Co.KG\",\"breadcrumb\":{\"@id\":\"https:\\\/\\\/lindemannsilikon.de\\\/it\\\/impronta\\\/#breadcrumb\"},\"inLanguage\":\"it-IT\",\"potentialAction\":[{\"@type\":\"ReadAction\",\"target\":[\"https:\\\/\\\/lindemannsilikon.de\\\/it\\\/impronta\\\/\"]}]},{\"@type\":\"BreadcrumbList\",\"@id\":\"https:\\\/\\\/lindemannsilikon.de\\\/it\\\/impronta\\\/#breadcrumb\",\"itemListElement\":[{\"@type\":\"ListItem\",\"position\":1,\"name\":\"Startseite\",\"item\":\"https:\\\/\\\/lindemannsilikon.de\\\/it\\\/\"},{\"@type\":\"ListItem\",\"position\":2,\"name\":\"Impronta\"}]},{\"@type\":\"WebSite\",\"@id\":\"https:\\\/\\\/lindemannsilikon.de\\\/#website\",\"url\":\"https:\\\/\\\/lindemannsilikon.de\\\/\",\"name\":\"Lindemann Silikon\",\"description\":\"Silikonhersteller aus Deutschland\",\"publisher\":{\"@id\":\"https:\\\/\\\/lindemannsilikon.de\\\/#organization\"},\"potentialAction\":[{\"@type\":\"SearchAction\",\"target\":{\"@type\":\"EntryPoint\",\"urlTemplate\":\"https:\\\/\\\/lindemannsilikon.de\\\/?s={search_term_string}\"},\"query-input\":{\"@type\":\"PropertyValueSpecification\",\"valueRequired\":true,\"valueName\":\"search_term_string\"}}],\"inLanguage\":\"it-IT\"},{\"@type\":\"Organization\",\"@id\":\"https:\\\/\\\/lindemannsilikon.de\\\/#organization\",\"name\":\"Lindemann Silikon\",\"url\":\"https:\\\/\\\/lindemannsilikon.de\\\/\",\"logo\":{\"@type\":\"ImageObject\",\"inLanguage\":\"it-IT\",\"@id\":\"https:\\\/\\\/lindemannsilikon.de\\\/#\\\/schema\\\/logo\\\/image\\\/\",\"url\":\"https:\\\/\\\/lindemannsilikon.de\\\/wp-content\\\/uploads\\\/2020\\\/04\\\/logo_black.png\",\"contentUrl\":\"https:\\\/\\\/lindemannsilikon.de\\\/wp-content\\\/uploads\\\/2020\\\/04\\\/logo_black.png\",\"width\":101,\"height\":43,\"caption\":\"Lindemann Silikon\"},\"image\":{\"@id\":\"https:\\\/\\\/lindemannsilikon.de\\\/#\\\/schema\\\/logo\\\/image\\\/\"},\"sameAs\":[\"https:\\\/\\\/www.linkedin.com\\\/company\\\/lindemannsilikon\"]}]}<\/script>\n<!-- \/ Yoast SEO Premium plugin. -->","yoast_head_json":{"title":"Impronta | Lindemann Silicone | Lindemann Silikon GmbH Co.KG","description":"Impronta | Lindemann Silicone | Lindemann Silikon GmbH Co.KG","robots":{"index":"noindex","follow":"follow"},"og_locale":"it_IT","og_type":"article","og_title":"Impronta","og_description":"Impronta | Lindemann Silicone | Lindemann Silikon GmbH Co.KG","og_url":"https:\/\/lindemannsilikon.de\/it\/impronta\/","og_site_name":"Lindemann Silikon","article_modified_time":"2023-10-10T08:54:37+00:00","twitter_card":"summary_large_image","twitter_misc":{"Tempo di lettura stimato":"3 minuti"},"schema":{"@context":"https:\/\/schema.org","@graph":[{"@type":"WebPage","@id":"https:\/\/lindemannsilikon.de\/it\/impronta\/","url":"https:\/\/lindemannsilikon.de\/it\/impronta\/","name":"Impronta | Lindemann Silicone | Lindemann Silikon GmbH Co.KG","isPartOf":{"@id":"https:\/\/lindemannsilikon.de\/#website"},"datePublished":"2020-09-04T10:31:52+00:00","dateModified":"2023-10-10T08:54:37+00:00","description":"Impronta | Lindemann Silicone | Lindemann Silikon GmbH Co.KG","breadcrumb":{"@id":"https:\/\/lindemannsilikon.de\/it\/impronta\/#breadcrumb"},"inLanguage":"it-IT","potentialAction":[{"@type":"ReadAction","target":["https:\/\/lindemannsilikon.de\/it\/impronta\/"]}]},{"@type":"BreadcrumbList","@id":"https:\/\/lindemannsilikon.de\/it\/impronta\/#breadcrumb","itemListElement":[{"@type":"ListItem","position":1,"name":"Startseite","item":"https:\/\/lindemannsilikon.de\/it\/"},{"@type":"ListItem","position":2,"name":"Impronta"}]},{"@type":"WebSite","@id":"https:\/\/lindemannsilikon.de\/#website","url":"https:\/\/lindemannsilikon.de\/","name":"Lindemann Silikon","description":"Silikonhersteller aus Deutschland","publisher":{"@id":"https:\/\/lindemannsilikon.de\/#organization"},"potentialAction":[{"@type":"SearchAction","target":{"@type":"EntryPoint","urlTemplate":"https:\/\/lindemannsilikon.de\/?s={search_term_string}"},"query-input":{"@type":"PropertyValueSpecification","valueRequired":true,"valueName":"search_term_string"}}],"inLanguage":"it-IT"},{"@type":"Organization","@id":"https:\/\/lindemannsilikon.de\/#organization","name":"Lindemann Silikon","url":"https:\/\/lindemannsilikon.de\/","logo":{"@type":"ImageObject","inLanguage":"it-IT","@id":"https:\/\/lindemannsilikon.de\/#\/schema\/logo\/image\/","url":"https:\/\/lindemannsilikon.de\/wp-content\/uploads\/2020\/04\/logo_black.png","contentUrl":"https:\/\/lindemannsilikon.de\/wp-content\/uploads\/2020\/04\/logo_black.png","width":101,"height":43,"caption":"Lindemann Silikon"},"image":{"@id":"https:\/\/lindemannsilikon.de\/#\/schema\/logo\/image\/"},"sameAs":["https:\/\/www.linkedin.com\/company\/lindemannsilikon"]}]}},"_links":{"self":[{"href":"https:\/\/lindemannsilikon.de\/it\/wp-json\/wp\/v2\/pages\/3180","targetHints":{"allow":["GET"]}}],"collection":[{"href":"https:\/\/lindemannsilikon.de\/it\/wp-json\/wp\/v2\/pages"}],"about":[{"href":"https:\/\/lindemannsilikon.de\/it\/wp-json\/wp\/v2\/types\/page"}],"author":[{"embeddable":true,"href":"https:\/\/lindemannsilikon.de\/it\/wp-json\/wp\/v2\/users\/8"}],"replies":[{"embeddable":true,"href":"https:\/\/lindemannsilikon.de\/it\/wp-json\/wp\/v2\/comments?post=3180"}],"version-history":[{"count":7,"href":"https:\/\/lindemannsilikon.de\/it\/wp-json\/wp\/v2\/pages\/3180\/revisions"}],"predecessor-version":[{"id":13913,"href":"https:\/\/lindemannsilikon.de\/it\/wp-json\/wp\/v2\/pages\/3180\/revisions\/13913"}],"wp:attachment":[{"href":"https:\/\/lindemannsilikon.de\/it\/wp-json\/wp\/v2\/media?parent=3180"}],"curies":[{"name":"wp","href":"https:\/\/api.w.org\/{rel}","templated":true}]}}