{"id":4278,"date":"2020-09-21T15:54:15","date_gmt":"2020-09-21T13:54:15","guid":{"rendered":"https:\/\/lindemannsilikon.de\/mentions-legales\/"},"modified":"2023-10-24T21:06:57","modified_gmt":"2023-10-24T19:06:57","slug":"mentions-legales","status":"publish","type":"page","link":"https:\/\/lindemannsilikon.de\/fr\/mentions-legales\/","title":{"rendered":"Mentions l\u00e9gales"},"content":{"rendered":"\t\t<div data-elementor-type=\"wp-page\" data-elementor-id=\"4278\" class=\"elementor elementor-4278 elementor-2097\" data-elementor-post-type=\"page\">\n\t\t\t\t\t\t<section class=\"elementor-section elementor-top-section elementor-element elementor-element-0f25922 elementor-section-stretched elementor-section-full_width elementor-section-height-default elementor-section-height-default\" data-id=\"0f25922\" data-element_type=\"section\" data-settings=\"{&quot;stretch_section&quot;:&quot;section-stretched&quot;}\">\n\t\t\t\t\t\t<div class=\"elementor-container elementor-column-gap-no\">\n\t\t\t\t\t<div class=\"elementor-column elementor-col-100 elementor-top-column elementor-element elementor-element-12f784e\" data-id=\"12f784e\" data-element_type=\"column\">\n\t\t\t<div class=\"elementor-widget-wrap elementor-element-populated\">\n\t\t\t\t\t\t<div class=\"elementor-element elementor-element-1fb88e0 elementor--h-position-center elementor--v-position-middle elementor-arrows-position-inside elementor-pagination-position-inside elementor-widget elementor-widget-slides\" data-id=\"1fb88e0\" data-element_type=\"widget\" data-settings=\"{&quot;navigation&quot;:&quot;both&quot;,&quot;autoplay&quot;:&quot;yes&quot;,&quot;pause_on_hover&quot;:&quot;yes&quot;,&quot;pause_on_interaction&quot;:&quot;yes&quot;,&quot;autoplay_speed&quot;:5000,&quot;infinite&quot;:&quot;yes&quot;,&quot;transition&quot;:&quot;slide&quot;,&quot;transition_speed&quot;:500}\" data-widget_type=\"slides.default\">\n\t\t\t\t<div class=\"elementor-widget-container\">\n\t\t\t\t\t\t\t\t\t<div class=\"elementor-swiper\">\n\t\t\t\t\t<div class=\"elementor-slides-wrapper elementor-main-swiper swiper\" role=\"region\" aria-roledescription=\"carousel\" aria-label=\"Diapositives\" dir=\"ltr\" data-animation=\"fadeInUp\">\n\t\t\t\t<div class=\"swiper-wrapper elementor-slides\">\n\t\t\t\t\t\t\t\t\t\t<div class=\"elementor-repeater-item-34656ae swiper-slide\" role=\"group\" aria-roledescription=\"slide\"><div class=\"swiper-slide-bg\" role=\"img\" aria-label=\"silikonschlaeuche-und-schnuere-lindemann-silikon\"><\/div><div class=\"swiper-slide-inner\" ><div class=\"swiper-slide-contents\"><div class=\"elementor-slide-heading\">Lindemann Silikon GmbH Co.KG<\/div><div class=\"elementor-slide-description\"><p>Votre <b>SPECIALISTE <\/b> en silicone<\/p>\n<\/div><a href=\"https:\/\/lindemannsilikon.de\/fr\/contactez\/\" class=\"elementor-button elementor-slide-button elementor-size-sm\">contact maintenant<\/a><\/div><\/div><\/div>\t\t\t\t<\/div>\n\t\t\t\t\t\t\t<\/div>\n\t\t\t\t<\/div>\n\t\t\t\t\t\t\t\t<\/div>\n\t\t\t\t<\/div>\n\t\t\t\t\t<\/div>\n\t\t<\/div>\n\t\t\t\t\t<\/div>\n\t\t<\/section>\n\t\t\t\t<section class=\"elementor-section elementor-top-section elementor-element elementor-element-4fd1dfe elementor-section-stretched elementor-section-full_width elementor-section-height-default elementor-section-height-default\" data-id=\"4fd1dfe\" data-element_type=\"section\" data-settings=\"{&quot;stretch_section&quot;:&quot;section-stretched&quot;}\">\n\t\t\t\t\t\t<div class=\"elementor-container elementor-column-gap-no\">\n\t\t\t\t\t<div class=\"elementor-column elementor-col-100 elementor-top-column elementor-element elementor-element-1317276\" data-id=\"1317276\" data-element_type=\"column\">\n\t\t\t<div class=\"elementor-widget-wrap elementor-element-populated\">\n\t\t\t\t\t\t<div class=\"elementor-element elementor-element-35ed4cd elementor-widget-divider--separator-type-pattern elementor-widget-divider--view-line elementor-widget elementor-widget-divider\" data-id=\"35ed4cd\" data-element_type=\"widget\" data-widget_type=\"divider.default\">\n\t\t\t\t<div class=\"elementor-widget-container\">\n\t\t\t\t\t\t\t<div class=\"elementor-divider\" style=\"--divider-pattern-url: url(&quot;data:image\/svg+xml,%3Csvg xmlns=&#039;http:\/\/www.w3.org\/2000\/svg&#039; preserveAspectRatio=&#039;none&#039; overflow=&#039;visible&#039; height=&#039;100%&#039; viewBox=&#039;0 0 20 16&#039; fill=&#039;none&#039; stroke=&#039;black&#039; stroke-width=&#039;3&#039; stroke-linecap=&#039;square&#039; stroke-miterlimit=&#039;10&#039;%3E%3Cg transform=&#039;translate(-12.000000, 0)&#039;%3E%3Cpath d=&#039;M28,0L10,18&#039;\/%3E%3Cpath d=&#039;M18,0L0,18&#039;\/%3E%3Cpath d=&#039;M48,0L30,18&#039;\/%3E%3Cpath d=&#039;M38,0L20,18&#039;\/%3E%3C\/g%3E%3C\/svg%3E&quot;);\">\n\t\t\t<span class=\"elementor-divider-separator\">\n\t\t\t\t\t\t<\/span>\n\t\t<\/div>\n\t\t\t\t\t\t<\/div>\n\t\t\t\t<\/div>\n\t\t\t\t\t<\/div>\n\t\t<\/div>\n\t\t\t\t\t<\/div>\n\t\t<\/section>\n\t\t\t\t<section class=\"elementor-section elementor-top-section elementor-element elementor-element-08cf3e0 elementor-section-boxed elementor-section-height-default elementor-section-height-default\" data-id=\"08cf3e0\" data-element_type=\"section\">\n\t\t\t\t\t\t<div class=\"elementor-container elementor-column-gap-default\">\n\t\t\t\t\t<div class=\"elementor-column elementor-col-33 elementor-top-column elementor-element elementor-element-56232e1\" data-id=\"56232e1\" data-element_type=\"column\">\n\t\t\t<div class=\"elementor-widget-wrap elementor-element-populated\">\n\t\t\t\t\t\t<div class=\"elementor-element elementor-element-d468b95 elementor-hidden-phone elementor-widget elementor-widget-heading\" data-id=\"d468b95\" data-element_type=\"widget\" data-widget_type=\"heading.default\">\n\t\t\t\t<div class=\"elementor-widget-container\">\n\t\t\t\t\t<h2 class=\"elementor-heading-title elementor-size-default\"><h3 class=\"simple-title borderline-title\"><span style=\"padding-bottom: 5px\">SOCI\u00c9T\u00c9<\/span><\/h3><\/h2>\t\t\t\t<\/div>\n\t\t\t\t<\/div>\n\t\t\t\t<div class=\"elementor-element elementor-element-d9f6e75 elementor-hidden-phone elementor-widget elementor-widget-text-editor\" data-id=\"d9f6e75\" data-element_type=\"widget\" data-widget_type=\"text-editor.default\">\n\t\t\t\t<div class=\"elementor-widget-container\">\n\t\t\t\t\t\t\t\t\t<p><a href=\"https:\/\/lindemannsilikon.de\/fr\/portrait-de-la-societe\/\">Portrait de la soci\u00e9t\u00e9 <span style=\"color: #f46e6e;\">\u00bb<\/span><\/a><\/p>\n\t\t\t\t\t\t\t\t<\/div>\n\t\t\t\t<\/div>\n\t\t\t\t<div class=\"elementor-element elementor-element-1ce54a8 elementor-hidden-phone elementor-widget elementor-widget-heading\" data-id=\"1ce54a8\" data-element_type=\"widget\" data-widget_type=\"heading.default\">\n\t\t\t\t<div class=\"elementor-widget-container\">\n\t\t\t\t\t<h2 class=\"elementor-heading-title elementor-size-default\"><h3 class=\"simple-title borderline-title\"><span style=\"padding-bottom: 5px\">APER\u00c7U DES PRODUITS<\/span><\/h3><\/h2>\t\t\t\t<\/div>\n\t\t\t\t<\/div>\n\t\t\t\t<div class=\"elementor-element elementor-element-e3a6d84 elementor-hidden-phone elementor-widget elementor-widget-text-editor\" data-id=\"e3a6d84\" data-element_type=\"widget\" data-widget_type=\"text-editor.default\">\n\t\t\t\t<div class=\"elementor-widget-container\">\n\t\t\t\t\t\t\t\t\t<p><a href=\"https:\/\/lindemannsilikon.de\/fr\/tuyaux-en-silicone\/\">Tuyaux en silicone <span style=\"color: #f46e6e;\">\u00bb<\/span><\/a><\/p>\n\t\t\t\t\t\t\t\t<\/div>\n\t\t\t\t<\/div>\n\t\t\t\t<div class=\"elementor-element elementor-element-075f725 elementor-hidden-phone elementor-widget elementor-widget-text-editor\" data-id=\"075f725\" data-element_type=\"widget\" data-widget_type=\"text-editor.default\">\n\t\t\t\t<div class=\"elementor-widget-container\">\n\t\t\t\t\t\t\t\t\t<p><a href=\"https:\/\/lindemannsilikon.de\/fr\/tuyaux-en-tissu-de-silicone\/\">Tuyaux en tissu de silicone <span style=\"color: #f46e6e;\">\u00bb<\/span><\/a><\/p>\n\t\t\t\t\t\t\t\t<\/div>\n\t\t\t\t<\/div>\n\t\t\t\t<div class=\"elementor-element elementor-element-43c00f5 elementor-hidden-phone elementor-widget elementor-widget-text-editor\" data-id=\"43c00f5\" data-element_type=\"widget\" data-widget_type=\"text-editor.default\">\n\t\t\t\t<div class=\"elementor-widget-container\">\n\t\t\t\t\t\t\t\t\t<p><a href=\"https:\/\/lindemannsilikon.de\/fr\/profils-en-silicone\/\">Profils en silicone <span style=\"color: #f46e6e;\">\u00bb<\/span><\/a><\/p>\n\t\t\t\t\t\t\t\t<\/div>\n\t\t\t\t<\/div>\n\t\t\t\t<div class=\"elementor-element elementor-element-b62f923 elementor-hidden-phone elementor-widget elementor-widget-text-editor\" data-id=\"b62f923\" data-element_type=\"widget\" data-widget_type=\"text-editor.default\">\n\t\t\t\t<div class=\"elementor-widget-container\">\n\t\t\t\t\t\t\t\t\t<p><a href=\"https:\/\/lindemannsilikon.de\/fr\/pieces-moulees-en-silicone\/\"> Pi\u00e8ces moul\u00e9es en silicone <span style=\"color: #f46e6e;\">\u00bb<\/span><\/a><\/p>\t\t\t\t\t\t\t\t<\/div>\n\t\t\t\t<\/div>\n\t\t\t\t<div class=\"elementor-element elementor-element-c965d26 elementor-widget elementor-widget-spacer\" data-id=\"c965d26\" data-element_type=\"widget\" data-widget_type=\"spacer.default\">\n\t\t\t\t<div class=\"elementor-widget-container\">\n\t\t\t\t\t\t\t<div class=\"elementor-spacer\">\n\t\t\t<div class=\"elementor-spacer-inner\"><\/div>\n\t\t<\/div>\n\t\t\t\t\t\t<\/div>\n\t\t\t\t<\/div>\n\t\t\t\t<div class=\"elementor-element elementor-element-040beac elementor-hidden-phone elementor-widget elementor-widget-text-editor\" data-id=\"040beac\" data-element_type=\"widget\" data-widget_type=\"text-editor.default\">\n\t\t\t\t<div class=\"elementor-widget-container\">\n\t\t\t\t\t\t\t\t\t<p><a href=\"https:\/\/lindemannsilikon.de\/fr\/silicone-transformation\/\">Assemblage en silicone <span style=\"color: #f46e6e;\">\u00bb<\/span><\/a><\/p>\t\t\t\t\t\t\t\t<\/div>\n\t\t\t\t<\/div>\n\t\t\t\t<div class=\"elementor-element elementor-element-fc563a3 elementor-hidden-phone elementor-widget elementor-widget-heading\" data-id=\"fc563a3\" data-element_type=\"widget\" data-widget_type=\"heading.default\">\n\t\t\t\t<div class=\"elementor-widget-container\">\n\t\t\t\t\t<h2 class=\"elementor-heading-title elementor-size-default\"><h3 class=\"simple-title borderline-title\"><span style=\"padding-bottom: 5px\">MATERIELS<\/span><\/h3><\/h2>\t\t\t\t<\/div>\n\t\t\t\t<\/div>\n\t\t\t\t<div class=\"elementor-element elementor-element-a7a76f8 elementor-hidden-phone elementor-widget elementor-widget-text-editor\" data-id=\"a7a76f8\" data-element_type=\"widget\" data-widget_type=\"text-editor.default\">\n\t\t\t\t<div class=\"elementor-widget-container\">\n\t\t\t\t\t\t\t\t\t<p><a href=\"https:\/\/lindemannsilikon.de\/fr\/apercu-du-materiel\/\"> Aper\u00e7u du mat\u00e9riel <span style=\"color: #f46e6e;\">\u00bb<\/span><\/a><\/p>\n\t\t\t\t\t\t\t\t<\/div>\n\t\t\t\t<\/div>\n\t\t\t\t<div class=\"elementor-element elementor-element-c76b6fd elementor-hidden-phone elementor-widget elementor-widget-text-editor\" data-id=\"c76b6fd\" data-element_type=\"widget\" data-widget_type=\"text-editor.default\">\n\t\t\t\t<div class=\"elementor-widget-container\">\n\t\t\t\t\t\t\t\t\t<p><a href=\"https:\/\/lindemannsilikon.de\/fr\/proprietes-des-materiaux\/\"> Propri\u00e9t\u00e9s des mat\u00e9riaux <span style=\"color: #f46e6e;\">\u00bb<\/span><\/a><\/p>\n\t\t\t\t\t\t\t\t<\/div>\n\t\t\t\t<\/div>\n\t\t\t\t<div class=\"elementor-element elementor-element-f955332 elementor-hidden-phone elementor-widget elementor-widget-text-editor\" data-id=\"f955332\" data-element_type=\"widget\" data-widget_type=\"text-editor.default\">\n\t\t\t\t<div class=\"elementor-widget-container\">\n\t\t\t\t\t\t\t\t\t<p><a href=\"https:\/\/lindemannsilikon.de\/fr\/qualite\/\"> Qualit\u00e9 <span style=\"color: #f46e6e;\">\u00bb<\/span><\/a><\/p>\t\t\t\t\t\t\t\t<\/div>\n\t\t\t\t<\/div>\n\t\t\t\t\t<\/div>\n\t\t<\/div>\n\t\t\t\t<div class=\"elementor-column elementor-col-66 elementor-top-column elementor-element elementor-element-eda8696\" data-id=\"eda8696\" data-element_type=\"column\">\n\t\t\t<div class=\"elementor-widget-wrap elementor-element-populated\">\n\t\t\t\t\t\t<div class=\"elementor-element elementor-element-e10b1e4 elementor-widget elementor-widget-heading\" data-id=\"e10b1e4\" data-element_type=\"widget\" data-widget_type=\"heading.default\">\n\t\t\t\t<div class=\"elementor-widget-container\">\n\t\t\t\t\t<h2 class=\"elementor-heading-title elementor-size-default\">Mentions l\u00e9gales<\/h2>\t\t\t\t<\/div>\n\t\t\t\t<\/div>\n\t\t\t\t<div class=\"elementor-element elementor-element-e7df216 elementor-widget elementor-widget-text-editor\" data-id=\"e7df216\" data-element_type=\"widget\" data-widget_type=\"text-editor.default\">\n\t\t\t\t<div class=\"elementor-widget-container\">\n\t\t\t\t\t\t\t\t\t<p><strong>Lindemann Silikon GmbH Co.KG<\/strong><\/p>\n<p>Dieselstr. 12<br>38350 Helmstedt<\/p>\n<p>T\u00e9l\u00e9phone +49 (0) 5351 \/ 544 580<br>Fax +49 (0) 5351 \/ 544 580 9<\/p>\n<p>info@lindemannsilikon.de<br>https:\/\/lindemannsilikon.de<\/p>\n<p><strong>Directeur g\u00e9n\u00e9ral<\/strong><br>J\u00f6rg Lindemann<br>Jan Lindemann<br>Ben Lindemann<\/p>\n<p><strong>Inscription au registre<\/strong><br>Inscription au registre du commerce<br>Tribunal d&rsquo;enregistrement : Tribunal d&rsquo;instance Braunschweig<br>Num\u00e9ro d&rsquo;enregistrement: HRA 202481<\/p>\n<p><strong>Identification de la taxe sur la valeur ajout\u00e9e<\/strong><br>Num\u00e9ro d&rsquo;identification de la taxe de vente selon le \u00a727 a de la loi sur la taxe de vente : DE 333 444 951<\/p>\n<p><strong>Clause de non-responsabilit\u00e9<\/strong><br>Les informations contenues dans ces pages ont \u00e9t\u00e9 compil\u00e9es au mieux de nos connaissances, mais aucune responsabilit\u00e9 pour les propri\u00e9t\u00e9s mat\u00e9rielles des livraisons ne peut \u00eatre d\u00e9duite du contenu de ce site. En tant que prestataire de services, nous sommes responsables de nos propres contenus sur ces pages, conform\u00e9ment \u00e0 l&rsquo;article 7 paragraphe 1, de la loi allemande sur les t\u00e9l\u00e9m\u00e9dias (TMG) et aux lois g\u00e9n\u00e9rales. Conform\u00e9ment aux articles 8 \u00e0 10 de la TMG, nous ne sommes pas tenus de surveiller les informations transmises ou stock\u00e9es ni d&rsquo;enqu\u00eater sur les circonstances qui indiquent une activit\u00e9 ill\u00e9gale. Les obligations de supprimer ou de bloquer l&rsquo;utilisation des informations conform\u00e9ment aux lois g\u00e9n\u00e9rales restent inchang\u00e9es. Toutefois, la responsabilit\u00e9 \u00e0 cet \u00e9gard n&rsquo;est possible qu&rsquo;\u00e0 partir du moment o\u00f9 l&rsquo;on a connaissance d&rsquo;une infraction concr\u00e8te. Si nous avons connaissance de telles infractions, nous retirerons imm\u00e9diatement ces contenus.<\/p>\n<p><strong>Copyright<\/strong><br>Les contenus et les \u0153uvres de ces pages cr\u00e9\u00e9s par les op\u00e9rateurs du site sont soumis \u00e0 la loi allemande sur le droit d&rsquo;auteur. La reproduction, le traitement, la distribution et tout type d&rsquo;utilisation en dehors des limites du droit d&rsquo;auteur n\u00e9cessitent le consentement \u00e9crit de l&rsquo;auteur ou du cr\u00e9ateur respectif. Les t\u00e9l\u00e9chargements et les copies de ces pages ne sont autoris\u00e9s que pour un usage priv\u00e9 et non commercial. Dans la mesure o\u00f9 le contenu de ce site n&rsquo;a pas \u00e9t\u00e9 cr\u00e9\u00e9 par l&rsquo;op\u00e9rateur, les droits d&rsquo;auteur des tiers sont respect\u00e9s. En particulier, les contenus de tiers sont identifi\u00e9s comme tels. Si vous avez n\u00e9anmoins connaissance d&rsquo;une violation du droit d&rsquo;auteur, nous vous demandons de nous en informer. Si nous avons connaissance d&rsquo;une infraction, nous retirerons imm\u00e9diatement ces contenus.<\/p>\n<p><strong>responsable au sens de la loi sur la presse<\/strong><br>Lindemann Silikon GmbH &amp; Co.KG<\/p>\t\t\t\t\t\t\t\t<\/div>\n\t\t\t\t<\/div>\n\t\t\t\t\t<\/div>\n\t\t<\/div>\n\t\t\t\t\t<\/div>\n\t\t<\/section>\n\t\t\t\t<\/div>\n\t\t","protected":false},"excerpt":{"rendered":"<p>Lindemann Silikon GmbH Co.KG Votre SPECIALISTE en silicone contact maintenant SOCI\u00c9T\u00c9 Portrait de la soci\u00e9t\u00e9 \u00bb APER\u00c7U DES PRODUITS Tuyaux en silicone \u00bb Tuyaux en tissu de silicone \u00bb Profils en silicone \u00bb Pi\u00e8ces moul\u00e9es en silicone \u00bb Assemblage en silicone \u00bb MATERIELS Aper\u00e7u du mat\u00e9riel \u00bb Propri\u00e9t\u00e9s des mat\u00e9riaux \u00bb Qualit\u00e9 \u00bb Mentions l\u00e9gales&hellip;<\/p>\n","protected":false},"author":8,"featured_media":0,"parent":0,"menu_order":20,"comment_status":"closed","ping_status":"closed","template":"","meta":{"_yoast_wpseo_focuskw":"Mentions l\u00e9gales","_yoast_wpseo_title":"Mentions l\u00e9gales | Lindemann Silicone | Lindemann Silikon GmbH Co.KG","_yoast_wpseo_metadesc":"Mentions l\u00e9gales | Lindemann Silicone | Lindemann Silikon GmbH Co.KG","_yoast_wpseo_canonical":"","_yoast_wpseo_opengraph-title":"","_yoast_wpseo_opengraph-description":"","_yoast_wpseo_opengraph-image":"","_yoast_wpseo_twitter-title":"","_yoast_wpseo_twitter-description":"","_yoast_wpseo_twitter-image":"","footnotes":""},"class_list":["post-4278","page","type-page","status-publish","hentry"],"yoast_head":"<!-- This site is optimized with the Yoast SEO Premium plugin v26.4 (Yoast SEO v27.6) - https:\/\/yoast.com\/product\/yoast-seo-premium-wordpress\/ -->\n<title>Mentions l\u00e9gales | Lindemann Silicone | Lindemann Silikon GmbH Co.KG<\/title>\n<meta name=\"description\" content=\"Mentions l\u00e9gales | Lindemann Silicone | Lindemann Silikon GmbH Co.KG\" \/>\n<meta name=\"robots\" content=\"noindex, follow\" \/>\n<meta property=\"og:locale\" content=\"fr_FR\" \/>\n<meta property=\"og:type\" content=\"article\" \/>\n<meta property=\"og:title\" content=\"Mentions l\u00e9gales\" \/>\n<meta property=\"og:description\" content=\"Mentions l\u00e9gales | Lindemann Silicone | Lindemann Silikon GmbH Co.KG\" \/>\n<meta property=\"og:url\" content=\"https:\/\/lindemannsilikon.de\/it\/impronta\/\" \/>\n<meta property=\"og:site_name\" content=\"Lindemann Silikon\" \/>\n<meta property=\"article:modified_time\" content=\"2023-10-24T19:06:57+00:00\" \/>\n<meta name=\"twitter:card\" content=\"summary_large_image\" \/>\n<meta name=\"twitter:label1\" content=\"Dur\u00e9e de lecture estim\u00e9e\" \/>\n\t<meta name=\"twitter:data1\" content=\"3 minutes\" \/>\n<script type=\"application\/ld+json\" class=\"yoast-schema-graph\">{\"@context\":\"https:\\\/\\\/schema.org\",\"@graph\":[{\"@type\":\"WebPage\",\"@id\":\"https:\\\/\\\/lindemannsilikon.de\\\/it\\\/impronta\\\/\",\"url\":\"https:\\\/\\\/lindemannsilikon.de\\\/it\\\/impronta\\\/\",\"name\":\"Mentions l\u00e9gales | Lindemann Silicone | Lindemann Silikon GmbH Co.KG\",\"isPartOf\":{\"@id\":\"https:\\\/\\\/lindemannsilikon.de\\\/#website\"},\"datePublished\":\"2020-09-21T13:54:15+00:00\",\"dateModified\":\"2023-10-24T19:06:57+00:00\",\"description\":\"Mentions l\u00e9gales | Lindemann Silicone | Lindemann Silikon GmbH Co.KG\",\"breadcrumb\":{\"@id\":\"https:\\\/\\\/lindemannsilikon.de\\\/it\\\/impronta\\\/#breadcrumb\"},\"inLanguage\":\"fr-FR\",\"potentialAction\":[{\"@type\":\"ReadAction\",\"target\":[\"https:\\\/\\\/lindemannsilikon.de\\\/it\\\/impronta\\\/\"]}]},{\"@type\":\"BreadcrumbList\",\"@id\":\"https:\\\/\\\/lindemannsilikon.de\\\/it\\\/impronta\\\/#breadcrumb\",\"itemListElement\":[{\"@type\":\"ListItem\",\"position\":1,\"name\":\"Startseite\",\"item\":\"https:\\\/\\\/lindemannsilikon.de\\\/fr\\\/home\\\/\"},{\"@type\":\"ListItem\",\"position\":2,\"name\":\"Mentions l\u00e9gales\"}]},{\"@type\":\"WebSite\",\"@id\":\"https:\\\/\\\/lindemannsilikon.de\\\/#website\",\"url\":\"https:\\\/\\\/lindemannsilikon.de\\\/\",\"name\":\"Lindemann Silikon\",\"description\":\"Silikonhersteller aus Deutschland\",\"publisher\":{\"@id\":\"https:\\\/\\\/lindemannsilikon.de\\\/#organization\"},\"potentialAction\":[{\"@type\":\"SearchAction\",\"target\":{\"@type\":\"EntryPoint\",\"urlTemplate\":\"https:\\\/\\\/lindemannsilikon.de\\\/?s={search_term_string}\"},\"query-input\":{\"@type\":\"PropertyValueSpecification\",\"valueRequired\":true,\"valueName\":\"search_term_string\"}}],\"inLanguage\":\"fr-FR\"},{\"@type\":[\"Organization\",\"LocalBusiness\",\"Manufacturer\"],\"@id\":\"https:\\\/\\\/lindemannsilikon.de\\\/#organization\",\"name\":\"Lindemann Silikon GmbH\",\"url\":\"https:\\\/\\\/lindemannsilikon.de\\\/\",\"logo\":{\"@type\":\"ImageObject\",\"inLanguage\":\"fr-FR\",\"@id\":\"https:\\\/\\\/lindemannsilikon.de\\\/#\\\/schema\\\/logo\\\/image\\\/\",\"url\":\"https:\\\/\\\/lindemannsilikon.de\\\/wp-content\\\/uploads\\\/2020\\\/09\\\/cropped-logo_black-2.png\",\"contentUrl\":\"https:\\\/\\\/lindemannsilikon.de\\\/wp-content\\\/uploads\\\/2020\\\/09\\\/cropped-logo_black-2.png\",\"width\":512,\"height\":512,\"caption\":\"Lindemann Silikon\"},\"image\":{\"@id\":\"https:\\\/\\\/lindemannsilikon.de\\\/#\\\/schema\\\/logo\\\/image\\\/\"},\"sameAs\":[\"https:\\\/\\\/www.linkedin.com\\\/company\\\/lindemannsilikon\"],\"legalName\":\"Lindemann Silikon GmbH\",\"email\":\"info@lindemannsilikon.de\",\"telephone\":\"+49-5351-544580\",\"vatID\":\"DE333444951\",\"address\":{\"@type\":\"PostalAddress\",\"streetAddress\":\"Dieselstr. 12\",\"postalCode\":\"38350\",\"addressLocality\":\"Helmstedt\",\"addressRegion\":\"Niedersachsen\",\"addressCountry\":\"DE\"},\"contactPoint\":[{\"@type\":\"ContactPoint\",\"telephone\":\"+49-5351-544580\",\"email\":\"info@lindemannsilikon.de\",\"contactType\":\"customer service\",\"areaServed\":[\"DE\",\"EU\",\"Worldwide\"],\"availableLanguage\":[\"de\",\"en\"]}],\"description\":\"Deutscher Hersteller von Silikonschl\u00e4uchen, Silikonprofilen und Silikonformteilen f\u00fcr Industrie, Lebensmittel-, Medizin- und Pharmatechnik.\",\"knowsAbout\":[\"Silikonschl\u00e4uche\",\"Silikonprofile\",\"Silikonformteile\",\"Silikonextrusion\",\"Silikon-Spritzguss\",\"Silikon-Coextrusion\",\"Lebensmittelechtes Silikon (BfR XV \\\/ FDA 21 CFR 177.2600)\",\"Hochtemperatur-Silikon (HT-VMQ)\",\"Fluorsilikon (FVMQ)\",\"Silikondichtungen\",\"Silikonsch\u00e4ume\",\"Silikon Pharma \\\/ Medizintechnik\"],\"slogan\":\"Silikonhersteller aus Deutschland\"}]}<\/script>\n<!-- \/ Yoast SEO Premium plugin. -->","yoast_head_json":{"title":"Mentions l\u00e9gales | Lindemann Silicone | Lindemann Silikon GmbH Co.KG","description":"Mentions l\u00e9gales | Lindemann Silicone | Lindemann Silikon GmbH Co.KG","robots":{"index":"noindex","follow":"follow"},"og_locale":"fr_FR","og_type":"article","og_title":"Mentions l\u00e9gales","og_description":"Mentions l\u00e9gales | Lindemann Silicone | Lindemann Silikon GmbH Co.KG","og_url":"https:\/\/lindemannsilikon.de\/it\/impronta\/","og_site_name":"Lindemann Silikon","article_modified_time":"2023-10-24T19:06:57+00:00","twitter_card":"summary_large_image","twitter_misc":{"Dur\u00e9e de lecture estim\u00e9e":"3 minutes"},"schema":{"@context":"https:\/\/schema.org","@graph":[{"@type":"WebPage","@id":"https:\/\/lindemannsilikon.de\/it\/impronta\/","url":"https:\/\/lindemannsilikon.de\/it\/impronta\/","name":"Mentions l\u00e9gales | Lindemann Silicone | Lindemann Silikon GmbH Co.KG","isPartOf":{"@id":"https:\/\/lindemannsilikon.de\/#website"},"datePublished":"2020-09-21T13:54:15+00:00","dateModified":"2023-10-24T19:06:57+00:00","description":"Mentions l\u00e9gales | Lindemann Silicone | Lindemann Silikon GmbH Co.KG","breadcrumb":{"@id":"https:\/\/lindemannsilikon.de\/it\/impronta\/#breadcrumb"},"inLanguage":"fr-FR","potentialAction":[{"@type":"ReadAction","target":["https:\/\/lindemannsilikon.de\/it\/impronta\/"]}]},{"@type":"BreadcrumbList","@id":"https:\/\/lindemannsilikon.de\/it\/impronta\/#breadcrumb","itemListElement":[{"@type":"ListItem","position":1,"name":"Startseite","item":"https:\/\/lindemannsilikon.de\/fr\/home\/"},{"@type":"ListItem","position":2,"name":"Mentions l\u00e9gales"}]},{"@type":"WebSite","@id":"https:\/\/lindemannsilikon.de\/#website","url":"https:\/\/lindemannsilikon.de\/","name":"Lindemann Silikon","description":"Silikonhersteller aus Deutschland","publisher":{"@id":"https:\/\/lindemannsilikon.de\/#organization"},"potentialAction":[{"@type":"SearchAction","target":{"@type":"EntryPoint","urlTemplate":"https:\/\/lindemannsilikon.de\/?s={search_term_string}"},"query-input":{"@type":"PropertyValueSpecification","valueRequired":true,"valueName":"search_term_string"}}],"inLanguage":"fr-FR"},{"@type":["Organization","LocalBusiness","Manufacturer"],"@id":"https:\/\/lindemannsilikon.de\/#organization","name":"Lindemann Silikon GmbH","url":"https:\/\/lindemannsilikon.de\/","logo":{"@type":"ImageObject","inLanguage":"fr-FR","@id":"https:\/\/lindemannsilikon.de\/#\/schema\/logo\/image\/","url":"https:\/\/lindemannsilikon.de\/wp-content\/uploads\/2020\/09\/cropped-logo_black-2.png","contentUrl":"https:\/\/lindemannsilikon.de\/wp-content\/uploads\/2020\/09\/cropped-logo_black-2.png","width":512,"height":512,"caption":"Lindemann Silikon"},"image":{"@id":"https:\/\/lindemannsilikon.de\/#\/schema\/logo\/image\/"},"sameAs":["https:\/\/www.linkedin.com\/company\/lindemannsilikon"],"legalName":"Lindemann Silikon GmbH","email":"info@lindemannsilikon.de","telephone":"+49-5351-544580","vatID":"DE333444951","address":{"@type":"PostalAddress","streetAddress":"Dieselstr. 12","postalCode":"38350","addressLocality":"Helmstedt","addressRegion":"Niedersachsen","addressCountry":"DE"},"contactPoint":[{"@type":"ContactPoint","telephone":"+49-5351-544580","email":"info@lindemannsilikon.de","contactType":"customer service","areaServed":["DE","EU","Worldwide"],"availableLanguage":["de","en"]}],"description":"Deutscher Hersteller von Silikonschl\u00e4uchen, Silikonprofilen und Silikonformteilen f\u00fcr Industrie, Lebensmittel-, Medizin- und Pharmatechnik.","knowsAbout":["Silikonschl\u00e4uche","Silikonprofile","Silikonformteile","Silikonextrusion","Silikon-Spritzguss","Silikon-Coextrusion","Lebensmittelechtes Silikon (BfR XV \/ FDA 21 CFR 177.2600)","Hochtemperatur-Silikon (HT-VMQ)","Fluorsilikon (FVMQ)","Silikondichtungen","Silikonsch\u00e4ume","Silikon Pharma \/ Medizintechnik"],"slogan":"Silikonhersteller aus Deutschland"}]}},"_links":{"self":[{"href":"https:\/\/lindemannsilikon.de\/fr\/wp-json\/wp\/v2\/pages\/4278","targetHints":{"allow":["GET"]}}],"collection":[{"href":"https:\/\/lindemannsilikon.de\/fr\/wp-json\/wp\/v2\/pages"}],"about":[{"href":"https:\/\/lindemannsilikon.de\/fr\/wp-json\/wp\/v2\/types\/page"}],"author":[{"embeddable":true,"href":"https:\/\/lindemannsilikon.de\/fr\/wp-json\/wp\/v2\/users\/8"}],"replies":[{"embeddable":true,"href":"https:\/\/lindemannsilikon.de\/fr\/wp-json\/wp\/v2\/comments?post=4278"}],"version-history":[{"count":16,"href":"https:\/\/lindemannsilikon.de\/fr\/wp-json\/wp\/v2\/pages\/4278\/revisions"}],"predecessor-version":[{"id":14111,"href":"https:\/\/lindemannsilikon.de\/fr\/wp-json\/wp\/v2\/pages\/4278\/revisions\/14111"}],"wp:attachment":[{"href":"https:\/\/lindemannsilikon.de\/fr\/wp-json\/wp\/v2\/media?parent=4278"}],"curies":[{"name":"wp","href":"https:\/\/api.w.org\/{rel}","templated":true}]}}