{"id":18941,"date":"2026-05-01T16:27:39","date_gmt":"2026-05-01T14:27:39","guid":{"rendered":"https:\/\/lindemannsilikon.de\/student-2\/"},"modified":"2026-05-01T16:43:14","modified_gmt":"2026-05-01T14:43:14","slug":"etudiant-hfd","status":"publish","type":"page","link":"https:\/\/lindemannsilikon.de\/fr\/etudiant-hfd\/","title":{"rendered":"\u00c9tudiant (h\/f\/d)"},"content":{"rendered":"\t\t<div data-elementor-type=\"wp-page\" data-elementor-id=\"18941\" class=\"elementor elementor-18941 elementor-5117\" data-elementor-post-type=\"page\">\n\t\t\t\t\t\t<section class=\"elementor-section elementor-top-section elementor-element elementor-element-0f25922 elementor-section-stretched elementor-section-full_width elementor-section-height-default elementor-section-height-default\" data-id=\"0f25922\" data-element_type=\"section\" data-settings=\"{&quot;stretch_section&quot;:&quot;section-stretched&quot;}\">\n\t\t\t\t\t\t<div class=\"elementor-container elementor-column-gap-no\">\n\t\t\t\t\t<div class=\"elementor-column elementor-col-100 elementor-top-column elementor-element elementor-element-12f784e\" data-id=\"12f784e\" data-element_type=\"column\">\n\t\t\t<div class=\"elementor-widget-wrap elementor-element-populated\">\n\t\t\t\t\t\t<div class=\"elementor-element elementor-element-1fb88e0 elementor--h-position-center elementor--v-position-middle elementor-arrows-position-inside elementor-pagination-position-inside elementor-widget elementor-widget-slides\" data-id=\"1fb88e0\" data-element_type=\"widget\" data-settings=\"{&quot;navigation&quot;:&quot;both&quot;,&quot;autoplay&quot;:&quot;yes&quot;,&quot;pause_on_hover&quot;:&quot;yes&quot;,&quot;pause_on_interaction&quot;:&quot;yes&quot;,&quot;autoplay_speed&quot;:5000,&quot;infinite&quot;:&quot;yes&quot;,&quot;transition&quot;:&quot;slide&quot;,&quot;transition_speed&quot;:500}\" data-widget_type=\"slides.default\">\n\t\t\t\t<div class=\"elementor-widget-container\">\n\t\t\t\t\t\t\t\t\t<div class=\"elementor-swiper\">\n\t\t\t\t\t<div class=\"elementor-slides-wrapper elementor-main-swiper swiper\" role=\"region\" aria-roledescription=\"carousel\" aria-label=\"Diapositives\" dir=\"ltr\" data-animation=\"fadeInUp\">\n\t\t\t\t<div class=\"swiper-wrapper elementor-slides\">\n\t\t\t\t\t\t\t\t\t\t<div class=\"elementor-repeater-item-34656ae swiper-slide\" role=\"group\" aria-roledescription=\"slide\"><div class=\"swiper-slide-bg\" role=\"img\" aria-label=\"silikonschlaeuche-und-schnuere-lindemann-silikon\"><\/div><div class=\"swiper-slide-inner\" ><div class=\"swiper-slide-contents\"><div class=\"elementor-slide-heading\"><h1 class=\"sliderh1\" style=\"color:white;font-size:35px;font-weight:600;\">\u00c9tudiant (h\/f\/d)<\/h1><\/div><div class=\"elementor-slide-description\"><p style=\"color:white;font-size:17px;font-weight:400;\">Votre <b>SP\u00c9CIALISTE<\/b> en silicone<\/p><\/div><a href=\"mailto:bewerbung@lindemannsilikon.de\" class=\"elementor-button elementor-slide-button elementor-size-sm\">postuler maintenant !<\/a><\/div><\/div><\/div>\t\t\t\t<\/div>\n\t\t\t\t\t\t\t<\/div>\n\t\t\t\t<\/div>\n\t\t\t\t\t\t\t\t<\/div>\n\t\t\t\t<\/div>\n\t\t\t\t\t<\/div>\n\t\t<\/div>\n\t\t\t\t\t<\/div>\n\t\t<\/section>\n\t\t\t\t<section class=\"elementor-section elementor-top-section elementor-element elementor-element-4fd1dfe elementor-section-stretched elementor-section-full_width elementor-section-height-default elementor-section-height-default\" data-id=\"4fd1dfe\" data-element_type=\"section\" data-settings=\"{&quot;stretch_section&quot;:&quot;section-stretched&quot;}\">\n\t\t\t\t\t\t<div class=\"elementor-container elementor-column-gap-no\">\n\t\t\t\t\t<div class=\"elementor-column elementor-col-100 elementor-top-column elementor-element elementor-element-1317276\" data-id=\"1317276\" data-element_type=\"column\">\n\t\t\t<div class=\"elementor-widget-wrap elementor-element-populated\">\n\t\t\t\t\t\t<div class=\"elementor-element elementor-element-35ed4cd elementor-widget-divider--separator-type-pattern elementor-widget-divider--view-line elementor-widget elementor-widget-divider\" data-id=\"35ed4cd\" data-element_type=\"widget\" data-widget_type=\"divider.default\">\n\t\t\t\t<div class=\"elementor-widget-container\">\n\t\t\t\t\t\t\t<div class=\"elementor-divider\" style=\"--divider-pattern-url: url(&quot;data:image\/svg+xml,%3Csvg xmlns=&#039;http:\/\/www.w3.org\/2000\/svg&#039; preserveAspectRatio=&#039;none&#039; overflow=&#039;visible&#039; height=&#039;100%&#039; viewBox=&#039;0 0 20 16&#039; fill=&#039;none&#039; stroke=&#039;black&#039; stroke-width=&#039;3&#039; stroke-linecap=&#039;square&#039; stroke-miterlimit=&#039;10&#039;%3E%3Cg transform=&#039;translate(-12.000000, 0)&#039;%3E%3Cpath d=&#039;M28,0L10,18&#039;\/%3E%3Cpath d=&#039;M18,0L0,18&#039;\/%3E%3Cpath d=&#039;M48,0L30,18&#039;\/%3E%3Cpath d=&#039;M38,0L20,18&#039;\/%3E%3C\/g%3E%3C\/svg%3E&quot;);\">\n\t\t\t<span class=\"elementor-divider-separator\">\n\t\t\t\t\t\t<\/span>\n\t\t<\/div>\n\t\t\t\t\t\t<\/div>\n\t\t\t\t<\/div>\n\t\t\t\t\t<\/div>\n\t\t<\/div>\n\t\t\t\t\t<\/div>\n\t\t<\/section>\n\t\t\t\t<section class=\"elementor-section elementor-top-section elementor-element elementor-element-7653f9f elementor-section-boxed elementor-section-height-default elementor-section-height-default\" data-id=\"7653f9f\" data-element_type=\"section\">\n\t\t\t\t\t\t<div class=\"elementor-container elementor-column-gap-default\">\n\t\t\t\t\t<div class=\"elementor-column elementor-col-50 elementor-top-column elementor-element elementor-element-2112dbe\" data-id=\"2112dbe\" data-element_type=\"column\">\n\t\t\t<div class=\"elementor-widget-wrap elementor-element-populated\">\n\t\t\t\t\t\t<div class=\"elementor-element elementor-element-cda0dc6 elementor-widget elementor-widget-heading\" data-id=\"cda0dc6\" data-element_type=\"widget\" data-widget_type=\"heading.default\">\n\t\t\t\t<div class=\"elementor-widget-container\">\n\t\t\t\t\t<div class=\"elementor-heading-title elementor-size-medium\">Lieu de travail<\/div>\t\t\t\t<\/div>\n\t\t\t\t<\/div>\n\t\t\t\t<div class=\"elementor-element elementor-element-dcbc7fb elementor-widget elementor-widget-heading\" data-id=\"dcbc7fb\" data-element_type=\"widget\" data-widget_type=\"heading.default\">\n\t\t\t\t<div class=\"elementor-widget-container\">\n\t\t\t\t\t<h3 class=\"elementor-heading-title elementor-size-small\">J. Lindemann GmbH<\/h3>\t\t\t\t<\/div>\n\t\t\t\t<\/div>\n\t\t\t\t<div class=\"elementor-element elementor-element-dfa53ec elementor-widget elementor-widget-text-editor\" data-id=\"dfa53ec\" data-element_type=\"widget\" data-widget_type=\"text-editor.default\">\n\t\t\t\t<div class=\"elementor-widget-container\">\n\t\t\t\t\t\t\t\t\t<p>Dieselstr. 12<br>\n38350 Helmstedt<\/br><\/p>\n\n<p>T: +49 (5351) 544580<br>\nF: +49 (5351) 5445809<\/br><\/p>\n\n<a href=\"mailto:bewerbung@lindemannsilikon.de\">bewerbung@lindemannsilikon.de<\/a>\t\t\t\t\t\t\t\t<\/div>\n\t\t\t\t<\/div>\n\t\t\t\t<div class=\"elementor-element elementor-element-41ab7aa elementor-widget elementor-widget-shortcode\" data-id=\"41ab7aa\" data-element_type=\"widget\" data-widget_type=\"shortcode.default\">\n\t\t\t\t<div class=\"elementor-widget-container\">\n\t\t\t\t\t\t\t<div class=\"elementor-shortcode\"><div class=\"BorlabsCookie _brlbs-cb-googlemaps\"><div class=\"_brlbs-content-blocker\"> <div class=\"_brlbs-embed _brlbs-google-maps\"> <img decoding=\"async\" class=\"_brlbs-thumbnail\" src=\"https:\/\/lindemannsilikon.de\/wp-content\/plugins\/borlabs-cookie\/assets\/images\/cb-maps.png\" alt=\"Google Maps\"> <div class=\"_brlbs-caption\"> <p>Mit dem Laden der Karte akzeptieren Sie die Datenschutzerkl\u00e4rung von Google.<br><a href=\"https:\/\/policies.google.com\/privacy\" target=\"_blank\" rel=\"nofollow noopener noreferrer\">Mehr erfahren<\/a><\/p> <p><a class=\"_brlbs-btn\" href=\"#\" data-borlabs-cookie-unblock role=\"button\">Karte laden<\/a><\/p> <p><label><input type=\"checkbox\" name=\"unblockAll\" value=\"1\" checked> <small>Google Maps immer entsperren<\/small><\/label><\/p> <\/div> <\/div> <\/div><div class=\"borlabs-hide\" data-borlabs-cookie-type=\"content-blocker\" data-borlabs-cookie-id=\"googlemaps\"><script type=\"text\/template\">PGlmcmFtZSBzcmM9Imh0dHBzOi8vd3d3Lmdvb2dsZS5jb20vbWFwcy9lbWJlZD9wYj0hMW0xOCExbTEyITFtMyExZDI0NDMuMzcxMjU2NzExMjExITJkMTAuOTg1MDAxMjE2MTQ5MTY4ITNkNTIuMjM2NjM5OTc5NzYxNTQhMm0zITFmMCEyZjAhM2YwITNtMiExaTEwMjQhMmk3NjghNGYxMy4xITNtMyExbTIhMXMweDQ3YWY4MTJiMWNhYWFjZmYlM0EweDkzMTlkNjBkYWE0NTI3OGUhMnNKLiUyMExpbmRlbWFubiUyMEdtYkghNWUwITNtMiExc2RlITJzZGUhNHYxNjA1MTkzOTA0NDE5ITVtMiExc2RlITJzZGUiIHdpZHRoPSI2MDAiIGhlaWdodD0iMzAwIiBmcmFtZWJvcmRlcj0iMCIgc3R5bGU9ImJvcmRlcjowOyIgYWxsb3dmdWxsc2NyZWVuPSIiIGFyaWEtaGlkZGVuPSJmYWxzZSIgdGFiaW5kZXg9IjAiPjwvaWZyYW1lPg==<\/script><\/div><\/div><\/div>\n\t\t\t\t\t\t<\/div>\n\t\t\t\t<\/div>\n\t\t\t\t\t<\/div>\n\t\t<\/div>\n\t\t\t\t<div class=\"elementor-column elementor-col-50 elementor-top-column elementor-element elementor-element-e5240d6\" data-id=\"e5240d6\" data-element_type=\"column\">\n\t\t\t<div class=\"elementor-widget-wrap elementor-element-populated\">\n\t\t\t\t\t\t<div class=\"elementor-element elementor-element-e10b1e4 elementor-widget elementor-widget-heading\" data-id=\"e10b1e4\" data-element_type=\"widget\" data-widget_type=\"heading.default\">\n\t\t\t\t<div class=\"elementor-widget-container\">\n\t\t\t\t\t<div class=\"elementor-heading-title elementor-size-medium\">Description<\/div>\t\t\t\t<\/div>\n\t\t\t\t<\/div>\n\t\t\t\t<div class=\"elementor-element elementor-element-89b64bc elementor-widget elementor-widget-text-editor\" data-id=\"89b64bc\" data-element_type=\"widget\" data-widget_type=\"text-editor.default\">\n\t\t\t\t<div class=\"elementor-widget-container\">\n\t\t\t\t\t\t\t\t\tLa J. Lindemann GmbH est un fabricant de produits en silicone \u00e0 Helmstedt. L&rsquo;entreprise transforme le mat\u00e9riau silicone par extrusion et moulage par injection. Ces proc\u00e9d\u00e9s permettent de fabriquer des tuyaux, des profil\u00e9s et des pi\u00e8ces moul\u00e9es de diff\u00e9rentes sections pour des applications industrielles et m\u00e9dicales. L&rsquo;entreprise a \u00e9t\u00e9 fond\u00e9e en 1978 \u00e0 Berlin. Nous sommes une entreprise en croissance avec 60 employ\u00e9s et offrons des opportunit\u00e9s pour les \u00e9tudiants en g\u00e9nie m\u00e9canique, g\u00e9nie \u00e9lectrique et informatique :\t\t\t\t\t\t\t\t<\/div>\n\t\t\t\t<\/div>\n\t\t\t\t<div class=\"elementor-element elementor-element-2f78f17 elementor-icon-list--layout-traditional elementor-list-item-link-full_width elementor-widget elementor-widget-icon-list\" data-id=\"2f78f17\" data-element_type=\"widget\" data-widget_type=\"icon-list.default\">\n\t\t\t\t<div class=\"elementor-widget-container\">\n\t\t\t\t\t\t\t<ul class=\"elementor-icon-list-items\">\n\t\t\t\t\t\t\t<li class=\"elementor-icon-list-item\">\n\t\t\t\t\t\t\t\t\t\t\t<span class=\"elementor-icon-list-icon\">\n\t\t\t\t\t\t\t<i aria-hidden=\"true\" class=\"far fa-circle\"><\/i>\t\t\t\t\t\t<\/span>\n\t\t\t\t\t\t\t\t\t\t<span class=\"elementor-icon-list-text\">\u00c9tudiants salari\u00e9s<\/span>\n\t\t\t\t\t\t\t\t\t<\/li>\n\t\t\t\t\t\t\t\t<li class=\"elementor-icon-list-item\">\n\t\t\t\t\t\t\t\t\t\t\t<span class=\"elementor-icon-list-icon\">\n\t\t\t\t\t\t\t<i aria-hidden=\"true\" class=\"far fa-circle\"><\/i>\t\t\t\t\t\t<\/span>\n\t\t\t\t\t\t\t\t\t\t<span class=\"elementor-icon-list-text\">M\u00e9moires de licence et de master<\/span>\n\t\t\t\t\t\t\t\t\t<\/li>\n\t\t\t\t\t\t\t\t<li class=\"elementor-icon-list-item\">\n\t\t\t\t\t\t\t\t\t\t\t<span class=\"elementor-icon-list-icon\">\n\t\t\t\t\t\t\t<i aria-hidden=\"true\" class=\"far fa-circle\"><\/i>\t\t\t\t\t\t<\/span>\n\t\t\t\t\t\t\t\t\t\t<span class=\"elementor-icon-list-text\">Semestres pratiques \/ Stages<\/span>\n\t\t\t\t\t\t\t\t\t<\/li>\n\t\t\t\t\t\t<\/ul>\n\t\t\t\t\t\t<\/div>\n\t\t\t\t<\/div>\n\t\t\t\t<div class=\"elementor-element elementor-element-ad921c4 elementor-widget elementor-widget-text-editor\" data-id=\"ad921c4\" data-element_type=\"widget\" data-widget_type=\"text-editor.default\">\n\t\t\t\t<div class=\"elementor-widget-container\">\n\t\t\t\t\t\t\t\t\tEn tant qu&rsquo;entreprise en croissance dans un secteur de niche dynamique, nous disposons de divers domaines th\u00e9matiques :\t\t\t\t\t\t\t\t<\/div>\n\t\t\t\t<\/div>\n\t\t\t\t<div class=\"elementor-element elementor-element-feeb6b2 elementor-icon-list--layout-traditional elementor-list-item-link-full_width elementor-widget elementor-widget-icon-list\" data-id=\"feeb6b2\" data-element_type=\"widget\" data-widget_type=\"icon-list.default\">\n\t\t\t\t<div class=\"elementor-widget-container\">\n\t\t\t\t\t\t\t<ul class=\"elementor-icon-list-items\">\n\t\t\t\t\t\t\t<li class=\"elementor-icon-list-item\">\n\t\t\t\t\t\t\t\t\t\t\t<span class=\"elementor-icon-list-icon\">\n\t\t\t\t\t\t\t<i aria-hidden=\"true\" class=\"far fa-circle\"><\/i>\t\t\t\t\t\t<\/span>\n\t\t\t\t\t\t\t\t\t\t<span class=\"elementor-icon-list-text\">Optimisation de la production =&gt; Enregistrement de l'analyse de l'\u00e9tat actuel et optimisation des temps d'arr\u00eat et des temps de fonctionnement des machines, optimisation du flux de marchandises au sein de la production et de l'exp\u00e9dition, r\u00e9duction des capacit\u00e9s de stockage.<\/span>\n\t\t\t\t\t\t\t\t\t<\/li>\n\t\t\t\t\t\t\t\t<li class=\"elementor-icon-list-item\">\n\t\t\t\t\t\t\t\t\t\t\t<span class=\"elementor-icon-list-icon\">\n\t\t\t\t\t\t\t<i aria-hidden=\"true\" class=\"far fa-circle\"><\/i>\t\t\t\t\t\t<\/span>\n\t\t\t\t\t\t\t\t\t\t<span class=\"elementor-icon-list-text\">Ing\u00e9nierie des proc\u00e9d\u00e9s =&gt; Mise en service de nouvelles machines, installations et dispositifs, d\u00e9marrage et documentation de nouveaux proc\u00e9d\u00e9s et articles en extrusion<\/span>\n\t\t\t\t\t\t\t\t\t<\/li>\n\t\t\t\t\t\t\t\t<li class=\"elementor-icon-list-item\">\n\t\t\t\t\t\t\t\t\t\t\t<span class=\"elementor-icon-list-icon\">\n\t\t\t\t\t\t\t<i aria-hidden=\"true\" class=\"far fa-circle\"><\/i>\t\t\t\t\t\t<\/span>\n\t\t\t\t\t\t\t\t\t\t<span class=\"elementor-icon-list-text\">Gestion de la qualit\u00e9 =&gt; Analyse du syst\u00e8me QM existant, d\u00e9veloppement du syst\u00e8me QM, introduction de nouvelles m\u00e9thodes de qualit\u00e9 dans le processus de production, analyse et syst\u00e9matisation des erreurs de production et d\u00e9rivation de mesures.<\/span>\n\t\t\t\t\t\t\t\t\t<\/li>\n\t\t\t\t\t\t\t\t<li class=\"elementor-icon-list-item\">\n\t\t\t\t\t\t\t\t\t\t\t<span class=\"elementor-icon-list-icon\">\n\t\t\t\t\t\t\t<i aria-hidden=\"true\" class=\"far fa-circle\"><\/i>\t\t\t\t\t\t<\/span>\n\t\t\t\t\t\t\t\t\t\t<span class=\"elementor-icon-list-text\">Automatisation =&gt; Analyse des diff\u00e9rentes \u00e9tapes de travail au sein de la production et d\u00e9rivation des domaines d'application possibles pour une automatisation.<\/span>\n\t\t\t\t\t\t\t\t\t<\/li>\n\t\t\t\t\t\t<\/ul>\n\t\t\t\t\t\t<\/div>\n\t\t\t\t<\/div>\n\t\t\t\t\t<\/div>\n\t\t<\/div>\n\t\t\t\t\t<\/div>\n\t\t<\/section>\n\t\t\t\t<\/div>\n\t\t","protected":false},"excerpt":{"rendered":"<p>\u00c9tudiant (h\/f\/d) Votre SP\u00c9CIALISTE en silicone postulez maintenant ! Lieu de travail J. Lindemann GmbH Dieselstr. 12 38350 Helmstedt T: +49 (5351) 544580 F: +49 (5351) 5445809 bewerbung@lindemannsilikon.de Mit dem Laden der Karte akzeptieren Sie die Datenschutzerkl\u00e4rung von Google.Mehr erfahren Karte laden Google Maps immer entsperren Description La J. Lindemann GmbH est un fabricant de&hellip;<\/p>\n","protected":false},"author":8,"featured_media":0,"parent":0,"menu_order":20,"comment_status":"closed","ping_status":"closed","template":"","meta":{"_yoast_wpseo_focuskw":"","_yoast_wpseo_title":"","_yoast_wpseo_metadesc":"\u00c9tudiant (h\/f\/d) | Offre d'emploi | Helmstedt | Lindemann Silikon \u27a4 M\u00e9moire de Master \u2714 M\u00e9moire de Licence \u2714 \u00c9tudiant salari\u00e9 \u2714 Stages \u2714","_yoast_wpseo_canonical":"","_yoast_wpseo_opengraph-title":"","_yoast_wpseo_opengraph-description":"","_yoast_wpseo_opengraph-image":"","_yoast_wpseo_twitter-title":"","_yoast_wpseo_twitter-description":"","_yoast_wpseo_twitter-image":"","footnotes":""},"class_list":["post-18941","page","type-page","status-publish","hentry"],"yoast_head":"<!-- This site is optimized with the Yoast SEO Premium plugin v26.4 (Yoast SEO v27.6) - https:\/\/yoast.com\/product\/yoast-seo-premium-wordpress\/ -->\n<title>\u00c9tudiant (h\/f\/d) - Lindemann Silikon<\/title>\n<meta name=\"description\" content=\"\u00c9tudiant (h\/f\/d) | Offre d&#039;emploi | Helmstedt | Lindemann Silikon \u27a4 M\u00e9moire de Master \u2714 M\u00e9moire de Licence \u2714 \u00c9tudiant salari\u00e9 \u2714 Stages \u2714\" \/>\n<meta name=\"robots\" content=\"index, follow, max-snippet:-1, max-image-preview:large, max-video-preview:-1\" \/>\n<link rel=\"canonical\" href=\"https:\/\/lindemannsilikon.de\/fr\/etudiant-hfd\/\" \/>\n<meta property=\"og:locale\" content=\"fr_FR\" \/>\n<meta property=\"og:type\" content=\"article\" \/>\n<meta property=\"og:title\" content=\"\u00c9tudiant (h\/f\/d)\" \/>\n<meta property=\"og:description\" content=\"\u00c9tudiant (h\/f\/d) | Offre d&#039;emploi | Helmstedt | Lindemann Silikon \u27a4 M\u00e9moire de Master \u2714 M\u00e9moire de Licence \u2714 \u00c9tudiant salari\u00e9 \u2714 Stages \u2714\" \/>\n<meta property=\"og:url\" content=\"https:\/\/lindemannsilikon.de\/fr\/etudiant-hfd\/\" \/>\n<meta property=\"og:site_name\" content=\"Lindemann Silikon\" \/>\n<meta property=\"article:modified_time\" content=\"2026-05-01T14:43:14+00:00\" \/>\n<meta name=\"twitter:card\" content=\"summary_large_image\" \/>\n<meta name=\"twitter:label1\" content=\"Dur\u00e9e de lecture estim\u00e9e\" \/>\n\t<meta name=\"twitter:data1\" content=\"1 minute\" \/>\n<script type=\"application\/ld+json\" class=\"yoast-schema-graph\">{\"@context\":\"https:\\\/\\\/schema.org\",\"@graph\":[{\"@type\":\"WebPage\",\"@id\":\"https:\\\/\\\/lindemannsilikon.de\\\/fr\\\/etudiant-hfd\\\/\",\"url\":\"https:\\\/\\\/lindemannsilikon.de\\\/fr\\\/etudiant-hfd\\\/\",\"name\":\"\u00c9tudiant (h\\\/f\\\/d) - Lindemann Silikon\",\"isPartOf\":{\"@id\":\"https:\\\/\\\/lindemannsilikon.de\\\/#website\"},\"datePublished\":\"2026-05-01T14:27:39+00:00\",\"dateModified\":\"2026-05-01T14:43:14+00:00\",\"description\":\"\u00c9tudiant (h\\\/f\\\/d) | Offre d'emploi | Helmstedt | Lindemann Silikon \u27a4 M\u00e9moire de Master \u2714 M\u00e9moire de Licence \u2714 \u00c9tudiant salari\u00e9 \u2714 Stages \u2714\",\"breadcrumb\":{\"@id\":\"https:\\\/\\\/lindemannsilikon.de\\\/fr\\\/etudiant-hfd\\\/#breadcrumb\"},\"inLanguage\":\"fr-FR\",\"potentialAction\":[{\"@type\":\"ReadAction\",\"target\":[\"https:\\\/\\\/lindemannsilikon.de\\\/fr\\\/etudiant-hfd\\\/\"]}]},{\"@type\":\"BreadcrumbList\",\"@id\":\"https:\\\/\\\/lindemannsilikon.de\\\/fr\\\/etudiant-hfd\\\/#breadcrumb\",\"itemListElement\":[{\"@type\":\"ListItem\",\"position\":1,\"name\":\"Startseite\",\"item\":\"https:\\\/\\\/lindemannsilikon.de\\\/fr\\\/home\\\/\"},{\"@type\":\"ListItem\",\"position\":2,\"name\":\"\u00c9tudiant (h\\\/f\\\/d)\"}]},{\"@type\":\"WebSite\",\"@id\":\"https:\\\/\\\/lindemannsilikon.de\\\/#website\",\"url\":\"https:\\\/\\\/lindemannsilikon.de\\\/\",\"name\":\"Lindemann Silikon\",\"description\":\"Silikonhersteller aus Deutschland\",\"publisher\":{\"@id\":\"https:\\\/\\\/lindemannsilikon.de\\\/#organization\"},\"potentialAction\":[{\"@type\":\"SearchAction\",\"target\":{\"@type\":\"EntryPoint\",\"urlTemplate\":\"https:\\\/\\\/lindemannsilikon.de\\\/?s={search_term_string}\"},\"query-input\":{\"@type\":\"PropertyValueSpecification\",\"valueRequired\":true,\"valueName\":\"search_term_string\"}}],\"inLanguage\":\"fr-FR\"},{\"@type\":[\"Organization\",\"LocalBusiness\",\"Manufacturer\"],\"@id\":\"https:\\\/\\\/lindemannsilikon.de\\\/#organization\",\"name\":\"Lindemann Silikon GmbH\",\"url\":\"https:\\\/\\\/lindemannsilikon.de\\\/\",\"logo\":{\"@type\":\"ImageObject\",\"inLanguage\":\"fr-FR\",\"@id\":\"https:\\\/\\\/lindemannsilikon.de\\\/#\\\/schema\\\/logo\\\/image\\\/\",\"url\":\"https:\\\/\\\/lindemannsilikon.de\\\/wp-content\\\/uploads\\\/2020\\\/09\\\/cropped-logo_black-2.png\",\"contentUrl\":\"https:\\\/\\\/lindemannsilikon.de\\\/wp-content\\\/uploads\\\/2020\\\/09\\\/cropped-logo_black-2.png\",\"width\":512,\"height\":512,\"caption\":\"Lindemann Silikon\"},\"image\":{\"@id\":\"https:\\\/\\\/lindemannsilikon.de\\\/#\\\/schema\\\/logo\\\/image\\\/\"},\"sameAs\":[\"https:\\\/\\\/www.linkedin.com\\\/company\\\/lindemannsilikon\"],\"legalName\":\"Lindemann Silikon GmbH\",\"email\":\"info@lindemannsilikon.de\",\"telephone\":\"+49-5351-544580\",\"vatID\":\"DE333444951\",\"address\":{\"@type\":\"PostalAddress\",\"streetAddress\":\"Dieselstr. 12\",\"postalCode\":\"38350\",\"addressLocality\":\"Helmstedt\",\"addressRegion\":\"Niedersachsen\",\"addressCountry\":\"DE\"},\"contactPoint\":[{\"@type\":\"ContactPoint\",\"telephone\":\"+49-5351-544580\",\"email\":\"info@lindemannsilikon.de\",\"contactType\":\"customer service\",\"areaServed\":[\"DE\",\"EU\",\"Worldwide\"],\"availableLanguage\":[\"de\",\"en\"]}],\"description\":\"Deutscher Hersteller von Silikonschl\u00e4uchen, Silikonprofilen und Silikonformteilen f\u00fcr Industrie, Lebensmittel-, Medizin- und Pharmatechnik.\",\"knowsAbout\":[\"Silikonschl\u00e4uche\",\"Silikonprofile\",\"Silikonformteile\",\"Silikonextrusion\",\"Silikon-Spritzguss\",\"Silikon-Coextrusion\",\"Lebensmittelechtes Silikon (BfR XV \\\/ FDA 21 CFR 177.2600)\",\"Hochtemperatur-Silikon (HT-VMQ)\",\"Fluorsilikon (FVMQ)\",\"Silikondichtungen\",\"Silikonsch\u00e4ume\",\"Silikon Pharma \\\/ Medizintechnik\"],\"slogan\":\"Silikonhersteller aus Deutschland\"}]}<\/script>\n<!-- \/ Yoast SEO Premium plugin. -->","yoast_head_json":{"title":"\u00c9tudiant (h\/f\/d) - Lindemann Silikon","description":"\u00c9tudiant (h\/f\/d) | Offre d'emploi | Helmstedt | Lindemann Silikon \u27a4 M\u00e9moire de Master \u2714 M\u00e9moire de Licence \u2714 \u00c9tudiant salari\u00e9 \u2714 Stages \u2714","robots":{"index":"index","follow":"follow","max-snippet":"max-snippet:-1","max-image-preview":"max-image-preview:large","max-video-preview":"max-video-preview:-1"},"canonical":"https:\/\/lindemannsilikon.de\/fr\/etudiant-hfd\/","og_locale":"fr_FR","og_type":"article","og_title":"\u00c9tudiant (h\/f\/d)","og_description":"\u00c9tudiant (h\/f\/d) | Offre d'emploi | Helmstedt | Lindemann Silikon \u27a4 M\u00e9moire de Master \u2714 M\u00e9moire de Licence \u2714 \u00c9tudiant salari\u00e9 \u2714 Stages \u2714","og_url":"https:\/\/lindemannsilikon.de\/fr\/etudiant-hfd\/","og_site_name":"Lindemann Silikon","article_modified_time":"2026-05-01T14:43:14+00:00","twitter_card":"summary_large_image","twitter_misc":{"Dur\u00e9e de lecture estim\u00e9e":"1 minute"},"schema":{"@context":"https:\/\/schema.org","@graph":[{"@type":"WebPage","@id":"https:\/\/lindemannsilikon.de\/fr\/etudiant-hfd\/","url":"https:\/\/lindemannsilikon.de\/fr\/etudiant-hfd\/","name":"\u00c9tudiant (h\/f\/d) - Lindemann Silikon","isPartOf":{"@id":"https:\/\/lindemannsilikon.de\/#website"},"datePublished":"2026-05-01T14:27:39+00:00","dateModified":"2026-05-01T14:43:14+00:00","description":"\u00c9tudiant (h\/f\/d) | Offre d'emploi | Helmstedt | Lindemann Silikon \u27a4 M\u00e9moire de Master \u2714 M\u00e9moire de Licence \u2714 \u00c9tudiant salari\u00e9 \u2714 Stages \u2714","breadcrumb":{"@id":"https:\/\/lindemannsilikon.de\/fr\/etudiant-hfd\/#breadcrumb"},"inLanguage":"fr-FR","potentialAction":[{"@type":"ReadAction","target":["https:\/\/lindemannsilikon.de\/fr\/etudiant-hfd\/"]}]},{"@type":"BreadcrumbList","@id":"https:\/\/lindemannsilikon.de\/fr\/etudiant-hfd\/#breadcrumb","itemListElement":[{"@type":"ListItem","position":1,"name":"Startseite","item":"https:\/\/lindemannsilikon.de\/fr\/home\/"},{"@type":"ListItem","position":2,"name":"\u00c9tudiant (h\/f\/d)"}]},{"@type":"WebSite","@id":"https:\/\/lindemannsilikon.de\/#website","url":"https:\/\/lindemannsilikon.de\/","name":"Lindemann Silikon","description":"Silikonhersteller aus Deutschland","publisher":{"@id":"https:\/\/lindemannsilikon.de\/#organization"},"potentialAction":[{"@type":"SearchAction","target":{"@type":"EntryPoint","urlTemplate":"https:\/\/lindemannsilikon.de\/?s={search_term_string}"},"query-input":{"@type":"PropertyValueSpecification","valueRequired":true,"valueName":"search_term_string"}}],"inLanguage":"fr-FR"},{"@type":["Organization","LocalBusiness","Manufacturer"],"@id":"https:\/\/lindemannsilikon.de\/#organization","name":"Lindemann Silikon GmbH","url":"https:\/\/lindemannsilikon.de\/","logo":{"@type":"ImageObject","inLanguage":"fr-FR","@id":"https:\/\/lindemannsilikon.de\/#\/schema\/logo\/image\/","url":"https:\/\/lindemannsilikon.de\/wp-content\/uploads\/2020\/09\/cropped-logo_black-2.png","contentUrl":"https:\/\/lindemannsilikon.de\/wp-content\/uploads\/2020\/09\/cropped-logo_black-2.png","width":512,"height":512,"caption":"Lindemann Silikon"},"image":{"@id":"https:\/\/lindemannsilikon.de\/#\/schema\/logo\/image\/"},"sameAs":["https:\/\/www.linkedin.com\/company\/lindemannsilikon"],"legalName":"Lindemann Silikon GmbH","email":"info@lindemannsilikon.de","telephone":"+49-5351-544580","vatID":"DE333444951","address":{"@type":"PostalAddress","streetAddress":"Dieselstr. 12","postalCode":"38350","addressLocality":"Helmstedt","addressRegion":"Niedersachsen","addressCountry":"DE"},"contactPoint":[{"@type":"ContactPoint","telephone":"+49-5351-544580","email":"info@lindemannsilikon.de","contactType":"customer service","areaServed":["DE","EU","Worldwide"],"availableLanguage":["de","en"]}],"description":"Deutscher Hersteller von Silikonschl\u00e4uchen, Silikonprofilen und Silikonformteilen f\u00fcr Industrie, Lebensmittel-, Medizin- und Pharmatechnik.","knowsAbout":["Silikonschl\u00e4uche","Silikonprofile","Silikonformteile","Silikonextrusion","Silikon-Spritzguss","Silikon-Coextrusion","Lebensmittelechtes Silikon (BfR XV \/ FDA 21 CFR 177.2600)","Hochtemperatur-Silikon (HT-VMQ)","Fluorsilikon (FVMQ)","Silikondichtungen","Silikonsch\u00e4ume","Silikon Pharma \/ Medizintechnik"],"slogan":"Silikonhersteller aus Deutschland"}]}},"_links":{"self":[{"href":"https:\/\/lindemannsilikon.de\/fr\/wp-json\/wp\/v2\/pages\/18941","targetHints":{"allow":["GET"]}}],"collection":[{"href":"https:\/\/lindemannsilikon.de\/fr\/wp-json\/wp\/v2\/pages"}],"about":[{"href":"https:\/\/lindemannsilikon.de\/fr\/wp-json\/wp\/v2\/types\/page"}],"author":[{"embeddable":true,"href":"https:\/\/lindemannsilikon.de\/fr\/wp-json\/wp\/v2\/users\/8"}],"replies":[{"embeddable":true,"href":"https:\/\/lindemannsilikon.de\/fr\/wp-json\/wp\/v2\/comments?post=18941"}],"version-history":[{"count":1,"href":"https:\/\/lindemannsilikon.de\/fr\/wp-json\/wp\/v2\/pages\/18941\/revisions"}],"predecessor-version":[{"id":18943,"href":"https:\/\/lindemannsilikon.de\/fr\/wp-json\/wp\/v2\/pages\/18941\/revisions\/18943"}],"wp:attachment":[{"href":"https:\/\/lindemannsilikon.de\/fr\/wp-json\/wp\/v2\/media?parent=18941"}],"curies":[{"name":"wp","href":"https:\/\/api.w.org\/{rel}","templated":true}]}}