{"id":4045,"date":"2020-09-13T14:26:32","date_gmt":"2020-09-13T12:26:32","guid":{"rendered":"https:\/\/lindemannsilikon.de\/retrato-de-la-compania\/"},"modified":"2023-06-12T11:02:54","modified_gmt":"2023-06-12T09:02:54","slug":"retrato-de-la-compania","status":"publish","type":"page","link":"https:\/\/lindemannsilikon.de\/es\/retrato-de-la-compania\/","title":{"rendered":"Retrato de la compa\u00f1\u00eda"},"content":{"rendered":"\t\t<div data-elementor-type=\"wp-page\" data-elementor-id=\"4045\" class=\"elementor elementor-4045 elementor-12\" data-elementor-post-type=\"page\">\n\t\t\t\t\t\t<section class=\"elementor-section elementor-top-section elementor-element elementor-element-0f25922 elementor-section-stretched elementor-section-full_width elementor-section-height-default elementor-section-height-default\" data-id=\"0f25922\" data-element_type=\"section\" data-settings=\"{&quot;stretch_section&quot;:&quot;section-stretched&quot;}\">\n\t\t\t\t\t\t<div class=\"elementor-container elementor-column-gap-no\">\n\t\t\t\t\t<div class=\"elementor-column elementor-col-100 elementor-top-column elementor-element elementor-element-12f784e\" data-id=\"12f784e\" data-element_type=\"column\">\n\t\t\t<div class=\"elementor-widget-wrap elementor-element-populated\">\n\t\t\t\t\t\t<div class=\"elementor-element elementor-element-2f3a3ac elementor-widget elementor-widget-slider_revolution\" data-id=\"2f3a3ac\" data-element_type=\"widget\" data-widget_type=\"slider_revolution.default\">\n\t\t\t\t<div class=\"elementor-widget-container\">\n\t\t\t\t\t\n\t\t<div class=\"wp-block-themepunch-revslider\">\n\t\t\t<!-- START Unternehmensportrait REVOLUTION SLIDER 6.7.38 --><p class=\"rs-p-wp-fix\"><\/p>\n\t\t\t<rs-module-wrap id=\"rev_slider_3_1_wrapper\" data-source=\"gallery\" style=\"visibility:hidden;background:transparent;padding:0;margin:0px auto;margin-top:0;margin-bottom:0;\">\n\t\t\t\t<rs-module id=\"rev_slider_3_1\" style=\"\" data-version=\"6.7.38\">\n\t\t\t\t\t<rs-slides style=\"overflow: hidden; position: absolute;\">\n\t\t\t\t\t\t<rs-slide style=\"position: absolute;\" data-key=\"rs-249\" data-title=\"Spanisch\" data-anim=\"adpr:false;\" data-in=\"o:0;\" data-out=\"a:false;\">\n\t\t\t\t\t\t\t<img fetchpriority=\"high\" decoding=\"async\" src=\"\/\/lindemannsilikon.de\/wp-content\/plugins\/revslider\/sr6\/assets\/assets\/dummy.png\" alt=\"\" title=\"DSC01452\" width=\"2560\" height=\"1920\" class=\"rev-slidebg tp-rs-img rs-lazyload\" data-lazyload=\"\/\/lindemannsilikon.de\/wp-content\/uploads\/2023\/08\/DSC01452-scaled.jpg\" data-bg=\"p:center top;\" data-no-retina>\n<!--\n\t\t\t\t\t\t\t--><h1\n\t\t\t\t\t\t\t\tid=\"slider-3-slide-249-layer-1\" \n\t\t\t\t\t\t\t\tclass=\"rs-layer\"\n\t\t\t\t\t\t\t\tdata-type=\"text\"\n\t\t\t\t\t\t\t\tdata-rsp_ch=\"on\"\n\t\t\t\t\t\t\t\tdata-xy=\"x:c;xo:-1px,-1px,-2px,-2px;yo:144px,144px,130px,116px;\"\n\t\t\t\t\t\t\t\tdata-text=\"w:normal;s:18,18,18,14.5;l:18,18,18,14;fw:300;\"\n\t\t\t\t\t\t\t\tdata-frame_999=\"o:0;st:w;\"\n\t\t\t\t\t\t\t\tstyle=\"z-index:9;font-family:'Arial', 'Helvetica', 'sans-serif';\"\n\t\t\t\t\t\t\t>Calidad y fiabilidad para los extruidos de silicona en Alemania \n\t\t\t\t\t\t\t<\/h1><!--\n\n\t\t\t\t\t\t\t--><p\n\t\t\t\t\t\t\t\tid=\"slider-3-slide-249-layer-4\" \n\t\t\t\t\t\t\t\tclass=\"rs-layer\"\n\t\t\t\t\t\t\t\tdata-type=\"text\"\n\t\t\t\t\t\t\t\tdata-rsp_ch=\"on\"\n\t\t\t\t\t\t\t\tdata-xy=\"x:c;xo:-1px;yo:161px,161px,157px,134px;\"\n\t\t\t\t\t\t\t\tdata-text=\"w:normal;s:56,56,56,45;l:56,56,56,45;fw:700;\"\n\t\t\t\t\t\t\t\tdata-frame_999=\"o:0;st:w;\"\n\t\t\t\t\t\t\t\tstyle=\"z-index:10;font-family:'Arial', 'Helvetica', 'sans-serif';\"\n\t\t\t\t\t\t\t>Lindemann Silikon GmbH & Co.KG \n\t\t\t\t\t\t\t<\/p><!--\n\n\t\t\t\t\t\t\t--><p\n\t\t\t\t\t\t\t\tid=\"slider-3-slide-249-layer-5\" \n\t\t\t\t\t\t\t\tclass=\"rs-layer\"\n\t\t\t\t\t\t\t\tdata-type=\"text\"\n\t\t\t\t\t\t\t\tdata-rsp_ch=\"on\"\n\t\t\t\t\t\t\t\tdata-xy=\"x:c;xo:0,0,-5px,-3px;yo:215px,215px,212px,183px;\"\n\t\t\t\t\t\t\t\tdata-text=\"w:normal;s:35,35,35,28;l:35,35,35,28;fw:500;\"\n\t\t\t\t\t\t\t\tdata-frame_999=\"o:0;st:w;\"\n\t\t\t\t\t\t\t\tstyle=\"z-index:11;font-family:'Arial', 'Helvetica', 'sans-serif';\"\n\t\t\t\t\t\t\t>Su especialista en silicona \n\t\t\t\t\t\t\t<\/p><!--\n\n\t\t\t\t\t\t\t--><a\n\t\t\t\t\t\t\t\tid=\"slider-3-slide-249-layer-6\" \n\t\t\t\t\t\t\t\tclass=\"rs-layer rev-btn\"\n\t\t\t\t\t\t\t\thref=\"https:\/\/lindemannsilikon.de\/es\/contacto\/\" target=\"_self\"\n\t\t\t\t\t\t\t\tdata-type=\"button\"\n\t\t\t\t\t\t\t\tdata-color=\"#333333\"\n\t\t\t\t\t\t\t\tdata-rsp_ch=\"on\"\n\t\t\t\t\t\t\t\tdata-xy=\"x:c;y:b;yo:137px,137px,94px,91px;\"\n\t\t\t\t\t\t\t\tdata-text=\"w:normal;s:16,16,16,9;l:48,48,48,29;fw:500;a:center;\"\n\t\t\t\t\t\t\t\tdata-dim=\"w:188px,188px,188px,115px;h:48px,48px,48px,29px;minh:0,0,none,none;\"\n\t\t\t\t\t\t\t\tdata-padding=\"r:26,26,16,10;l:26,26,16,10;\"\n\t\t\t\t\t\t\t\tdata-frame_999=\"o:0;st:w;\"\n\t\t\t\t\t\t\t\tdata-frame_hover=\"c:#333;bgc:#f46e6e;bor:0px,0px,0px,0px;\"\n\t\t\t\t\t\t\t\tstyle=\"z-index:12;background-color:rgba(255,255,255,1);font-family:'Arial', 'Helvetica', 'sans-serif';\"\n\t\t\t\t\t\t\t>contactar ahora \n\t\t\t\t\t\t\t<\/a><!--\n-->\t\t\t\t\t<\/rs-slide>\n\t\t\t\t\t<\/rs-slides>\n\t\t\t\t<\/rs-module>\n\t\t\t\t<script>\n\t\t\t\t\tsetREVStartSize({c: 'rev_slider_3_1',rl:[1240,1240,778,480],el:[450,450,400,350],gw:[1240,1240,778,480],gh:[450,450,400,350],type:'standard',justify:'',layout:'fullwidth',mh:\"0\"});if (window.RS_MODULES!==undefined && window.RS_MODULES.modules!==undefined && window.RS_MODULES.modules[\"revslider31\"]!==undefined) {window.RS_MODULES.modules[\"revslider31\"].once = false;window.revapi3 = undefined;if (window.RS_MODULES.checkMinimal!==undefined) window.RS_MODULES.checkMinimal()}\n\t\t\t\t<\/script>\n\t\t\t<\/rs-module-wrap>\n\t\t\t<!-- END REVOLUTION SLIDER -->\n<\/div>\n\n\t\t\t\t\t\t<\/div>\n\t\t\t\t<\/div>\n\t\t\t\t\t<\/div>\n\t\t<\/div>\n\t\t\t\t\t<\/div>\n\t\t<\/section>\n\t\t\t\t<section class=\"elementor-section elementor-top-section elementor-element elementor-element-4fd1dfe elementor-section-stretched elementor-section-full_width elementor-section-height-default elementor-section-height-default\" data-id=\"4fd1dfe\" data-element_type=\"section\" data-settings=\"{&quot;stretch_section&quot;:&quot;section-stretched&quot;}\">\n\t\t\t\t\t\t<div class=\"elementor-container elementor-column-gap-no\">\n\t\t\t\t\t<div class=\"elementor-column elementor-col-100 elementor-top-column elementor-element elementor-element-1317276\" data-id=\"1317276\" data-element_type=\"column\">\n\t\t\t<div class=\"elementor-widget-wrap elementor-element-populated\">\n\t\t\t\t\t\t<div class=\"elementor-element elementor-element-35ed4cd elementor-widget-divider--separator-type-pattern elementor-widget-divider--view-line elementor-widget elementor-widget-divider\" data-id=\"35ed4cd\" data-element_type=\"widget\" data-widget_type=\"divider.default\">\n\t\t\t\t<div class=\"elementor-widget-container\">\n\t\t\t\t\t\t\t<div class=\"elementor-divider\" style=\"--divider-pattern-url: url(&quot;data:image\/svg+xml,%3Csvg xmlns=&#039;http:\/\/www.w3.org\/2000\/svg&#039; preserveAspectRatio=&#039;none&#039; overflow=&#039;visible&#039; height=&#039;100%&#039; viewBox=&#039;0 0 20 16&#039; fill=&#039;none&#039; stroke=&#039;black&#039; stroke-width=&#039;3&#039; stroke-linecap=&#039;square&#039; stroke-miterlimit=&#039;10&#039;%3E%3Cg transform=&#039;translate(-12.000000, 0)&#039;%3E%3Cpath d=&#039;M28,0L10,18&#039;\/%3E%3Cpath d=&#039;M18,0L0,18&#039;\/%3E%3Cpath d=&#039;M48,0L30,18&#039;\/%3E%3Cpath d=&#039;M38,0L20,18&#039;\/%3E%3C\/g%3E%3C\/svg%3E&quot;);\">\n\t\t\t<span class=\"elementor-divider-separator\">\n\t\t\t\t\t\t<\/span>\n\t\t<\/div>\n\t\t\t\t\t\t<\/div>\n\t\t\t\t<\/div>\n\t\t\t\t\t<\/div>\n\t\t<\/div>\n\t\t\t\t\t<\/div>\n\t\t<\/section>\n\t\t\t\t<section class=\"elementor-section elementor-top-section elementor-element elementor-element-08cf3e0 elementor-reverse-tablet elementor-reverse-mobile elementor-section-boxed elementor-section-height-default elementor-section-height-default\" data-id=\"08cf3e0\" data-element_type=\"section\">\n\t\t\t\t\t\t<div class=\"elementor-container elementor-column-gap-default\">\n\t\t\t\t\t<div class=\"elementor-column elementor-col-33 elementor-top-column elementor-element elementor-element-56232e1\" data-id=\"56232e1\" data-element_type=\"column\">\n\t\t\t<div class=\"elementor-widget-wrap elementor-element-populated\">\n\t\t\t\t\t\t<div class=\"elementor-element elementor-element-1ce54a8 elementor-widget elementor-widget-heading\" data-id=\"1ce54a8\" data-element_type=\"widget\" data-widget_type=\"heading.default\">\n\t\t\t\t<div class=\"elementor-widget-container\">\n\t\t\t\t\t<h2 class=\"elementor-heading-title elementor-size-default\"><h3 class=\"simple-title borderline-title\"><span style=\"padding-bottom: 5px\">RESUMEN DEL PRODUCTO<\/span><\/h3><\/h2>\t\t\t\t<\/div>\n\t\t\t\t<\/div>\n\t\t\t\t<div class=\"elementor-element elementor-element-1a815ce elementor-widget elementor-widget-text-editor\" data-id=\"1a815ce\" data-element_type=\"widget\" data-widget_type=\"text-editor.default\">\n\t\t\t\t<div class=\"elementor-widget-container\">\n\t\t\t\t\t\t\t\t\t<p><a href=\"https:\/\/lindemannsilikon.de\/es\/tubos-de-silicona\/\">Mangueras de silicona <span style=\"color: #f46e6e;\">\u00bb<\/span><\/a><\/p>\n\t\t\t\t\t\t\t\t<\/div>\n\t\t\t\t<\/div>\n\t\t\t\t<div class=\"elementor-element elementor-element-ef78699 elementor-widget elementor-widget-text-editor\" data-id=\"ef78699\" data-element_type=\"widget\" data-widget_type=\"text-editor.default\">\n\t\t\t\t<div class=\"elementor-widget-container\">\n\t\t\t\t\t\t\t\t\t<p><a href=\"https:\/\/lindemannsilikon.de\/es\/tubos-de-tela-de-silicona\/\">Mangueras de tela de silicona <span style=\"color: #f46e6e;\">\u00bb<\/span><\/a><\/p>\n\t\t\t\t\t\t\t\t<\/div>\n\t\t\t\t<\/div>\n\t\t\t\t<div class=\"elementor-element elementor-element-1aaec49 elementor-widget elementor-widget-text-editor\" data-id=\"1aaec49\" data-element_type=\"widget\" data-widget_type=\"text-editor.default\">\n\t\t\t\t<div class=\"elementor-widget-container\">\n\t\t\t\t\t\t\t\t\t<p><a href=\"https:\/\/lindemannsilikon.de\/es\/perfiles-de-silicona\/\">Perfiles de silicona <span style=\"color: #f46e6e;\">\u00bb<\/span><\/a><\/p>\n\t\t\t\t\t\t\t\t<\/div>\n\t\t\t\t<\/div>\n\t\t\t\t<div class=\"elementor-element elementor-element-e1125b9 elementor-widget elementor-widget-text-editor\" data-id=\"e1125b9\" data-element_type=\"widget\" data-widget_type=\"text-editor.default\">\n\t\t\t\t<div class=\"elementor-widget-container\">\n\t\t\t\t\t\t\t\t\t<p><a href=\"https:\/\/lindemannsilikon.de\/es\/piezas-moldeadas-de-silicona\/\"> Piezas moldeadas de silicona <span style=\"color: #f46e6e;\">\u00bb<\/span><\/a><\/p>\t\t\t\t\t\t\t\t<\/div>\n\t\t\t\t<\/div>\n\t\t\t\t<div class=\"elementor-element elementor-element-70ef373 elementor-widget elementor-widget-text-editor\" data-id=\"70ef373\" data-element_type=\"widget\" data-widget_type=\"text-editor.default\">\n\t\t\t\t<div class=\"elementor-widget-container\">\n\t\t\t\t\t\t\t\t\t<a href=\"https:\/\/lindemannsilikon.de\/es\/envases-de-silicona\/\">Ensamblaje de silicona <span style=\"color: #f46e6e;\">\u00bb<\/span><\/a>\t\t\t\t\t\t\t\t<\/div>\n\t\t\t\t<\/div>\n\t\t\t\t<div class=\"elementor-element elementor-element-c965d26 elementor-widget elementor-widget-spacer\" data-id=\"c965d26\" data-element_type=\"widget\" data-widget_type=\"spacer.default\">\n\t\t\t\t<div class=\"elementor-widget-container\">\n\t\t\t\t\t\t\t<div class=\"elementor-spacer\">\n\t\t\t<div class=\"elementor-spacer-inner\"><\/div>\n\t\t<\/div>\n\t\t\t\t\t\t<\/div>\n\t\t\t\t<\/div>\n\t\t\t\t<div class=\"elementor-element elementor-element-fc563a3 elementor-widget elementor-widget-heading\" data-id=\"fc563a3\" data-element_type=\"widget\" data-widget_type=\"heading.default\">\n\t\t\t\t<div class=\"elementor-widget-container\">\n\t\t\t\t\t<h2 class=\"elementor-heading-title elementor-size-default\"><h3 class=\"simple-title borderline-title\"><span style=\"padding-bottom: 5px\">MATERIALES<\/span><\/h3><\/h2>\t\t\t\t<\/div>\n\t\t\t\t<\/div>\n\t\t\t\t<div class=\"elementor-element elementor-element-ca50746 elementor-widget elementor-widget-text-editor\" data-id=\"ca50746\" data-element_type=\"widget\" data-widget_type=\"text-editor.default\">\n\t\t\t\t<div class=\"elementor-widget-container\">\n\t\t\t\t\t\t\t\t\t<p><a href=\"https:\/\/lindemannsilikon.de\/es\/resumen-de-materiales\/\"> Resumen de materiales <span style=\"color: #f46e6e;\">\u00bb<\/span><\/a><\/p>\n\t\t\t\t\t\t\t\t<\/div>\n\t\t\t\t<\/div>\n\t\t\t\t<div class=\"elementor-element elementor-element-47cde0b elementor-widget elementor-widget-text-editor\" data-id=\"47cde0b\" data-element_type=\"widget\" data-widget_type=\"text-editor.default\">\n\t\t\t\t<div class=\"elementor-widget-container\">\n\t\t\t\t\t\t\t\t\t<p><a href=\"https:\/\/lindemannsilikon.de\/es\/caracteristicas-del-material\/\"> Propiedades de los materiales <span style=\"color: #f46e6e;\">\u00bb<\/span><\/a><\/p>\n\t\t\t\t\t\t\t\t<\/div>\n\t\t\t\t<\/div>\n\t\t\t\t<div class=\"elementor-element elementor-element-0309c79 elementor-widget elementor-widget-text-editor\" data-id=\"0309c79\" data-element_type=\"widget\" data-widget_type=\"text-editor.default\">\n\t\t\t\t<div class=\"elementor-widget-container\">\n\t\t\t\t\t\t\t\t\t<a href=\"https:\/\/lindemannsilikon.de\/es\/calidad\/\"> Calidad <span style=\"color: #f46e6e;\">\u00bb<\/span><\/a>\t\t\t\t\t\t\t\t<\/div>\n\t\t\t\t<\/div>\n\t\t\t\t\t<\/div>\n\t\t<\/div>\n\t\t\t\t<div class=\"elementor-column elementor-col-66 elementor-top-column elementor-element elementor-element-eda8696\" data-id=\"eda8696\" data-element_type=\"column\">\n\t\t\t<div class=\"elementor-widget-wrap elementor-element-populated\">\n\t\t\t\t\t\t<div class=\"elementor-element elementor-element-e10b1e4 elementor-widget elementor-widget-heading\" data-id=\"e10b1e4\" data-element_type=\"widget\" data-widget_type=\"heading.default\">\n\t\t\t\t<div class=\"elementor-widget-container\">\n\t\t\t\t\t<h2 class=\"elementor-heading-title elementor-size-default\">Retrato de la compa\u00f1\u00eda<\/h2>\t\t\t\t<\/div>\n\t\t\t\t<\/div>\n\t\t\t\t<div class=\"elementor-element elementor-element-e7df216 elementor-widget elementor-widget-text-editor\" data-id=\"e7df216\" data-element_type=\"widget\" data-widget_type=\"text-editor.default\">\n\t\t\t\t<div class=\"elementor-widget-container\">\n\t\t\t\t\t\t\t\t\t<p><strong>J. Lindemann GmbH<\/strong> fue fundada en Berl\u00edn en 1978. Con el fin de ampliar las capacidades, la empresa se traslad\u00f3 a Helmstedt en 1993. Desde entonces, nuestra empresa se ha especializado en la producci\u00f3n de extrusiones de silicona como perfiles<br \/>y mangueras y piezas moldeadas de silicona.<br \/>La producci\u00f3n se lleva a cabo con modernas m\u00e1quinas de extrusi\u00f3n y moldeo por inyecci\u00f3n en una superficie de aprox. 4.500 m\u00b2 con 80 empleados.<\/p>\n<p>La prioridad de nuestra empresa es la satisfacci\u00f3n del cliente a trav\u00e9s de la calidad y la fiabilidad.<\/p>\n<p>Nuestro enfoque orientado al cliente se extiende desde la investigaci\u00f3n hasta la entrega del producto.<\/p>\n<p>Con m\u00e1s de 40 a\u00f1os de experiencia en el sector de la silicona, tenemos una gran cantidad de conocimientos que podemos aplicar espec\u00edficamente a sus aplicaciones y proyectos. Asesoramos a las peque\u00f1as y grandes empresas en sus aplicaciones de silicona.<br \/>Juntos encontraremos el compuesto de silicona adecuado para su producto. A trav\u00e9s de nuestra propia planta de mezcla somos capaces de producir materiales exactamente de acuerdo a sus especificaciones.<br \/>Despu\u00e9s de seleccionar el compuesto de silicona adecuado, normalmente podemos recurrir a las herramientas existentes para su producto y producirlo sin costes de herramientas.<br \/>En el caso de productos especiales, podemos fabricar su producto de silicona de forma r\u00e1pida y econ\u00f3mica con la ayuda de nuestro propio departamento de fabricaci\u00f3n de herramientas.<\/p>\n\t\t\t\t\t\t\t\t<\/div>\n\t\t\t\t<\/div>\n\t\t\t\t\t<\/div>\n\t\t<\/div>\n\t\t\t\t\t<\/div>\n\t\t<\/section>\n\t\t\t\t<\/div>\n\t\t","protected":false},"excerpt":{"rendered":"<p>RESUMEN DEL PRODUCTO Mangueras de silicona \u00bb Mangueras de tela de silicona \u00bb Perfiles de silicona \u00bb Piezas moldeadas de silicona \u00bb Ensamblaje de silicona \u00bb MATERIALES Resumen de materiales \u00bb Propiedades de los materiales \u00bb Calidad \u00bb Retrato de la compa\u00f1\u00eda J. Lindemann GmbH fue fundada en Berl\u00edn en 1978. Con el fin de&hellip;<\/p>\n","protected":false},"author":10,"featured_media":0,"parent":0,"menu_order":20,"comment_status":"closed","ping_status":"closed","template":"","meta":{"footnotes":""},"class_list":["post-4045","page","type-page","status-publish","hentry"],"yoast_head":"<!-- This site is optimized with the Yoast SEO Premium plugin v26.4 (Yoast SEO v27.3) - https:\/\/yoast.com\/product\/yoast-seo-premium-wordpress\/ -->\n<title>Retrato de la empresa | Fabricante de silicona en Helmstedt<\/title>\n<meta name=\"description\" content=\"Retrato de la empresa | Lindemann Silikon \u27a4 40 a\u00f1os de experiencia en el sector de la silicona \u2714 La satisfacci\u00f3n del cliente a trav\u00e9s de la calidad \u2714\" \/>\n<meta name=\"robots\" content=\"index, follow, max-snippet:-1, max-image-preview:large, max-video-preview:-1\" \/>\n<link rel=\"canonical\" href=\"https:\/\/lindemannsilikon.de\/es\/retrato-de-la-compania\/\" \/>\n<meta property=\"og:locale\" content=\"es_ES\" \/>\n<meta property=\"og:type\" content=\"article\" \/>\n<meta property=\"og:title\" content=\"Retrato de la compa\u00f1\u00eda\" \/>\n<meta property=\"og:description\" content=\"Retrato de la empresa | Lindemann Silikon \u27a4 40 a\u00f1os de experiencia en el sector de la silicona \u2714 La satisfacci\u00f3n del cliente a trav\u00e9s de la calidad \u2714\" \/>\n<meta property=\"og:url\" content=\"https:\/\/lindemannsilikon.de\/es\/retrato-de-la-compania\/\" \/>\n<meta property=\"og:site_name\" content=\"Lindemann Silikon\" \/>\n<meta property=\"article:modified_time\" content=\"2023-06-12T09:02:54+00:00\" \/>\n<meta name=\"twitter:card\" content=\"summary_large_image\" \/>\n<meta name=\"twitter:label1\" content=\"Tiempo de lectura\" \/>\n\t<meta name=\"twitter:data1\" content=\"2 minutos\" \/>\n<script type=\"application\/ld+json\" class=\"yoast-schema-graph\">{\"@context\":\"https:\\\/\\\/schema.org\",\"@graph\":[{\"@type\":\"WebPage\",\"@id\":\"https:\\\/\\\/lindemannsilikon.de\\\/es\\\/retrato-de-la-compania\\\/\",\"url\":\"https:\\\/\\\/lindemannsilikon.de\\\/es\\\/retrato-de-la-compania\\\/\",\"name\":\"Retrato de la empresa | Fabricante de silicona en Helmstedt\",\"isPartOf\":{\"@id\":\"https:\\\/\\\/lindemannsilikon.de\\\/#website\"},\"datePublished\":\"2020-09-13T12:26:32+00:00\",\"dateModified\":\"2023-06-12T09:02:54+00:00\",\"description\":\"Retrato de la empresa | Lindemann Silikon \u27a4 40 a\u00f1os de experiencia en el sector de la silicona \u2714 La satisfacci\u00f3n del cliente a trav\u00e9s de la calidad \u2714\",\"breadcrumb\":{\"@id\":\"https:\\\/\\\/lindemannsilikon.de\\\/es\\\/retrato-de-la-compania\\\/#breadcrumb\"},\"inLanguage\":\"es\",\"potentialAction\":[{\"@type\":\"ReadAction\",\"target\":[\"https:\\\/\\\/lindemannsilikon.de\\\/es\\\/retrato-de-la-compania\\\/\"]}]},{\"@type\":\"BreadcrumbList\",\"@id\":\"https:\\\/\\\/lindemannsilikon.de\\\/es\\\/retrato-de-la-compania\\\/#breadcrumb\",\"itemListElement\":[{\"@type\":\"ListItem\",\"position\":1,\"name\":\"Startseite\",\"item\":\"https:\\\/\\\/lindemannsilikon.de\\\/es\\\/\"},{\"@type\":\"ListItem\",\"position\":2,\"name\":\"Retrato de la compa\u00f1\u00eda\"}]},{\"@type\":\"WebSite\",\"@id\":\"https:\\\/\\\/lindemannsilikon.de\\\/#website\",\"url\":\"https:\\\/\\\/lindemannsilikon.de\\\/\",\"name\":\"Lindemann Silikon\",\"description\":\"Silikonhersteller aus Deutschland\",\"publisher\":{\"@id\":\"https:\\\/\\\/lindemannsilikon.de\\\/#organization\"},\"potentialAction\":[{\"@type\":\"SearchAction\",\"target\":{\"@type\":\"EntryPoint\",\"urlTemplate\":\"https:\\\/\\\/lindemannsilikon.de\\\/?s={search_term_string}\"},\"query-input\":{\"@type\":\"PropertyValueSpecification\",\"valueRequired\":true,\"valueName\":\"search_term_string\"}}],\"inLanguage\":\"es\"},{\"@type\":\"Organization\",\"@id\":\"https:\\\/\\\/lindemannsilikon.de\\\/#organization\",\"name\":\"Lindemann Silikon\",\"url\":\"https:\\\/\\\/lindemannsilikon.de\\\/\",\"logo\":{\"@type\":\"ImageObject\",\"inLanguage\":\"es\",\"@id\":\"https:\\\/\\\/lindemannsilikon.de\\\/#\\\/schema\\\/logo\\\/image\\\/\",\"url\":\"https:\\\/\\\/lindemannsilikon.de\\\/wp-content\\\/uploads\\\/2020\\\/04\\\/logo_black.png\",\"contentUrl\":\"https:\\\/\\\/lindemannsilikon.de\\\/wp-content\\\/uploads\\\/2020\\\/04\\\/logo_black.png\",\"width\":101,\"height\":43,\"caption\":\"Lindemann Silikon\"},\"image\":{\"@id\":\"https:\\\/\\\/lindemannsilikon.de\\\/#\\\/schema\\\/logo\\\/image\\\/\"},\"sameAs\":[\"https:\\\/\\\/www.linkedin.com\\\/company\\\/lindemannsilikon\"]}]}<\/script>\n<!-- \/ Yoast SEO Premium plugin. -->","yoast_head_json":{"title":"Retrato de la empresa | Fabricante de silicona en Helmstedt","description":"Retrato de la empresa | Lindemann Silikon \u27a4 40 a\u00f1os de experiencia en el sector de la silicona \u2714 La satisfacci\u00f3n del cliente a trav\u00e9s de la calidad \u2714","robots":{"index":"index","follow":"follow","max-snippet":"max-snippet:-1","max-image-preview":"max-image-preview:large","max-video-preview":"max-video-preview:-1"},"canonical":"https:\/\/lindemannsilikon.de\/es\/retrato-de-la-compania\/","og_locale":"es_ES","og_type":"article","og_title":"Retrato de la compa\u00f1\u00eda","og_description":"Retrato de la empresa | Lindemann Silikon \u27a4 40 a\u00f1os de experiencia en el sector de la silicona \u2714 La satisfacci\u00f3n del cliente a trav\u00e9s de la calidad \u2714","og_url":"https:\/\/lindemannsilikon.de\/es\/retrato-de-la-compania\/","og_site_name":"Lindemann Silikon","article_modified_time":"2023-06-12T09:02:54+00:00","twitter_card":"summary_large_image","twitter_misc":{"Tiempo de lectura":"2 minutos"},"schema":{"@context":"https:\/\/schema.org","@graph":[{"@type":"WebPage","@id":"https:\/\/lindemannsilikon.de\/es\/retrato-de-la-compania\/","url":"https:\/\/lindemannsilikon.de\/es\/retrato-de-la-compania\/","name":"Retrato de la empresa | Fabricante de silicona en Helmstedt","isPartOf":{"@id":"https:\/\/lindemannsilikon.de\/#website"},"datePublished":"2020-09-13T12:26:32+00:00","dateModified":"2023-06-12T09:02:54+00:00","description":"Retrato de la empresa | Lindemann Silikon \u27a4 40 a\u00f1os de experiencia en el sector de la silicona \u2714 La satisfacci\u00f3n del cliente a trav\u00e9s de la calidad \u2714","breadcrumb":{"@id":"https:\/\/lindemannsilikon.de\/es\/retrato-de-la-compania\/#breadcrumb"},"inLanguage":"es","potentialAction":[{"@type":"ReadAction","target":["https:\/\/lindemannsilikon.de\/es\/retrato-de-la-compania\/"]}]},{"@type":"BreadcrumbList","@id":"https:\/\/lindemannsilikon.de\/es\/retrato-de-la-compania\/#breadcrumb","itemListElement":[{"@type":"ListItem","position":1,"name":"Startseite","item":"https:\/\/lindemannsilikon.de\/es\/"},{"@type":"ListItem","position":2,"name":"Retrato de la compa\u00f1\u00eda"}]},{"@type":"WebSite","@id":"https:\/\/lindemannsilikon.de\/#website","url":"https:\/\/lindemannsilikon.de\/","name":"Lindemann Silikon","description":"Silikonhersteller aus Deutschland","publisher":{"@id":"https:\/\/lindemannsilikon.de\/#organization"},"potentialAction":[{"@type":"SearchAction","target":{"@type":"EntryPoint","urlTemplate":"https:\/\/lindemannsilikon.de\/?s={search_term_string}"},"query-input":{"@type":"PropertyValueSpecification","valueRequired":true,"valueName":"search_term_string"}}],"inLanguage":"es"},{"@type":"Organization","@id":"https:\/\/lindemannsilikon.de\/#organization","name":"Lindemann Silikon","url":"https:\/\/lindemannsilikon.de\/","logo":{"@type":"ImageObject","inLanguage":"es","@id":"https:\/\/lindemannsilikon.de\/#\/schema\/logo\/image\/","url":"https:\/\/lindemannsilikon.de\/wp-content\/uploads\/2020\/04\/logo_black.png","contentUrl":"https:\/\/lindemannsilikon.de\/wp-content\/uploads\/2020\/04\/logo_black.png","width":101,"height":43,"caption":"Lindemann Silikon"},"image":{"@id":"https:\/\/lindemannsilikon.de\/#\/schema\/logo\/image\/"},"sameAs":["https:\/\/www.linkedin.com\/company\/lindemannsilikon"]}]}},"_links":{"self":[{"href":"https:\/\/lindemannsilikon.de\/es\/wp-json\/wp\/v2\/pages\/4045","targetHints":{"allow":["GET"]}}],"collection":[{"href":"https:\/\/lindemannsilikon.de\/es\/wp-json\/wp\/v2\/pages"}],"about":[{"href":"https:\/\/lindemannsilikon.de\/es\/wp-json\/wp\/v2\/types\/page"}],"author":[{"embeddable":true,"href":"https:\/\/lindemannsilikon.de\/es\/wp-json\/wp\/v2\/users\/10"}],"replies":[{"embeddable":true,"href":"https:\/\/lindemannsilikon.de\/es\/wp-json\/wp\/v2\/comments?post=4045"}],"version-history":[{"count":7,"href":"https:\/\/lindemannsilikon.de\/es\/wp-json\/wp\/v2\/pages\/4045\/revisions"}],"predecessor-version":[{"id":13203,"href":"https:\/\/lindemannsilikon.de\/es\/wp-json\/wp\/v2\/pages\/4045\/revisions\/13203"}],"wp:attachment":[{"href":"https:\/\/lindemannsilikon.de\/es\/wp-json\/wp\/v2\/media?parent=4045"}],"curies":[{"name":"wp","href":"https:\/\/api.w.org\/{rel}","templated":true}]}}