{"id":17925,"date":"2026-05-01T11:44:12","date_gmt":"2026-05-01T09:44:12","guid":{"rendered":"https:\/\/lindemannsilikon.de\/student-2\/"},"modified":"2026-05-01T16:37:24","modified_gmt":"2026-05-01T14:37:24","slug":"student-mfd","status":"publish","type":"page","link":"https:\/\/lindemannsilikon.de\/en\/student-mfd\/","title":{"rendered":"Student (m\/f\/d)"},"content":{"rendered":"\t\t<div data-elementor-type=\"wp-page\" data-elementor-id=\"17925\" class=\"elementor elementor-17925 elementor-5117\" data-elementor-post-type=\"page\">\n\t\t\t\t\t\t<section class=\"elementor-section elementor-top-section elementor-element elementor-element-0f25922 elementor-section-stretched elementor-section-full_width elementor-section-height-default elementor-section-height-default\" data-id=\"0f25922\" data-element_type=\"section\" data-settings=\"{&quot;stretch_section&quot;:&quot;section-stretched&quot;}\">\n\t\t\t\t\t\t<div class=\"elementor-container elementor-column-gap-no\">\n\t\t\t\t\t<div class=\"elementor-column elementor-col-100 elementor-top-column elementor-element elementor-element-12f784e\" data-id=\"12f784e\" data-element_type=\"column\">\n\t\t\t<div class=\"elementor-widget-wrap elementor-element-populated\">\n\t\t\t\t\t\t<div class=\"elementor-element elementor-element-1fb88e0 elementor--h-position-center elementor--v-position-middle elementor-arrows-position-inside elementor-pagination-position-inside elementor-widget elementor-widget-slides\" data-id=\"1fb88e0\" data-element_type=\"widget\" data-settings=\"{&quot;navigation&quot;:&quot;both&quot;,&quot;autoplay&quot;:&quot;yes&quot;,&quot;pause_on_hover&quot;:&quot;yes&quot;,&quot;pause_on_interaction&quot;:&quot;yes&quot;,&quot;autoplay_speed&quot;:5000,&quot;infinite&quot;:&quot;yes&quot;,&quot;transition&quot;:&quot;slide&quot;,&quot;transition_speed&quot;:500}\" data-widget_type=\"slides.default\">\n\t\t\t\t<div class=\"elementor-widget-container\">\n\t\t\t\t\t\t\t\t\t<div class=\"elementor-swiper\">\n\t\t\t\t\t<div class=\"elementor-slides-wrapper elementor-main-swiper swiper\" role=\"region\" aria-roledescription=\"carousel\" aria-label=\"Slides\" dir=\"ltr\" data-animation=\"fadeInUp\">\n\t\t\t\t<div class=\"swiper-wrapper elementor-slides\">\n\t\t\t\t\t\t\t\t\t\t<div class=\"elementor-repeater-item-34656ae swiper-slide\" role=\"group\" aria-roledescription=\"slide\"><div class=\"swiper-slide-bg\" role=\"img\" aria-label=\"silikonschlaeuche-und-schnuere-lindemann-silikon\"><\/div><div class=\"swiper-slide-inner\" ><div class=\"swiper-slide-contents\"><div class=\"elementor-slide-heading\"><h1 class=\"sliderh1\" style=\"color:white;font-size:35px;font-weight:600;\">Student (m\/w\/d)<\/h1><\/div><div class=\"elementor-slide-description\"><p style=\"color:white;font-size:17px;font-weight:400;\">Ihr <b>SPEZIALIST<\/b> in Silikon<\/p>\n<\/div><a href=\"mailto:bewerbung@lindemannsilikon.de\" class=\"elementor-button elementor-slide-button elementor-size-sm\">jetzt bewerben!<\/a><\/div><\/div><\/div>\t\t\t\t<\/div>\n\t\t\t\t\t\t\t<\/div>\n\t\t\t\t<\/div>\n\t\t\t\t\t\t\t\t<\/div>\n\t\t\t\t<\/div>\n\t\t\t\t\t<\/div>\n\t\t<\/div>\n\t\t\t\t\t<\/div>\n\t\t<\/section>\n\t\t\t\t<section class=\"elementor-section elementor-top-section elementor-element elementor-element-4fd1dfe elementor-section-stretched elementor-section-full_width elementor-section-height-default elementor-section-height-default\" data-id=\"4fd1dfe\" data-element_type=\"section\" data-settings=\"{&quot;stretch_section&quot;:&quot;section-stretched&quot;}\">\n\t\t\t\t\t\t<div class=\"elementor-container elementor-column-gap-no\">\n\t\t\t\t\t<div class=\"elementor-column elementor-col-100 elementor-top-column elementor-element elementor-element-1317276\" data-id=\"1317276\" data-element_type=\"column\">\n\t\t\t<div class=\"elementor-widget-wrap elementor-element-populated\">\n\t\t\t\t\t\t<div class=\"elementor-element elementor-element-35ed4cd elementor-widget-divider--separator-type-pattern elementor-widget-divider--view-line elementor-widget elementor-widget-divider\" data-id=\"35ed4cd\" data-element_type=\"widget\" data-widget_type=\"divider.default\">\n\t\t\t\t<div class=\"elementor-widget-container\">\n\t\t\t\t\t\t\t<div class=\"elementor-divider\" style=\"--divider-pattern-url: url(&quot;data:image\/svg+xml,%3Csvg xmlns=&#039;http:\/\/www.w3.org\/2000\/svg&#039; preserveAspectRatio=&#039;none&#039; overflow=&#039;visible&#039; height=&#039;100%&#039; viewBox=&#039;0 0 20 16&#039; fill=&#039;none&#039; stroke=&#039;black&#039; stroke-width=&#039;3&#039; stroke-linecap=&#039;square&#039; stroke-miterlimit=&#039;10&#039;%3E%3Cg transform=&#039;translate(-12.000000, 0)&#039;%3E%3Cpath d=&#039;M28,0L10,18&#039;\/%3E%3Cpath d=&#039;M18,0L0,18&#039;\/%3E%3Cpath d=&#039;M48,0L30,18&#039;\/%3E%3Cpath d=&#039;M38,0L20,18&#039;\/%3E%3C\/g%3E%3C\/svg%3E&quot;);\">\n\t\t\t<span class=\"elementor-divider-separator\">\n\t\t\t\t\t\t<\/span>\n\t\t<\/div>\n\t\t\t\t\t\t<\/div>\n\t\t\t\t<\/div>\n\t\t\t\t\t<\/div>\n\t\t<\/div>\n\t\t\t\t\t<\/div>\n\t\t<\/section>\n\t\t\t\t<section class=\"elementor-section elementor-top-section elementor-element elementor-element-7653f9f elementor-section-boxed elementor-section-height-default elementor-section-height-default\" data-id=\"7653f9f\" data-element_type=\"section\">\n\t\t\t\t\t\t<div class=\"elementor-container elementor-column-gap-default\">\n\t\t\t\t\t<div class=\"elementor-column elementor-col-50 elementor-top-column elementor-element elementor-element-2112dbe\" data-id=\"2112dbe\" data-element_type=\"column\">\n\t\t\t<div class=\"elementor-widget-wrap elementor-element-populated\">\n\t\t\t\t\t\t<div class=\"elementor-element elementor-element-cda0dc6 elementor-widget elementor-widget-heading\" data-id=\"cda0dc6\" data-element_type=\"widget\" data-widget_type=\"heading.default\">\n\t\t\t\t<div class=\"elementor-widget-container\">\n\t\t\t\t\t<div class=\"elementor-heading-title elementor-size-medium\">Einsatzort<\/div>\t\t\t\t<\/div>\n\t\t\t\t<\/div>\n\t\t\t\t<div class=\"elementor-element elementor-element-dcbc7fb elementor-widget elementor-widget-heading\" data-id=\"dcbc7fb\" data-element_type=\"widget\" data-widget_type=\"heading.default\">\n\t\t\t\t<div class=\"elementor-widget-container\">\n\t\t\t\t\t<h3 class=\"elementor-heading-title elementor-size-small\">J. Lindemann GmbH<\/h3>\t\t\t\t<\/div>\n\t\t\t\t<\/div>\n\t\t\t\t<div class=\"elementor-element elementor-element-dfa53ec elementor-widget elementor-widget-text-editor\" data-id=\"dfa53ec\" data-element_type=\"widget\" data-widget_type=\"text-editor.default\">\n\t\t\t\t<div class=\"elementor-widget-container\">\n\t\t\t\t\t\t\t\t\t<p>Dieselstr. 12<br>\n38350 Helmstedt<\/br><\/p>\n\n<p>T: +49 (5351) 544580<br>\nF: +49 (5351) 5445809<\/br><\/p>\n\n<a href=\"mailto:bewerbung@lindemannsilikon.de\">bewerbung@lindemannsilikon.de<\/a>\t\t\t\t\t\t\t\t<\/div>\n\t\t\t\t<\/div>\n\t\t\t\t<div class=\"elementor-element elementor-element-41ab7aa elementor-widget elementor-widget-shortcode\" data-id=\"41ab7aa\" data-element_type=\"widget\" data-widget_type=\"shortcode.default\">\n\t\t\t\t<div class=\"elementor-widget-container\">\n\t\t\t\t\t\t\t<div class=\"elementor-shortcode\"><div class=\"BorlabsCookie _brlbs-cb-googlemaps\"><div class=\"_brlbs-content-blocker\"> <div class=\"_brlbs-embed _brlbs-google-maps\"> <img decoding=\"async\" class=\"_brlbs-thumbnail\" src=\"https:\/\/lindemannsilikon.de\/wp-content\/plugins\/borlabs-cookie\/assets\/images\/cb-maps.png\" alt=\"Google Maps\"> <div class=\"_brlbs-caption\"> <p>Mit dem Laden der Karte akzeptieren Sie die Datenschutzerkl\u00e4rung von Google.<br><a href=\"https:\/\/policies.google.com\/privacy\" target=\"_blank\" rel=\"nofollow noopener noreferrer\">Mehr erfahren<\/a><\/p> <p><a class=\"_brlbs-btn\" href=\"#\" data-borlabs-cookie-unblock role=\"button\">Karte laden<\/a><\/p> <p><label><input type=\"checkbox\" name=\"unblockAll\" value=\"1\" checked> <small>Google Maps immer entsperren<\/small><\/label><\/p> <\/div> <\/div> <\/div><div class=\"borlabs-hide\" data-borlabs-cookie-type=\"content-blocker\" data-borlabs-cookie-id=\"googlemaps\"><script type=\"text\/template\">PGlmcmFtZSBzcmM9Imh0dHBzOi8vd3d3Lmdvb2dsZS5jb20vbWFwcy9lbWJlZD9wYj0hMW0xOCExbTEyITFtMyExZDI0NDMuMzcxMjU2NzExMjExITJkMTAuOTg1MDAxMjE2MTQ5MTY4ITNkNTIuMjM2NjM5OTc5NzYxNTQhMm0zITFmMCEyZjAhM2YwITNtMiExaTEwMjQhMmk3NjghNGYxMy4xITNtMyExbTIhMXMweDQ3YWY4MTJiMWNhYWFjZmYlM0EweDkzMTlkNjBkYWE0NTI3OGUhMnNKLiUyMExpbmRlbWFubiUyMEdtYkghNWUwITNtMiExc2RlITJzZGUhNHYxNjA1MTkzOTA0NDE5ITVtMiExc2RlITJzZGUiIHdpZHRoPSI2MDAiIGhlaWdodD0iMzAwIiBmcmFtZWJvcmRlcj0iMCIgc3R5bGU9ImJvcmRlcjowOyIgYWxsb3dmdWxsc2NyZWVuPSIiIGFyaWEtaGlkZGVuPSJmYWxzZSIgdGFiaW5kZXg9IjAiPjwvaWZyYW1lPg==<\/script><\/div><\/div><\/div>\n\t\t\t\t\t\t<\/div>\n\t\t\t\t<\/div>\n\t\t\t\t\t<\/div>\n\t\t<\/div>\n\t\t\t\t<div class=\"elementor-column elementor-col-50 elementor-top-column elementor-element elementor-element-e5240d6\" data-id=\"e5240d6\" data-element_type=\"column\">\n\t\t\t<div class=\"elementor-widget-wrap elementor-element-populated\">\n\t\t\t\t\t\t<div class=\"elementor-element elementor-element-e10b1e4 elementor-widget elementor-widget-heading\" data-id=\"e10b1e4\" data-element_type=\"widget\" data-widget_type=\"heading.default\">\n\t\t\t\t<div class=\"elementor-widget-container\">\n\t\t\t\t\t<div class=\"elementor-heading-title elementor-size-medium\">Beschreibung<\/div>\t\t\t\t<\/div>\n\t\t\t\t<\/div>\n\t\t\t\t<div class=\"elementor-element elementor-element-89b64bc elementor-widget elementor-widget-text-editor\" data-id=\"89b64bc\" data-element_type=\"widget\" data-widget_type=\"text-editor.default\">\n\t\t\t\t<div class=\"elementor-widget-container\">\n\t\t\t\t\t\t\t\t\t<p>Die J. Lindemann GmbH ist ein Hersteller von Silikonprodukten in Helmstedt. Die Firma verarbeitet den Werkstoff Silikon im Extrusions- und Spritzgussverfahren. Aus diesen Verfahren werden Schl\u00e4uche, Profile und Formteile in verschiedenen Querschnitten f\u00fcr industrielle und medizinische Anwendungen gefertigt. Die Firma wurde 1978 in Berlin gegr\u00fcndet. Wir sind ein wachsendes Unternehmen mit 60 Mitarbeitern und bieten Einsatzm\u00f6glichkeiten f\u00fcr Studenten in den Studieng\u00e4ngen Maschinenbau, Elektrotechnik und Informatik:<\/p>\n\t\t\t\t\t\t\t\t<\/div>\n\t\t\t\t<\/div>\n\t\t\t\t<div class=\"elementor-element elementor-element-2f78f17 elementor-icon-list--layout-traditional elementor-list-item-link-full_width elementor-widget elementor-widget-icon-list\" data-id=\"2f78f17\" data-element_type=\"widget\" data-widget_type=\"icon-list.default\">\n\t\t\t\t<div class=\"elementor-widget-container\">\n\t\t\t\t\t\t\t<ul class=\"elementor-icon-list-items\">\n\t\t\t\t\t\t\t<li class=\"elementor-icon-list-item\">\n\t\t\t\t\t\t\t\t\t\t\t<span class=\"elementor-icon-list-icon\">\n\t\t\t\t\t\t\t<i aria-hidden=\"true\" class=\"far fa-circle\"><\/i>\t\t\t\t\t\t<\/span>\n\t\t\t\t\t\t\t\t\t\t<span class=\"elementor-icon-list-text\">Werkstudenten<\/span>\n\t\t\t\t\t\t\t\t\t<\/li>\n\t\t\t\t\t\t\t\t<li class=\"elementor-icon-list-item\">\n\t\t\t\t\t\t\t\t\t\t\t<span class=\"elementor-icon-list-icon\">\n\t\t\t\t\t\t\t<i aria-hidden=\"true\" class=\"far fa-circle\"><\/i>\t\t\t\t\t\t<\/span>\n\t\t\t\t\t\t\t\t\t\t<span class=\"elementor-icon-list-text\">Bachelor und Masterarbeiten<\/span>\n\t\t\t\t\t\t\t\t\t<\/li>\n\t\t\t\t\t\t\t\t<li class=\"elementor-icon-list-item\">\n\t\t\t\t\t\t\t\t\t\t\t<span class=\"elementor-icon-list-icon\">\n\t\t\t\t\t\t\t<i aria-hidden=\"true\" class=\"far fa-circle\"><\/i>\t\t\t\t\t\t<\/span>\n\t\t\t\t\t\t\t\t\t\t<span class=\"elementor-icon-list-text\">Praxissemester \/ Praktikas<\/span>\n\t\t\t\t\t\t\t\t\t<\/li>\n\t\t\t\t\t\t<\/ul>\n\t\t\t\t\t\t<\/div>\n\t\t\t\t<\/div>\n\t\t\t\t<div class=\"elementor-element elementor-element-ad921c4 elementor-widget elementor-widget-text-editor\" data-id=\"ad921c4\" data-element_type=\"widget\" data-widget_type=\"text-editor.default\">\n\t\t\t\t<div class=\"elementor-widget-container\">\n\t\t\t\t\t\t\t\t\t<p>Als wachsender Betrieb in einem dynamischen Nischenbereich verf\u00fcgen wir \u00fcber diverse Themengebiete:<\/p>\n\t\t\t\t\t\t\t\t<\/div>\n\t\t\t\t<\/div>\n\t\t\t\t<div class=\"elementor-element elementor-element-feeb6b2 elementor-icon-list--layout-traditional elementor-list-item-link-full_width elementor-widget elementor-widget-icon-list\" data-id=\"feeb6b2\" data-element_type=\"widget\" data-widget_type=\"icon-list.default\">\n\t\t\t\t<div class=\"elementor-widget-container\">\n\t\t\t\t\t\t\t<ul class=\"elementor-icon-list-items\">\n\t\t\t\t\t\t\t<li class=\"elementor-icon-list-item\">\n\t\t\t\t\t\t\t\t\t\t\t<span class=\"elementor-icon-list-icon\">\n\t\t\t\t\t\t\t<i aria-hidden=\"true\" class=\"far fa-circle\"><\/i>\t\t\t\t\t\t<\/span>\n\t\t\t\t\t\t\t\t\t\t<span class=\"elementor-icon-list-text\">Produktionsoptimierung =&gt; Erfassung der Ist Analyse und Optimierung der Standzeiten und Maschinenlaufzeiten, Optimierung des Warenflusses innerhalb der Produktion und des Versands, Abbau Lagerkapazit\u00e4ten.<\/span>\n\t\t\t\t\t\t\t\t\t<\/li>\n\t\t\t\t\t\t\t\t<li class=\"elementor-icon-list-item\">\n\t\t\t\t\t\t\t\t\t\t\t<span class=\"elementor-icon-list-icon\">\n\t\t\t\t\t\t\t<i aria-hidden=\"true\" class=\"far fa-circle\"><\/i>\t\t\t\t\t\t<\/span>\n\t\t\t\t\t\t\t\t\t\t<span class=\"elementor-icon-list-text\">Verfahrenstechnik =&gt; Inbetriebnahme neuer Maschinen, Anlagen Vorrichtungen,  Anfahren und Dokumentieren neuer Verfahren und Artikel  in der Extrusion<\/span>\n\t\t\t\t\t\t\t\t\t<\/li>\n\t\t\t\t\t\t\t\t<li class=\"elementor-icon-list-item\">\n\t\t\t\t\t\t\t\t\t\t\t<span class=\"elementor-icon-list-icon\">\n\t\t\t\t\t\t\t<i aria-hidden=\"true\" class=\"far fa-circle\"><\/i>\t\t\t\t\t\t<\/span>\n\t\t\t\t\t\t\t\t\t\t<span class=\"elementor-icon-list-text\">Qualit\u00e4tsmanagement =&gt; Analyse des bestehenden QM Systems, Weiterentwicklung des QM Systems, Einf\u00fchrung neuer Qualit\u00e4tsmethoden im Produktionsablauf, Analyse und Systematisierung der Produktionsfehler und Ableiten von Massnahmen.<\/span>\n\t\t\t\t\t\t\t\t\t<\/li>\n\t\t\t\t\t\t\t\t<li class=\"elementor-icon-list-item\">\n\t\t\t\t\t\t\t\t\t\t\t<span class=\"elementor-icon-list-icon\">\n\t\t\t\t\t\t\t<i aria-hidden=\"true\" class=\"far fa-circle\"><\/i>\t\t\t\t\t\t<\/span>\n\t\t\t\t\t\t\t\t\t\t<span class=\"elementor-icon-list-text\">Automatisierung =&gt; Analyse der einzelnen Arbeitsschritte innerhalb der Produktion und Ableiten von m\u00f6glichen Einsatzgebieten f\u00fcr eine Automatisierung.<\/span>\n\t\t\t\t\t\t\t\t\t<\/li>\n\t\t\t\t\t\t<\/ul>\n\t\t\t\t\t\t<\/div>\n\t\t\t\t<\/div>\n\t\t\t\t\t<\/div>\n\t\t<\/div>\n\t\t\t\t\t<\/div>\n\t\t<\/section>\n\t\t\t\t<\/div>\n\t\t","protected":false},"excerpt":{"rendered":"<p>Student (m\/w\/d) Ihr SPEZIALIST in Silikon jetzt bewerben! Einsatzort J. Lindemann GmbH Dieselstr. 12 38350 Helmstedt T: +49 (5351) 544580 F: +49 (5351) 5445809 bewerbung@lindemannsilikon.de Mit dem Laden der Karte akzeptieren Sie die Datenschutzerkl\u00e4rung von Google.Mehr erfahren Karte laden Google Maps immer entsperren Beschreibung Die J. Lindemann GmbH ist ein Hersteller von Silikonprodukten in Helmstedt.&hellip;<\/p>\n","protected":false},"author":8,"featured_media":0,"parent":0,"menu_order":20,"comment_status":"closed","ping_status":"closed","template":"","meta":{"_yoast_wpseo_focuskw":"","_yoast_wpseo_title":"","_yoast_wpseo_metadesc":"Student (m\/f\/d) | Job Offer | Helmstedt | Lindemann Silikon \u27a4 Master's Thesis \u2714 Bachelor's Thesis \u2714 Working Student \u2714 Internships \u2714","_yoast_wpseo_canonical":"","_yoast_wpseo_opengraph-title":"","_yoast_wpseo_opengraph-description":"","_yoast_wpseo_opengraph-image":"","_yoast_wpseo_twitter-title":"","_yoast_wpseo_twitter-description":"","_yoast_wpseo_twitter-image":"","footnotes":""},"class_list":["post-17925","page","type-page","status-publish","hentry"],"yoast_head":"<!-- This site is optimized with the Yoast SEO Premium plugin v26.4 (Yoast SEO v27.6) - https:\/\/yoast.com\/product\/yoast-seo-premium-wordpress\/ -->\n<title>Student (m\/f\/d) - Lindemann Silikon<\/title>\n<meta name=\"description\" content=\"Student (m\/f\/d) | Job Offer | Helmstedt | Lindemann Silikon \u27a4 Master&#039;s Thesis \u2714 Bachelor&#039;s Thesis \u2714 Working Student \u2714 Internships \u2714\" \/>\n<meta name=\"robots\" content=\"index, follow, max-snippet:-1, max-image-preview:large, max-video-preview:-1\" \/>\n<link rel=\"canonical\" href=\"https:\/\/lindemannsilikon.de\/en\/student-mfd\/\" \/>\n<meta property=\"og:locale\" content=\"en_US\" \/>\n<meta property=\"og:type\" content=\"article\" \/>\n<meta property=\"og:title\" content=\"Student (m\/f\/d)\" \/>\n<meta property=\"og:description\" content=\"Student (m\/f\/d) | Job Offer | Helmstedt | Lindemann Silikon \u27a4 Master&#039;s Thesis \u2714 Bachelor&#039;s Thesis \u2714 Working Student \u2714 Internships \u2714\" \/>\n<meta property=\"og:url\" content=\"https:\/\/lindemannsilikon.de\/en\/student-mfd\/\" \/>\n<meta property=\"og:site_name\" content=\"Lindemann Silikon\" \/>\n<meta property=\"article:modified_time\" content=\"2026-05-01T14:37:24+00:00\" \/>\n<meta name=\"twitter:card\" content=\"summary_large_image\" \/>\n<meta name=\"twitter:label1\" content=\"Est. reading time\" \/>\n\t<meta name=\"twitter:data1\" content=\"1 minute\" \/>\n<script type=\"application\/ld+json\" class=\"yoast-schema-graph\">{\"@context\":\"https:\\\/\\\/schema.org\",\"@graph\":[{\"@type\":\"WebPage\",\"@id\":\"https:\\\/\\\/lindemannsilikon.de\\\/en\\\/student-mfd\\\/\",\"url\":\"https:\\\/\\\/lindemannsilikon.de\\\/en\\\/student-mfd\\\/\",\"name\":\"Student (m\\\/f\\\/d) - Lindemann Silikon\",\"isPartOf\":{\"@id\":\"https:\\\/\\\/lindemannsilikon.de\\\/#website\"},\"datePublished\":\"2026-05-01T09:44:12+00:00\",\"dateModified\":\"2026-05-01T14:37:24+00:00\",\"description\":\"Student (m\\\/f\\\/d) | Job Offer | Helmstedt | Lindemann Silikon \u27a4 Master's Thesis \u2714 Bachelor's Thesis \u2714 Working Student \u2714 Internships \u2714\",\"breadcrumb\":{\"@id\":\"https:\\\/\\\/lindemannsilikon.de\\\/en\\\/student-mfd\\\/#breadcrumb\"},\"inLanguage\":\"en-US\",\"potentialAction\":[{\"@type\":\"ReadAction\",\"target\":[\"https:\\\/\\\/lindemannsilikon.de\\\/en\\\/student-mfd\\\/\"]}]},{\"@type\":\"BreadcrumbList\",\"@id\":\"https:\\\/\\\/lindemannsilikon.de\\\/en\\\/student-mfd\\\/#breadcrumb\",\"itemListElement\":[{\"@type\":\"ListItem\",\"position\":1,\"name\":\"Startseite\",\"item\":\"https:\\\/\\\/lindemannsilikon.de\\\/en\\\/home\\\/\"},{\"@type\":\"ListItem\",\"position\":2,\"name\":\"Student (m\\\/f\\\/d)\"}]},{\"@type\":\"WebSite\",\"@id\":\"https:\\\/\\\/lindemannsilikon.de\\\/#website\",\"url\":\"https:\\\/\\\/lindemannsilikon.de\\\/\",\"name\":\"Lindemann Silikon\",\"description\":\"Silikonhersteller aus Deutschland\",\"publisher\":{\"@id\":\"https:\\\/\\\/lindemannsilikon.de\\\/#organization\"},\"potentialAction\":[{\"@type\":\"SearchAction\",\"target\":{\"@type\":\"EntryPoint\",\"urlTemplate\":\"https:\\\/\\\/lindemannsilikon.de\\\/?s={search_term_string}\"},\"query-input\":{\"@type\":\"PropertyValueSpecification\",\"valueRequired\":true,\"valueName\":\"search_term_string\"}}],\"inLanguage\":\"en-US\"},{\"@type\":[\"Organization\",\"LocalBusiness\",\"Manufacturer\"],\"@id\":\"https:\\\/\\\/lindemannsilikon.de\\\/#organization\",\"name\":\"Lindemann Silikon GmbH\",\"url\":\"https:\\\/\\\/lindemannsilikon.de\\\/\",\"logo\":{\"@type\":\"ImageObject\",\"inLanguage\":\"en-US\",\"@id\":\"https:\\\/\\\/lindemannsilikon.de\\\/#\\\/schema\\\/logo\\\/image\\\/\",\"url\":\"https:\\\/\\\/lindemannsilikon.de\\\/wp-content\\\/uploads\\\/2020\\\/09\\\/cropped-logo_black-2.png\",\"contentUrl\":\"https:\\\/\\\/lindemannsilikon.de\\\/wp-content\\\/uploads\\\/2020\\\/09\\\/cropped-logo_black-2.png\",\"width\":512,\"height\":512,\"caption\":\"Lindemann Silikon\"},\"image\":{\"@id\":\"https:\\\/\\\/lindemannsilikon.de\\\/#\\\/schema\\\/logo\\\/image\\\/\"},\"sameAs\":[\"https:\\\/\\\/www.linkedin.com\\\/company\\\/lindemannsilikon\"],\"legalName\":\"Lindemann Silikon GmbH\",\"email\":\"info@lindemannsilikon.de\",\"telephone\":\"+49-5351-544580\",\"vatID\":\"DE333444951\",\"address\":{\"@type\":\"PostalAddress\",\"streetAddress\":\"Dieselstr. 12\",\"postalCode\":\"38350\",\"addressLocality\":\"Helmstedt\",\"addressRegion\":\"Niedersachsen\",\"addressCountry\":\"DE\"},\"contactPoint\":[{\"@type\":\"ContactPoint\",\"telephone\":\"+49-5351-544580\",\"email\":\"info@lindemannsilikon.de\",\"contactType\":\"customer service\",\"areaServed\":[\"DE\",\"EU\",\"Worldwide\"],\"availableLanguage\":[\"de\",\"en\"]}],\"description\":\"Deutscher Hersteller von Silikonschl\u00e4uchen, Silikonprofilen und Silikonformteilen f\u00fcr Industrie, Lebensmittel-, Medizin- und Pharmatechnik.\",\"knowsAbout\":[\"Silikonschl\u00e4uche\",\"Silikonprofile\",\"Silikonformteile\",\"Silikonextrusion\",\"Silikon-Spritzguss\",\"Silikon-Coextrusion\",\"Lebensmittelechtes Silikon (BfR XV \\\/ FDA 21 CFR 177.2600)\",\"Hochtemperatur-Silikon (HT-VMQ)\",\"Fluorsilikon (FVMQ)\",\"Silikondichtungen\",\"Silikonsch\u00e4ume\",\"Silikon Pharma \\\/ Medizintechnik\"],\"slogan\":\"Silikonhersteller aus Deutschland\"}]}<\/script>\n<!-- \/ Yoast SEO Premium plugin. -->","yoast_head_json":{"title":"Student (m\/f\/d) - Lindemann Silikon","description":"Student (m\/f\/d) | Job Offer | Helmstedt | Lindemann Silikon \u27a4 Master's Thesis \u2714 Bachelor's Thesis \u2714 Working Student \u2714 Internships \u2714","robots":{"index":"index","follow":"follow","max-snippet":"max-snippet:-1","max-image-preview":"max-image-preview:large","max-video-preview":"max-video-preview:-1"},"canonical":"https:\/\/lindemannsilikon.de\/en\/student-mfd\/","og_locale":"en_US","og_type":"article","og_title":"Student (m\/f\/d)","og_description":"Student (m\/f\/d) | Job Offer | Helmstedt | Lindemann Silikon \u27a4 Master's Thesis \u2714 Bachelor's Thesis \u2714 Working Student \u2714 Internships \u2714","og_url":"https:\/\/lindemannsilikon.de\/en\/student-mfd\/","og_site_name":"Lindemann Silikon","article_modified_time":"2026-05-01T14:37:24+00:00","twitter_card":"summary_large_image","twitter_misc":{"Est. reading time":"1 minute"},"schema":{"@context":"https:\/\/schema.org","@graph":[{"@type":"WebPage","@id":"https:\/\/lindemannsilikon.de\/en\/student-mfd\/","url":"https:\/\/lindemannsilikon.de\/en\/student-mfd\/","name":"Student (m\/f\/d) - Lindemann Silikon","isPartOf":{"@id":"https:\/\/lindemannsilikon.de\/#website"},"datePublished":"2026-05-01T09:44:12+00:00","dateModified":"2026-05-01T14:37:24+00:00","description":"Student (m\/f\/d) | Job Offer | Helmstedt | Lindemann Silikon \u27a4 Master's Thesis \u2714 Bachelor's Thesis \u2714 Working Student \u2714 Internships \u2714","breadcrumb":{"@id":"https:\/\/lindemannsilikon.de\/en\/student-mfd\/#breadcrumb"},"inLanguage":"en-US","potentialAction":[{"@type":"ReadAction","target":["https:\/\/lindemannsilikon.de\/en\/student-mfd\/"]}]},{"@type":"BreadcrumbList","@id":"https:\/\/lindemannsilikon.de\/en\/student-mfd\/#breadcrumb","itemListElement":[{"@type":"ListItem","position":1,"name":"Startseite","item":"https:\/\/lindemannsilikon.de\/en\/home\/"},{"@type":"ListItem","position":2,"name":"Student (m\/f\/d)"}]},{"@type":"WebSite","@id":"https:\/\/lindemannsilikon.de\/#website","url":"https:\/\/lindemannsilikon.de\/","name":"Lindemann Silikon","description":"Silikonhersteller aus Deutschland","publisher":{"@id":"https:\/\/lindemannsilikon.de\/#organization"},"potentialAction":[{"@type":"SearchAction","target":{"@type":"EntryPoint","urlTemplate":"https:\/\/lindemannsilikon.de\/?s={search_term_string}"},"query-input":{"@type":"PropertyValueSpecification","valueRequired":true,"valueName":"search_term_string"}}],"inLanguage":"en-US"},{"@type":["Organization","LocalBusiness","Manufacturer"],"@id":"https:\/\/lindemannsilikon.de\/#organization","name":"Lindemann Silikon GmbH","url":"https:\/\/lindemannsilikon.de\/","logo":{"@type":"ImageObject","inLanguage":"en-US","@id":"https:\/\/lindemannsilikon.de\/#\/schema\/logo\/image\/","url":"https:\/\/lindemannsilikon.de\/wp-content\/uploads\/2020\/09\/cropped-logo_black-2.png","contentUrl":"https:\/\/lindemannsilikon.de\/wp-content\/uploads\/2020\/09\/cropped-logo_black-2.png","width":512,"height":512,"caption":"Lindemann Silikon"},"image":{"@id":"https:\/\/lindemannsilikon.de\/#\/schema\/logo\/image\/"},"sameAs":["https:\/\/www.linkedin.com\/company\/lindemannsilikon"],"legalName":"Lindemann Silikon GmbH","email":"info@lindemannsilikon.de","telephone":"+49-5351-544580","vatID":"DE333444951","address":{"@type":"PostalAddress","streetAddress":"Dieselstr. 12","postalCode":"38350","addressLocality":"Helmstedt","addressRegion":"Niedersachsen","addressCountry":"DE"},"contactPoint":[{"@type":"ContactPoint","telephone":"+49-5351-544580","email":"info@lindemannsilikon.de","contactType":"customer service","areaServed":["DE","EU","Worldwide"],"availableLanguage":["de","en"]}],"description":"Deutscher Hersteller von Silikonschl\u00e4uchen, Silikonprofilen und Silikonformteilen f\u00fcr Industrie, Lebensmittel-, Medizin- und Pharmatechnik.","knowsAbout":["Silikonschl\u00e4uche","Silikonprofile","Silikonformteile","Silikonextrusion","Silikon-Spritzguss","Silikon-Coextrusion","Lebensmittelechtes Silikon (BfR XV \/ FDA 21 CFR 177.2600)","Hochtemperatur-Silikon (HT-VMQ)","Fluorsilikon (FVMQ)","Silikondichtungen","Silikonsch\u00e4ume","Silikon Pharma \/ Medizintechnik"],"slogan":"Silikonhersteller aus Deutschland"}]}},"_links":{"self":[{"href":"https:\/\/lindemannsilikon.de\/en\/wp-json\/wp\/v2\/pages\/17925","targetHints":{"allow":["GET"]}}],"collection":[{"href":"https:\/\/lindemannsilikon.de\/en\/wp-json\/wp\/v2\/pages"}],"about":[{"href":"https:\/\/lindemannsilikon.de\/en\/wp-json\/wp\/v2\/types\/page"}],"author":[{"embeddable":true,"href":"https:\/\/lindemannsilikon.de\/en\/wp-json\/wp\/v2\/users\/8"}],"replies":[{"embeddable":true,"href":"https:\/\/lindemannsilikon.de\/en\/wp-json\/wp\/v2\/comments?post=17925"}],"version-history":[{"count":2,"href":"https:\/\/lindemannsilikon.de\/en\/wp-json\/wp\/v2\/pages\/17925\/revisions"}],"predecessor-version":[{"id":18094,"href":"https:\/\/lindemannsilikon.de\/en\/wp-json\/wp\/v2\/pages\/17925\/revisions\/18094"}],"wp:attachment":[{"href":"https:\/\/lindemannsilikon.de\/en\/wp-json\/wp\/v2\/media?parent=17925"}],"curies":[{"name":"wp","href":"https:\/\/api.w.org\/{rel}","templated":true}]}}